{"id":1149,"date":"2024-08-01T11:30:58","date_gmt":"2024-08-01T08:30:58","guid":{"rendered":"https:\/\/slaptameile.lt\/?post_type=product&#038;p=1149"},"modified":"2026-04-14T04:38:24","modified_gmt":"2026-04-14T01:38:24","slug":"pieninis-sokoladas-su-vafliais-ir-kardamonu-slapta-meile","status":"publish","type":"product","link":"https:\/\/slaptameile.lt\/en\/preke\/pieninis-sokoladas-su-vafliais-ir-kardamonu-slapta-meile\/","title":{"rendered":"Milk chocolate with wafers and cardamom \u201eSlapta meil\u0117\u201c"},"content":{"rendered":"<p>Kai \u017dygimanto Augusto dvaro virtuv\u0117je plu\u0161o ital\u0173 vir\u0117jai, kardamonas buvo egzotikos vir\u0161\u016bn\u0117. Dabar jis \u2013 slapto viliojimo kvapas \u0161okolado plytel\u0117je.<\/p>\n<p>Pieninis \u0161okoladas su tra\u0161kiais vafliais ir \u0161velniu kardamono prieskoniu \u2013 tai tarsi istorinis flirtas burnoje, kuriam sunku atsispirti. Sukurtas saldaini\u0173 fabriko\u00a0\u201eR\u016bta\u201c, su menininke\u00a0Julija Janus, pakuot\u0117s dizainas \u2013\u00a0Petro Saul\u0117no\u00a0k\u016brinys, paremtas tapytojos Migl\u0117s Kosinskait\u0117s Barboros portretu. .<\/p>\n<p>Svoris 70 g<\/p>\n<p>Kakavos saus\u0173j\u0173 med\u017eiag\u0173 \u2013 32 %<br \/>\nMade and manufactured in Lithuania<\/p>","protected":false},"excerpt":{"rendered":"<p>Kai \u017dygimanto Augusto dvaro virtuv\u0117je plu\u0161o ital\u0173 vir\u0117jai, kardamonas buvo egzotikos vir\u0161\u016bn\u0117. Dabar jis \u2013 slapto viliojimo kvapas \u0161okolado plytel\u0117je.<\/p>\n<p>Pieninis \u0161okoladas su tra\u0161kiais vafliais ir \u0161velniu kardamono prieskoniu \u2013 tai tarsi istorinis flirtas burnoje, kuriam sunku atsispirti. Sukurtas saldaini\u0173 fabriko\u00a0\u201eR\u016bta\u201c, su menininke\u00a0Julija Janus, pakuot\u0117s dizainas \u2013\u00a0Petro Saul\u0117no\u00a0k\u016brinys, paremtas tapytojos Migl\u0117s Kosinskait\u0117s Barboros portretu. .<\/p>\n<p>Svoris 70 g<\/p>\n<p>Kakavos saus\u0173j\u0173 med\u017eiag\u0173 \u2013 32 %<br \/>\nMade and manufactured in Lithuania<\/p>","protected":false},"featured_media":2240,"comment_status":"open","ping_status":"closed","template":"","meta":{"_acf_changed":false},"partner":[51],"product_brand":[],"product_cat":[18,28],"product_tag":[],"class_list":{"0":"post-1149","1":"product","2":"type-product","3":"status-publish","4":"has-post-thumbnail","6":"partner-saldainiu-fabrikas-ruta","7":"product_cat-karaliskoji-kolekcija","8":"product_cat-rafinuotiems-gurmanams","10":"first","11":"instock","12":"taxable","13":"shipping-taxable","14":"purchasable","15":"product-type-simple"},"acf":[],"yoast_head":"<!-- This site is optimized with the Yoast SEO plugin v27.5 - https:\/\/yoast.com\/product\/yoast-seo-wordpress\/ -->\n<title>Pieninis \u0161okoladas su vafliais ir kardamonu \u201eSlapta meil\u0117\u201c - Slapta Meil\u0117<\/title>\n<meta name=\"robots\" content=\"index, follow, max-snippet:-1, max-image-preview:large, max-video-preview:-1\" \/>\n<link rel=\"canonical\" href=\"https:\/\/slaptameile.lt\/en\/preke\/pieninis-sokoladas-su-vafliais-ir-kardamonu-slapta-meile\/\" \/>\n<meta property=\"og:locale\" content=\"en_US\" \/>\n<meta property=\"og:type\" content=\"article\" \/>\n<meta property=\"og:title\" content=\"Pieninis \u0161okoladas su vafliais ir kardamonu \u201eSlapta meil\u0117\u201c - Slapta Meil\u0117\" \/>\n<meta property=\"og:description\" content=\"Kai \u017dygimanto Augusto dvaro virtuv\u0117je plu\u0161o ital\u0173 vir\u0117jai, kardamonas buvo egzotikos vir\u0161\u016bn\u0117. Dabar jis \u2013 slapto viliojimo kvapas \u0161okolado plytel\u0117je.  Pieninis \u0161okoladas su tra\u0161kiais vafliais ir \u0161velniu kardamono prieskoniu \u2013 tai tarsi istorinis flirtas burnoje, kuriam sunku atsispirti. Sukurtas saldaini\u0173 fabriko\u00a0\u201eR\u016bta\u201c, su menininke\u00a0Julija Janus, pakuot\u0117s dizainas \u2013\u00a0Petro Saul\u0117no\u00a0k\u016brinys, paremtas tapytojos Migl\u0117s Kosinskait\u0117s Barboros portretu. .  Svoris 70 g  Kakavos saus\u0173j\u0173 med\u017eiag\u0173 \u2013 32 % Sukurta ir pagaminta Lietuvoje\" \/>\n<meta property=\"og:url\" content=\"https:\/\/slaptameile.lt\/en\/preke\/pieninis-sokoladas-su-vafliais-ir-kardamonu-slapta-meile\/\" \/>\n<meta property=\"og:site_name\" content=\"Slapta Meil\u0117\" \/>\n<meta property=\"article:publisher\" content=\"https:\/\/www.facebook.com\/SlaptaMeileBarbora\" \/>\n<meta property=\"article:modified_time\" content=\"2026-04-14T01:38:24+00:00\" \/>\n<meta property=\"og:image\" content=\"https:\/\/slaptameile.lt\/wp-content\/uploads\/2024\/08\/Sokoladas-Produkto-Ruta-Slapta-meile-01-1.jpg\" \/>\n\t<meta property=\"og:image:width\" content=\"2250\" \/>\n\t<meta property=\"og:image:height\" content=\"3000\" \/>\n\t<meta property=\"og:image:type\" content=\"image\/jpeg\" \/>\n<meta name=\"twitter:card\" content=\"summary_large_image\" \/>\n<script type=\"application\/ld+json\" class=\"yoast-schema-graph\">{\"@context\":\"https:\\\/\\\/schema.org\",\"@graph\":[{\"@type\":\"WebPage\",\"@id\":\"https:\\\/\\\/slaptameile.lt\\\/preke\\\/pieninis-sokoladas-su-vafliais-ir-kardamonu-slapta-meile\\\/\",\"url\":\"https:\\\/\\\/slaptameile.lt\\\/preke\\\/pieninis-sokoladas-su-vafliais-ir-kardamonu-slapta-meile\\\/\",\"name\":\"Pieninis \u0161okoladas su vafliais ir kardamonu \u201eSlapta meil\u0117\u201c - Slapta Meil\u0117\",\"isPartOf\":{\"@id\":\"https:\\\/\\\/slaptameile.lt\\\/#website\"},\"primaryImageOfPage\":{\"@id\":\"https:\\\/\\\/slaptameile.lt\\\/preke\\\/pieninis-sokoladas-su-vafliais-ir-kardamonu-slapta-meile\\\/#primaryimage\"},\"image\":{\"@id\":\"https:\\\/\\\/slaptameile.lt\\\/preke\\\/pieninis-sokoladas-su-vafliais-ir-kardamonu-slapta-meile\\\/#primaryimage\"},\"thumbnailUrl\":\"https:\\\/\\\/slaptameile.lt\\\/wp-content\\\/uploads\\\/2024\\\/08\\\/Sokoladas-Produkto-Ruta-Slapta-meile-01-1.jpg\",\"datePublished\":\"2024-08-01T08:30:58+00:00\",\"dateModified\":\"2026-04-14T01:38:24+00:00\",\"breadcrumb\":{\"@id\":\"https:\\\/\\\/slaptameile.lt\\\/preke\\\/pieninis-sokoladas-su-vafliais-ir-kardamonu-slapta-meile\\\/#breadcrumb\"},\"inLanguage\":\"en-US\",\"potentialAction\":[{\"@type\":\"ReadAction\",\"target\":[\"https:\\\/\\\/slaptameile.lt\\\/preke\\\/pieninis-sokoladas-su-vafliais-ir-kardamonu-slapta-meile\\\/\"]}]},{\"@type\":\"ImageObject\",\"inLanguage\":\"en-US\",\"@id\":\"https:\\\/\\\/slaptameile.lt\\\/preke\\\/pieninis-sokoladas-su-vafliais-ir-kardamonu-slapta-meile\\\/#primaryimage\",\"url\":\"https:\\\/\\\/slaptameile.lt\\\/wp-content\\\/uploads\\\/2024\\\/08\\\/Sokoladas-Produkto-Ruta-Slapta-meile-01-1.jpg\",\"contentUrl\":\"https:\\\/\\\/slaptameile.lt\\\/wp-content\\\/uploads\\\/2024\\\/08\\\/Sokoladas-Produkto-Ruta-Slapta-meile-01-1.jpg\",\"width\":2250,\"height\":3000},{\"@type\":\"BreadcrumbList\",\"@id\":\"https:\\\/\\\/slaptameile.lt\\\/preke\\\/pieninis-sokoladas-su-vafliais-ir-kardamonu-slapta-meile\\\/#breadcrumb\",\"itemListElement\":[{\"@type\":\"ListItem\",\"position\":1,\"name\":\"Home\",\"item\":\"https:\\\/\\\/slaptameile.lt\\\/\"},{\"@type\":\"ListItem\",\"position\":2,\"name\":\"Parduotuv\u0117\",\"item\":\"https:\\\/\\\/slaptameile.lt\\\/parduotuve\\\/\"},{\"@type\":\"ListItem\",\"position\":3,\"name\":\"Pieninis \u0161okoladas su vafliais ir kardamonu \u201eSlapta meil\u0117\u201c\"}]},{\"@type\":\"WebSite\",\"@id\":\"https:\\\/\\\/slaptameile.lt\\\/#website\",\"url\":\"https:\\\/\\\/slaptameile.lt\\\/\",\"name\":\"Slapta Meil\u0117\",\"description\":\"\",\"publisher\":{\"@id\":\"https:\\\/\\\/slaptameile.lt\\\/#organization\"},\"potentialAction\":[{\"@type\":\"SearchAction\",\"target\":{\"@type\":\"EntryPoint\",\"urlTemplate\":\"https:\\\/\\\/slaptameile.lt\\\/?s={search_term_string}\"},\"query-input\":{\"@type\":\"PropertyValueSpecification\",\"valueRequired\":true,\"valueName\":\"search_term_string\"}}],\"inLanguage\":\"en-US\"},{\"@type\":\"Organization\",\"@id\":\"https:\\\/\\\/slaptameile.lt\\\/#organization\",\"name\":\"Slapta Meil\u0117\",\"url\":\"https:\\\/\\\/slaptameile.lt\\\/\",\"logo\":{\"@type\":\"ImageObject\",\"inLanguage\":\"en-US\",\"@id\":\"https:\\\/\\\/slaptameile.lt\\\/#\\\/schema\\\/logo\\\/image\\\/\",\"url\":\"https:\\\/\\\/slaptameile.lt\\\/wp-content\\\/uploads\\\/2026\\\/04\\\/sm-logo.jpg\",\"contentUrl\":\"https:\\\/\\\/slaptameile.lt\\\/wp-content\\\/uploads\\\/2026\\\/04\\\/sm-logo.jpg\",\"width\":810,\"height\":380,\"caption\":\"Slapta Meil\u0117\"},\"image\":{\"@id\":\"https:\\\/\\\/slaptameile.lt\\\/#\\\/schema\\\/logo\\\/image\\\/\"},\"sameAs\":[\"https:\\\/\\\/www.facebook.com\\\/SlaptaMeileBarbora\",\"https:\\\/\\\/www.instagram.com\\\/slaptameile\",\"https:\\\/\\\/www.tiktok.com\\\/@slaptameile1\"]}]}<\/script>\n<!-- \/ Yoast SEO plugin. -->","yoast_head_json":{"title":"Pieninis \u0161okoladas su vafliais ir kardamonu \u201eSlapta meil\u0117\u201c - Slapta Meil\u0117","robots":{"index":"index","follow":"follow","max-snippet":"max-snippet:-1","max-image-preview":"max-image-preview:large","max-video-preview":"max-video-preview:-1"},"canonical":"https:\/\/slaptameile.lt\/en\/preke\/pieninis-sokoladas-su-vafliais-ir-kardamonu-slapta-meile\/","og_locale":"en_US","og_type":"article","og_title":"Pieninis \u0161okoladas su vafliais ir kardamonu \u201eSlapta meil\u0117\u201c - Slapta Meil\u0117","og_description":"Kai \u017dygimanto Augusto dvaro virtuv\u0117je plu\u0161o ital\u0173 vir\u0117jai, kardamonas buvo egzotikos vir\u0161\u016bn\u0117. Dabar jis \u2013 slapto viliojimo kvapas \u0161okolado plytel\u0117je.  Pieninis \u0161okoladas su tra\u0161kiais vafliais ir \u0161velniu kardamono prieskoniu \u2013 tai tarsi istorinis flirtas burnoje, kuriam sunku atsispirti. Sukurtas saldaini\u0173 fabriko\u00a0\u201eR\u016bta\u201c, su menininke\u00a0Julija Janus, pakuot\u0117s dizainas \u2013\u00a0Petro Saul\u0117no\u00a0k\u016brinys, paremtas tapytojos Migl\u0117s Kosinskait\u0117s Barboros portretu. .  Svoris 70 g  Kakavos saus\u0173j\u0173 med\u017eiag\u0173 \u2013 32 % Sukurta ir pagaminta Lietuvoje","og_url":"https:\/\/slaptameile.lt\/en\/preke\/pieninis-sokoladas-su-vafliais-ir-kardamonu-slapta-meile\/","og_site_name":"Slapta Meil\u0117","article_publisher":"https:\/\/www.facebook.com\/SlaptaMeileBarbora","article_modified_time":"2026-04-14T01:38:24+00:00","og_image":[{"width":2250,"height":3000,"url":"https:\/\/slaptameile.lt\/wp-content\/uploads\/2024\/08\/Sokoladas-Produkto-Ruta-Slapta-meile-01-1.jpg","type":"image\/jpeg"}],"twitter_card":"summary_large_image","schema":{"@context":"https:\/\/schema.org","@graph":[{"@type":"WebPage","@id":"https:\/\/slaptameile.lt\/preke\/pieninis-sokoladas-su-vafliais-ir-kardamonu-slapta-meile\/","url":"https:\/\/slaptameile.lt\/preke\/pieninis-sokoladas-su-vafliais-ir-kardamonu-slapta-meile\/","name":"Pieninis \u0161okoladas su vafliais ir kardamonu \u201eSlapta meil\u0117\u201c - Slapta Meil\u0117","isPartOf":{"@id":"https:\/\/slaptameile.lt\/#website"},"primaryImageOfPage":{"@id":"https:\/\/slaptameile.lt\/preke\/pieninis-sokoladas-su-vafliais-ir-kardamonu-slapta-meile\/#primaryimage"},"image":{"@id":"https:\/\/slaptameile.lt\/preke\/pieninis-sokoladas-su-vafliais-ir-kardamonu-slapta-meile\/#primaryimage"},"thumbnailUrl":"https:\/\/slaptameile.lt\/wp-content\/uploads\/2024\/08\/Sokoladas-Produkto-Ruta-Slapta-meile-01-1.jpg","datePublished":"2024-08-01T08:30:58+00:00","dateModified":"2026-04-14T01:38:24+00:00","breadcrumb":{"@id":"https:\/\/slaptameile.lt\/preke\/pieninis-sokoladas-su-vafliais-ir-kardamonu-slapta-meile\/#breadcrumb"},"inLanguage":"en-US","potentialAction":[{"@type":"ReadAction","target":["https:\/\/slaptameile.lt\/preke\/pieninis-sokoladas-su-vafliais-ir-kardamonu-slapta-meile\/"]}]},{"@type":"ImageObject","inLanguage":"en-US","@id":"https:\/\/slaptameile.lt\/preke\/pieninis-sokoladas-su-vafliais-ir-kardamonu-slapta-meile\/#primaryimage","url":"https:\/\/slaptameile.lt\/wp-content\/uploads\/2024\/08\/Sokoladas-Produkto-Ruta-Slapta-meile-01-1.jpg","contentUrl":"https:\/\/slaptameile.lt\/wp-content\/uploads\/2024\/08\/Sokoladas-Produkto-Ruta-Slapta-meile-01-1.jpg","width":2250,"height":3000},{"@type":"BreadcrumbList","@id":"https:\/\/slaptameile.lt\/preke\/pieninis-sokoladas-su-vafliais-ir-kardamonu-slapta-meile\/#breadcrumb","itemListElement":[{"@type":"ListItem","position":1,"name":"Home","item":"https:\/\/slaptameile.lt\/"},{"@type":"ListItem","position":2,"name":"Parduotuv\u0117","item":"https:\/\/slaptameile.lt\/parduotuve\/"},{"@type":"ListItem","position":3,"name":"Pieninis \u0161okoladas su vafliais ir kardamonu \u201eSlapta meil\u0117\u201c"}]},{"@type":"WebSite","@id":"https:\/\/slaptameile.lt\/#website","url":"https:\/\/slaptameile.lt\/","name":"Secret Love","description":"","publisher":{"@id":"https:\/\/slaptameile.lt\/#organization"},"potentialAction":[{"@type":"SearchAction","target":{"@type":"EntryPoint","urlTemplate":"https:\/\/slaptameile.lt\/?s={search_term_string}"},"query-input":{"@type":"PropertyValueSpecification","valueRequired":true,"valueName":"search_term_string"}}],"inLanguage":"en-US"},{"@type":"Organization","@id":"https:\/\/slaptameile.lt\/#organization","name":"Secret Love","url":"https:\/\/slaptameile.lt\/","logo":{"@type":"ImageObject","inLanguage":"en-US","@id":"https:\/\/slaptameile.lt\/#\/schema\/logo\/image\/","url":"https:\/\/slaptameile.lt\/wp-content\/uploads\/2026\/04\/sm-logo.jpg","contentUrl":"https:\/\/slaptameile.lt\/wp-content\/uploads\/2026\/04\/sm-logo.jpg","width":810,"height":380,"caption":"Slapta Meil\u0117"},"image":{"@id":"https:\/\/slaptameile.lt\/#\/schema\/logo\/image\/"},"sameAs":["https:\/\/www.facebook.com\/SlaptaMeileBarbora","https:\/\/www.instagram.com\/slaptameile","https:\/\/www.tiktok.com\/@slaptameile1"]}]}},"_links":{"self":[{"href":"https:\/\/slaptameile.lt\/en\/wp-json\/wp\/v2\/product\/1149","targetHints":{"allow":["GET"]}}],"collection":[{"href":"https:\/\/slaptameile.lt\/en\/wp-json\/wp\/v2\/product"}],"about":[{"href":"https:\/\/slaptameile.lt\/en\/wp-json\/wp\/v2\/types\/product"}],"replies":[{"embeddable":true,"href":"https:\/\/slaptameile.lt\/en\/wp-json\/wp\/v2\/comments?post=1149"}],"wp:featuredmedia":[{"embeddable":true,"href":"https:\/\/slaptameile.lt\/en\/wp-json\/wp\/v2\/media\/2240"}],"wp:attachment":[{"href":"https:\/\/slaptameile.lt\/en\/wp-json\/wp\/v2\/media?parent=1149"}],"wp:term":[{"taxonomy":"partner","embeddable":true,"href":"https:\/\/slaptameile.lt\/en\/wp-json\/wp\/v2\/partner?post=1149"},{"taxonomy":"product_brand","embeddable":true,"href":"https:\/\/slaptameile.lt\/en\/wp-json\/wp\/v2\/product_brand?post=1149"},{"taxonomy":"product_cat","embeddable":true,"href":"https:\/\/slaptameile.lt\/en\/wp-json\/wp\/v2\/product_cat?post=1149"},{"taxonomy":"product_tag","embeddable":true,"href":"https:\/\/slaptameile.lt\/en\/wp-json\/wp\/v2\/product_tag?post=1149"}],"curies":[{"name":"wp","href":"https:\/\/api.w.org\/{rel}","templated":true}]}}