{"id":1145,"date":"2024-08-01T12:00:27","date_gmt":"2024-08-01T09:00:27","guid":{"rendered":"https:\/\/slaptameile.lt\/?post_type=product&#038;p=1145"},"modified":"2026-04-15T08:53:24","modified_gmt":"2026-04-15T05:53:24","slug":"juodojo-sokolado-saldainiai-slapta-meile-su-apelsinais-ir-juros-druska","status":"publish","type":"product","link":"https:\/\/slaptameile.lt\/en\/preke\/juodojo-sokolado-saldainiai-slapta-meile-su-apelsinais-ir-juros-druska\/","title":{"rendered":"Slapta meil\u0117 dark chocolate sweets with oranges and sea salt"},"content":{"rendered":"<p>Kai Barbora Radvilait\u0117 nor\u0117jo saldumyn\u0173 \u2013 \u017dygimantas Augustas si\u0173sdavo apelsin\u0173. XVI am\u017eiuje meil\u0117, kaip ir citrusai \u2013 buvo reikalas brangus ir rizikingas.<\/p>\n<p>\u0160ie juodojo \u0161okolado saldainiai su apelsinais, j\u016bros druska ir migdolais \u2013 nedidel\u0117 gastronomin\u0117 intriga, kuri\u0105 pasl\u0117ptum stal\u010diuje, kad sve\u010diai \u201enety\u010dia\u201c nepasteb\u0117t\u0173 ir nesuvalgyt\u0173.<\/p>\n<p>Skonis \u2013 viliojantis, net \u0161iek tiek aristokrati\u0161kai \u012f\u017e\u016blus. Sald\u017eiar\u016bg\u0161tis apelsinas flirtuoja su j\u016bros druska, o juodasis \u0161okoladas (55 % kakavos) ramiai stebi, kaip visa tai virsta ma\u017eyte \u0161iuolaikine avanti\u016bra tavo gomuriui.<\/p>\n<p>Pakuot\u0119 puo\u0161ia Migl\u0117s Kosinskait\u0117s tapybos fragmentas i\u0161 portreto, kuriame \u2013 Barbora ir Augustas. Tai menas, kuris nepakabintas ant sienos, o pad\u0117tas prie kavos. Dizainas \u2013 Petro Saul\u0117no, tod\u0117l net d\u0117\u017eut\u0117 atrodo taip, lyg tur\u0117tum j\u0105 palikti palikuoniams.<\/p>\n<p>Tobula dovana tiems, kurie m\u0117gsta istorij\u0105, bet dar labiau m\u0117gsta \u0161okolad\u0105.<br \/>\nSvoris: 130 g<br \/>\nMade and manufactured in Lithuania<\/p>","protected":false},"excerpt":{"rendered":"<p>Kai Barbora Radvilait\u0117 nor\u0117jo saldumyn\u0173 \u2013 \u017dygimantas Augustas si\u0173sdavo apelsin\u0173. XVI am\u017eiuje meil\u0117, kaip ir citrusai \u2013 buvo reikalas brangus ir rizikingas.<\/p>\n<p>\u0160ie juodojo \u0161okolado saldainiai su apelsinais, j\u016bros druska ir migdolais \u2013 nedidel\u0117 gastronomin\u0117 intriga, kuri\u0105 pasl\u0117ptum stal\u010diuje, kad sve\u010diai \u201enety\u010dia\u201c nepasteb\u0117t\u0173 ir nesuvalgyt\u0173.<\/p>\n<p>Skonis \u2013 viliojantis, net \u0161iek tiek aristokrati\u0161kai \u012f\u017e\u016blus. Sald\u017eiar\u016bg\u0161tis apelsinas flirtuoja su j\u016bros druska, o juodasis \u0161okoladas (55 % kakavos) ramiai stebi, kaip visa tai virsta ma\u017eyte \u0161iuolaikine avanti\u016bra tavo gomuriui.<\/p>\n<p>Pakuot\u0119 puo\u0161ia Migl\u0117s Kosinskait\u0117s tapybos fragmentas i\u0161 portreto, kuriame \u2013 Barbora ir Augustas. Tai menas, kuris nepakabintas ant sienos, o pad\u0117tas prie kavos. Dizainas \u2013 Petro Saul\u0117no, tod\u0117l net d\u0117\u017eut\u0117 atrodo taip, lyg tur\u0117tum j\u0105 palikti palikuoniams.<\/p>\n<p>Tobula dovana tiems, kurie m\u0117gsta istorij\u0105, bet dar labiau m\u0117gsta \u0161okolad\u0105.<br \/>\nMade and manufactured in Lithuania<\/p>","protected":false},"featured_media":2233,"comment_status":"open","ping_status":"closed","template":"","meta":{"_acf_changed":false},"partner":[51],"product_brand":[],"product_cat":[18,28],"product_tag":[],"class_list":{"0":"post-1145","1":"product","2":"type-product","3":"status-publish","4":"has-post-thumbnail","6":"partner-saldainiu-fabrikas-ruta","7":"product_cat-karaliskoji-kolekcija","8":"product_cat-rafinuotiems-gurmanams","10":"first","11":"instock","12":"taxable","13":"shipping-taxable","14":"purchasable","15":"product-type-simple"},"acf":[],"yoast_head":"<!-- This site is optimized with the Yoast SEO plugin v27.5 - https:\/\/yoast.com\/product\/yoast-seo-wordpress\/ -->\n<title>Juodojo \u0161okolado saldainiai \u201eSlapta meil\u0117\u201c su apelsinais ir j\u016bros druska - Slapta Meil\u0117<\/title>\n<meta name=\"robots\" content=\"index, follow, max-snippet:-1, max-image-preview:large, max-video-preview:-1\" \/>\n<link rel=\"canonical\" href=\"https:\/\/slaptameile.lt\/en\/preke\/juodojo-sokolado-saldainiai-slapta-meile-su-apelsinais-ir-juros-druska\/\" \/>\n<meta property=\"og:locale\" content=\"en_US\" \/>\n<meta property=\"og:type\" content=\"article\" \/>\n<meta property=\"og:title\" content=\"Juodojo \u0161okolado saldainiai \u201eSlapta meil\u0117\u201c su apelsinais ir j\u016bros druska - Slapta Meil\u0117\" \/>\n<meta property=\"og:description\" content=\"Kai Barbora Radvilait\u0117 nor\u0117jo saldumyn\u0173 \u2013 \u017dygimantas Augustas si\u0173sdavo apelsin\u0173. XVI am\u017eiuje meil\u0117, kaip ir citrusai \u2013 buvo reikalas brangus ir rizikingas.  \u0160ie juodojo \u0161okolado saldainiai su apelsinais, j\u016bros druska ir migdolais \u2013 nedidel\u0117 gastronomin\u0117 intriga, kuri\u0105 pasl\u0117ptum stal\u010diuje, kad sve\u010diai \u201enety\u010dia\u201c nepasteb\u0117t\u0173 ir nesuvalgyt\u0173.  Skonis \u2013 viliojantis, net \u0161iek tiek aristokrati\u0161kai \u012f\u017e\u016blus. Sald\u017eiar\u016bg\u0161tis apelsinas flirtuoja su j\u016bros druska, o juodasis \u0161okoladas (55 % kakavos) ramiai stebi, kaip visa tai virsta ma\u017eyte \u0161iuolaikine avanti\u016bra tavo gomuriui.  Pakuot\u0119 puo\u0161ia Migl\u0117s Kosinskait\u0117s tapybos fragmentas i\u0161 portreto, kuriame \u2013 Barbora ir Augustas. Tai menas, kuris nepakabintas ant sienos, o pad\u0117tas prie kavos. Dizainas \u2013 Petro Saul\u0117no, tod\u0117l net d\u0117\u017eut\u0117 atrodo taip, lyg tur\u0117tum j\u0105 palikti palikuoniams.  Tobula dovana tiems, kurie m\u0117gsta istorij\u0105, bet dar labiau m\u0117gsta \u0161okolad\u0105. Sukurta ir pagaminta Lietuvoje\" \/>\n<meta property=\"og:url\" content=\"https:\/\/slaptameile.lt\/en\/preke\/juodojo-sokolado-saldainiai-slapta-meile-su-apelsinais-ir-juros-druska\/\" \/>\n<meta property=\"og:site_name\" content=\"Slapta Meil\u0117\" \/>\n<meta property=\"article:publisher\" content=\"https:\/\/www.facebook.com\/SlaptaMeileBarbora\" \/>\n<meta property=\"article:modified_time\" content=\"2026-04-15T05:53:24+00:00\" \/>\n<meta property=\"og:image\" content=\"https:\/\/slaptameile.lt\/wp-content\/uploads\/2024\/08\/Saldainiai-Produkto-Ruta-Slapta-meile-01.jpg\" \/>\n\t<meta property=\"og:image:width\" content=\"2250\" \/>\n\t<meta property=\"og:image:height\" content=\"3000\" \/>\n\t<meta property=\"og:image:type\" content=\"image\/jpeg\" \/>\n<meta name=\"twitter:card\" content=\"summary_large_image\" \/>\n<meta name=\"twitter:label1\" content=\"Est. reading time\" \/>\n\t<meta name=\"twitter:data1\" content=\"1 minute\" \/>\n<script type=\"application\/ld+json\" class=\"yoast-schema-graph\">{\"@context\":\"https:\\\/\\\/schema.org\",\"@graph\":[{\"@type\":\"WebPage\",\"@id\":\"https:\\\/\\\/slaptameile.lt\\\/preke\\\/juodojo-sokolado-saldainiai-slapta-meile-su-apelsinais-ir-juros-druska\\\/\",\"url\":\"https:\\\/\\\/slaptameile.lt\\\/preke\\\/juodojo-sokolado-saldainiai-slapta-meile-su-apelsinais-ir-juros-druska\\\/\",\"name\":\"Juodojo \u0161okolado saldainiai \u201eSlapta meil\u0117\u201c su apelsinais ir j\u016bros druska - Slapta Meil\u0117\",\"isPartOf\":{\"@id\":\"https:\\\/\\\/slaptameile.lt\\\/#website\"},\"primaryImageOfPage\":{\"@id\":\"https:\\\/\\\/slaptameile.lt\\\/preke\\\/juodojo-sokolado-saldainiai-slapta-meile-su-apelsinais-ir-juros-druska\\\/#primaryimage\"},\"image\":{\"@id\":\"https:\\\/\\\/slaptameile.lt\\\/preke\\\/juodojo-sokolado-saldainiai-slapta-meile-su-apelsinais-ir-juros-druska\\\/#primaryimage\"},\"thumbnailUrl\":\"https:\\\/\\\/slaptameile.lt\\\/wp-content\\\/uploads\\\/2024\\\/08\\\/Saldainiai-Produkto-Ruta-Slapta-meile-01.jpg\",\"datePublished\":\"2024-08-01T09:00:27+00:00\",\"dateModified\":\"2026-04-15T05:53:24+00:00\",\"breadcrumb\":{\"@id\":\"https:\\\/\\\/slaptameile.lt\\\/preke\\\/juodojo-sokolado-saldainiai-slapta-meile-su-apelsinais-ir-juros-druska\\\/#breadcrumb\"},\"inLanguage\":\"en-US\",\"potentialAction\":[{\"@type\":\"ReadAction\",\"target\":[\"https:\\\/\\\/slaptameile.lt\\\/preke\\\/juodojo-sokolado-saldainiai-slapta-meile-su-apelsinais-ir-juros-druska\\\/\"]}]},{\"@type\":\"ImageObject\",\"inLanguage\":\"en-US\",\"@id\":\"https:\\\/\\\/slaptameile.lt\\\/preke\\\/juodojo-sokolado-saldainiai-slapta-meile-su-apelsinais-ir-juros-druska\\\/#primaryimage\",\"url\":\"https:\\\/\\\/slaptameile.lt\\\/wp-content\\\/uploads\\\/2024\\\/08\\\/Saldainiai-Produkto-Ruta-Slapta-meile-01.jpg\",\"contentUrl\":\"https:\\\/\\\/slaptameile.lt\\\/wp-content\\\/uploads\\\/2024\\\/08\\\/Saldainiai-Produkto-Ruta-Slapta-meile-01.jpg\",\"width\":2250,\"height\":3000},{\"@type\":\"BreadcrumbList\",\"@id\":\"https:\\\/\\\/slaptameile.lt\\\/preke\\\/juodojo-sokolado-saldainiai-slapta-meile-su-apelsinais-ir-juros-druska\\\/#breadcrumb\",\"itemListElement\":[{\"@type\":\"ListItem\",\"position\":1,\"name\":\"Home\",\"item\":\"https:\\\/\\\/slaptameile.lt\\\/\"},{\"@type\":\"ListItem\",\"position\":2,\"name\":\"Parduotuv\u0117\",\"item\":\"https:\\\/\\\/slaptameile.lt\\\/parduotuve\\\/\"},{\"@type\":\"ListItem\",\"position\":3,\"name\":\"Juodojo \u0161okolado saldainiai \u201eSlapta meil\u0117\u201c su apelsinais ir j\u016bros druska\"}]},{\"@type\":\"WebSite\",\"@id\":\"https:\\\/\\\/slaptameile.lt\\\/#website\",\"url\":\"https:\\\/\\\/slaptameile.lt\\\/\",\"name\":\"Slapta Meil\u0117\",\"description\":\"\",\"publisher\":{\"@id\":\"https:\\\/\\\/slaptameile.lt\\\/#organization\"},\"potentialAction\":[{\"@type\":\"SearchAction\",\"target\":{\"@type\":\"EntryPoint\",\"urlTemplate\":\"https:\\\/\\\/slaptameile.lt\\\/?s={search_term_string}\"},\"query-input\":{\"@type\":\"PropertyValueSpecification\",\"valueRequired\":true,\"valueName\":\"search_term_string\"}}],\"inLanguage\":\"en-US\"},{\"@type\":\"Organization\",\"@id\":\"https:\\\/\\\/slaptameile.lt\\\/#organization\",\"name\":\"Slapta Meil\u0117\",\"url\":\"https:\\\/\\\/slaptameile.lt\\\/\",\"logo\":{\"@type\":\"ImageObject\",\"inLanguage\":\"en-US\",\"@id\":\"https:\\\/\\\/slaptameile.lt\\\/#\\\/schema\\\/logo\\\/image\\\/\",\"url\":\"https:\\\/\\\/slaptameile.lt\\\/wp-content\\\/uploads\\\/2026\\\/04\\\/sm-logo.jpg\",\"contentUrl\":\"https:\\\/\\\/slaptameile.lt\\\/wp-content\\\/uploads\\\/2026\\\/04\\\/sm-logo.jpg\",\"width\":810,\"height\":380,\"caption\":\"Slapta Meil\u0117\"},\"image\":{\"@id\":\"https:\\\/\\\/slaptameile.lt\\\/#\\\/schema\\\/logo\\\/image\\\/\"},\"sameAs\":[\"https:\\\/\\\/www.facebook.com\\\/SlaptaMeileBarbora\",\"https:\\\/\\\/www.instagram.com\\\/slaptameile\",\"https:\\\/\\\/www.tiktok.com\\\/@slaptameile1\"]}]}<\/script>\n<!-- \/ Yoast SEO plugin. -->","yoast_head_json":{"title":"Juodojo \u0161okolado saldainiai \u201eSlapta meil\u0117\u201c su apelsinais ir j\u016bros druska - Slapta Meil\u0117","robots":{"index":"index","follow":"follow","max-snippet":"max-snippet:-1","max-image-preview":"max-image-preview:large","max-video-preview":"max-video-preview:-1"},"canonical":"https:\/\/slaptameile.lt\/en\/preke\/juodojo-sokolado-saldainiai-slapta-meile-su-apelsinais-ir-juros-druska\/","og_locale":"en_US","og_type":"article","og_title":"Juodojo \u0161okolado saldainiai \u201eSlapta meil\u0117\u201c su apelsinais ir j\u016bros druska - Slapta Meil\u0117","og_description":"Kai Barbora Radvilait\u0117 nor\u0117jo saldumyn\u0173 \u2013 \u017dygimantas Augustas si\u0173sdavo apelsin\u0173. XVI am\u017eiuje meil\u0117, kaip ir citrusai \u2013 buvo reikalas brangus ir rizikingas.  \u0160ie juodojo \u0161okolado saldainiai su apelsinais, j\u016bros druska ir migdolais \u2013 nedidel\u0117 gastronomin\u0117 intriga, kuri\u0105 pasl\u0117ptum stal\u010diuje, kad sve\u010diai \u201enety\u010dia\u201c nepasteb\u0117t\u0173 ir nesuvalgyt\u0173.  Skonis \u2013 viliojantis, net \u0161iek tiek aristokrati\u0161kai \u012f\u017e\u016blus. Sald\u017eiar\u016bg\u0161tis apelsinas flirtuoja su j\u016bros druska, o juodasis \u0161okoladas (55 % kakavos) ramiai stebi, kaip visa tai virsta ma\u017eyte \u0161iuolaikine avanti\u016bra tavo gomuriui.  Pakuot\u0119 puo\u0161ia Migl\u0117s Kosinskait\u0117s tapybos fragmentas i\u0161 portreto, kuriame \u2013 Barbora ir Augustas. Tai menas, kuris nepakabintas ant sienos, o pad\u0117tas prie kavos. Dizainas \u2013 Petro Saul\u0117no, tod\u0117l net d\u0117\u017eut\u0117 atrodo taip, lyg tur\u0117tum j\u0105 palikti palikuoniams.  Tobula dovana tiems, kurie m\u0117gsta istorij\u0105, bet dar labiau m\u0117gsta \u0161okolad\u0105. Sukurta ir pagaminta Lietuvoje","og_url":"https:\/\/slaptameile.lt\/en\/preke\/juodojo-sokolado-saldainiai-slapta-meile-su-apelsinais-ir-juros-druska\/","og_site_name":"Slapta Meil\u0117","article_publisher":"https:\/\/www.facebook.com\/SlaptaMeileBarbora","article_modified_time":"2026-04-15T05:53:24+00:00","og_image":[{"width":2250,"height":3000,"url":"https:\/\/slaptameile.lt\/wp-content\/uploads\/2024\/08\/Saldainiai-Produkto-Ruta-Slapta-meile-01.jpg","type":"image\/jpeg"}],"twitter_card":"summary_large_image","twitter_misc":{"Est. reading time":"1 minute"},"schema":{"@context":"https:\/\/schema.org","@graph":[{"@type":"WebPage","@id":"https:\/\/slaptameile.lt\/preke\/juodojo-sokolado-saldainiai-slapta-meile-su-apelsinais-ir-juros-druska\/","url":"https:\/\/slaptameile.lt\/preke\/juodojo-sokolado-saldainiai-slapta-meile-su-apelsinais-ir-juros-druska\/","name":"Juodojo \u0161okolado saldainiai \u201eSlapta meil\u0117\u201c su apelsinais ir j\u016bros druska - Slapta Meil\u0117","isPartOf":{"@id":"https:\/\/slaptameile.lt\/#website"},"primaryImageOfPage":{"@id":"https:\/\/slaptameile.lt\/preke\/juodojo-sokolado-saldainiai-slapta-meile-su-apelsinais-ir-juros-druska\/#primaryimage"},"image":{"@id":"https:\/\/slaptameile.lt\/preke\/juodojo-sokolado-saldainiai-slapta-meile-su-apelsinais-ir-juros-druska\/#primaryimage"},"thumbnailUrl":"https:\/\/slaptameile.lt\/wp-content\/uploads\/2024\/08\/Saldainiai-Produkto-Ruta-Slapta-meile-01.jpg","datePublished":"2024-08-01T09:00:27+00:00","dateModified":"2026-04-15T05:53:24+00:00","breadcrumb":{"@id":"https:\/\/slaptameile.lt\/preke\/juodojo-sokolado-saldainiai-slapta-meile-su-apelsinais-ir-juros-druska\/#breadcrumb"},"inLanguage":"en-US","potentialAction":[{"@type":"ReadAction","target":["https:\/\/slaptameile.lt\/preke\/juodojo-sokolado-saldainiai-slapta-meile-su-apelsinais-ir-juros-druska\/"]}]},{"@type":"ImageObject","inLanguage":"en-US","@id":"https:\/\/slaptameile.lt\/preke\/juodojo-sokolado-saldainiai-slapta-meile-su-apelsinais-ir-juros-druska\/#primaryimage","url":"https:\/\/slaptameile.lt\/wp-content\/uploads\/2024\/08\/Saldainiai-Produkto-Ruta-Slapta-meile-01.jpg","contentUrl":"https:\/\/slaptameile.lt\/wp-content\/uploads\/2024\/08\/Saldainiai-Produkto-Ruta-Slapta-meile-01.jpg","width":2250,"height":3000},{"@type":"BreadcrumbList","@id":"https:\/\/slaptameile.lt\/preke\/juodojo-sokolado-saldainiai-slapta-meile-su-apelsinais-ir-juros-druska\/#breadcrumb","itemListElement":[{"@type":"ListItem","position":1,"name":"Home","item":"https:\/\/slaptameile.lt\/"},{"@type":"ListItem","position":2,"name":"Parduotuv\u0117","item":"https:\/\/slaptameile.lt\/parduotuve\/"},{"@type":"ListItem","position":3,"name":"Juodojo \u0161okolado saldainiai \u201eSlapta meil\u0117\u201c su apelsinais ir j\u016bros druska"}]},{"@type":"WebSite","@id":"https:\/\/slaptameile.lt\/#website","url":"https:\/\/slaptameile.lt\/","name":"Secret Love","description":"","publisher":{"@id":"https:\/\/slaptameile.lt\/#organization"},"potentialAction":[{"@type":"SearchAction","target":{"@type":"EntryPoint","urlTemplate":"https:\/\/slaptameile.lt\/?s={search_term_string}"},"query-input":{"@type":"PropertyValueSpecification","valueRequired":true,"valueName":"search_term_string"}}],"inLanguage":"en-US"},{"@type":"Organization","@id":"https:\/\/slaptameile.lt\/#organization","name":"Secret Love","url":"https:\/\/slaptameile.lt\/","logo":{"@type":"ImageObject","inLanguage":"en-US","@id":"https:\/\/slaptameile.lt\/#\/schema\/logo\/image\/","url":"https:\/\/slaptameile.lt\/wp-content\/uploads\/2026\/04\/sm-logo.jpg","contentUrl":"https:\/\/slaptameile.lt\/wp-content\/uploads\/2026\/04\/sm-logo.jpg","width":810,"height":380,"caption":"Slapta Meil\u0117"},"image":{"@id":"https:\/\/slaptameile.lt\/#\/schema\/logo\/image\/"},"sameAs":["https:\/\/www.facebook.com\/SlaptaMeileBarbora","https:\/\/www.instagram.com\/slaptameile","https:\/\/www.tiktok.com\/@slaptameile1"]}]}},"_links":{"self":[{"href":"https:\/\/slaptameile.lt\/en\/wp-json\/wp\/v2\/product\/1145","targetHints":{"allow":["GET"]}}],"collection":[{"href":"https:\/\/slaptameile.lt\/en\/wp-json\/wp\/v2\/product"}],"about":[{"href":"https:\/\/slaptameile.lt\/en\/wp-json\/wp\/v2\/types\/product"}],"replies":[{"embeddable":true,"href":"https:\/\/slaptameile.lt\/en\/wp-json\/wp\/v2\/comments?post=1145"}],"wp:featuredmedia":[{"embeddable":true,"href":"https:\/\/slaptameile.lt\/en\/wp-json\/wp\/v2\/media\/2233"}],"wp:attachment":[{"href":"https:\/\/slaptameile.lt\/en\/wp-json\/wp\/v2\/media?parent=1145"}],"wp:term":[{"taxonomy":"partner","embeddable":true,"href":"https:\/\/slaptameile.lt\/en\/wp-json\/wp\/v2\/partner?post=1145"},{"taxonomy":"product_brand","embeddable":true,"href":"https:\/\/slaptameile.lt\/en\/wp-json\/wp\/v2\/product_brand?post=1145"},{"taxonomy":"product_cat","embeddable":true,"href":"https:\/\/slaptameile.lt\/en\/wp-json\/wp\/v2\/product_cat?post=1145"},{"taxonomy":"product_tag","embeddable":true,"href":"https:\/\/slaptameile.lt\/en\/wp-json\/wp\/v2\/product_tag?post=1145"}],"curies":[{"name":"wp","href":"https:\/\/api.w.org\/{rel}","templated":true}]}}