{"id":1140,"date":"2024-08-01T13:58:02","date_gmt":"2024-08-01T10:58:02","guid":{"rendered":"https:\/\/slaptameile.lt\/?post_type=product&#038;p=1140"},"modified":"2026-04-23T14:38:29","modified_gmt":"2026-04-23T11:38:29","slug":"lazdyno-riesutai-su-baltuoju-sokoladu-apelsinais-ir-juros-druska-karalienes-barboros-perlai","status":"publish","type":"product","link":"https:\/\/slaptameile.lt\/en\/preke\/lazdyno-riesutai-su-baltuoju-sokoladu-apelsinais-ir-juros-druska-karalienes-barboros-perlai\/","title":{"rendered":"Hazelnuts with white chocolate, oranges and sea salt \u201eQueen Barbara's Pearls\u201c"},"content":{"rendered":"<p>Barbora Radvilait\u0117 had a soft spot for two things \u2013 pearls and oranges. Both were gifted to her by \u017dygimantas Augustas, because when you're a queen, almost anything is possible.<\/p>\n<p>\u201eQueen Barbara's Pearls\u201c are hazelnuts with white chocolate, a hint of orange, and a barely perceptible whisper of sea salt. The taste is sweet, citrusy, and even a little aristocratically unexpected.<\/p>\n<p>The design is no less significant than the content. The packaging is adorned with a fragment of Migl\u0117 Kosinskait\u0117's painting, and the design was created by Petras Saul\u0117nas, so even when opening the candies, you feel a bit special.<\/p>\n<p>Scan a gift or dessert that looks like it would be recommended by Barbora herself.<br \/>\nWeight: 150 g<br \/>\nMade and manufactured in Lithuania<\/p>","protected":false},"excerpt":{"rendered":"<p>Barbora Radvilait\u0117 had a soft spot for two things \u2013 pearls and oranges. Both were gifted to her by \u017dygimantas Augustas, because when you're a queen, almost anything is possible.<\/p>\n<p>\u201eQueen Barbara's Pearls\u201c are hazelnuts with white chocolate, a hint of orange, and a barely perceptible whisper of sea salt. The taste is sweet, citrusy, and even a little aristocratically unexpected.<\/p>\n<p>The design is no less significant than the content. The packaging is adorned with a fragment of Migl\u0117 Kosinskait\u0117's painting, and the design was created by Petras Saul\u0117nas, so even when opening the candies, you feel a bit special.<\/p>\n<p>Scan a gift or dessert that looks like it would be recommended by Barbora herself.<br \/>\nMade and manufactured in Lithuania<\/p>","protected":false},"featured_media":2176,"comment_status":"open","ping_status":"closed","template":"","meta":{"_acf_changed":false},"partner":[51],"product_brand":[],"product_cat":[18,28],"product_tag":[],"class_list":{"0":"post-1140","1":"product","2":"type-product","3":"status-publish","4":"has-post-thumbnail","6":"partner-saldainiu-fabrikas-ruta","7":"product_cat-karaliskoji-kolekcija","8":"product_cat-rafinuotiems-gurmanams","10":"first","11":"instock","12":"taxable","13":"shipping-taxable","14":"purchasable","15":"product-type-simple"},"acf":[],"yoast_head":"<!-- This site is optimized with the Yoast SEO plugin v27.5 - https:\/\/yoast.com\/product\/yoast-seo-wordpress\/ -->\n<title>Lazdyno rie\u0161utai su baltuoju \u0161okoladu, apelsinais ir j\u016bros druska \u201eKaralien\u0117s Barboros perlai\u201c - Slapta Meil\u0117<\/title>\n<meta name=\"robots\" content=\"index, follow, max-snippet:-1, max-image-preview:large, max-video-preview:-1\" \/>\n<link rel=\"canonical\" href=\"https:\/\/slaptameile.lt\/en\/preke\/lazdyno-riesutai-su-baltuoju-sokoladu-apelsinais-ir-juros-druska-karalienes-barboros-perlai\/\" \/>\n<meta property=\"og:locale\" content=\"en_US\" \/>\n<meta property=\"og:type\" content=\"article\" \/>\n<meta property=\"og:title\" content=\"Lazdyno rie\u0161utai su baltuoju \u0161okoladu, apelsinais ir j\u016bros druska \u201eKaralien\u0117s Barboros perlai\u201c - Slapta Meil\u0117\" \/>\n<meta property=\"og:description\" content=\"Barbora Radvilait\u0117 tur\u0117jo silpnyb\u0119 dviem dalykams \u2013 perlams ir apelsinams. Ir vienus, ir kitus jai dovanojo \u017dygimantas Augustas, nes kai esi karalien\u0117 \u2013 galima beveik viskas.  \u201eKaralien\u0117s Barboros perlai\u201c \u2013 tai lazdyno rie\u0161utai su baltuoju \u0161okoladu, apelsin\u0173 nata ir vos juntamu j\u016bros druskos \u0161nab\u017edesiu. Skonis \u2013 saldus, citrusinis, net \u0161iek tiek aristokrati\u0161kai netik\u0117tas.  Dizainas \u2013 ne ma\u017eiau reik\u0161mingas nei turinys. Pakuot\u0119 puo\u0161ia Migl\u0117s Kosinskait\u0117s tapybos fragmentas, dizain\u0105 k\u016br\u0117 Petras Saul\u0117nas, tod\u0117l net atidarant saldainius jautiesi \u0161iek tiek i\u0161rinktasis.  Skani dovana arba desertas, kuris atrodo taip, lyg j\u012f rekomenduot\u0173 pati Barbora. Sukurta ir pagaminta Lietuvoje\" \/>\n<meta property=\"og:url\" content=\"https:\/\/slaptameile.lt\/en\/preke\/lazdyno-riesutai-su-baltuoju-sokoladu-apelsinais-ir-juros-druska-karalienes-barboros-perlai\/\" \/>\n<meta property=\"og:site_name\" content=\"Slapta Meil\u0117\" \/>\n<meta property=\"article:publisher\" content=\"https:\/\/www.facebook.com\/SlaptaMeileBarbora\" \/>\n<meta property=\"article:modified_time\" content=\"2026-04-23T11:38:29+00:00\" \/>\n<meta property=\"og:image\" content=\"https:\/\/slaptameile.lt\/wp-content\/uploads\/2024\/08\/Barboros-perlai-Produkto-Ruta-Saldainiai-01-1.jpg\" \/>\n\t<meta property=\"og:image:width\" content=\"2250\" \/>\n\t<meta property=\"og:image:height\" content=\"3000\" \/>\n\t<meta property=\"og:image:type\" content=\"image\/jpeg\" \/>\n<meta name=\"twitter:card\" content=\"summary_large_image\" \/>\n<meta name=\"twitter:label1\" content=\"Est. reading time\" \/>\n\t<meta name=\"twitter:data1\" content=\"1 minute\" \/>\n<script type=\"application\/ld+json\" class=\"yoast-schema-graph\">{\"@context\":\"https:\\\/\\\/schema.org\",\"@graph\":[{\"@type\":\"WebPage\",\"@id\":\"https:\\\/\\\/slaptameile.lt\\\/preke\\\/lazdyno-riesutai-su-baltuoju-sokoladu-apelsinais-ir-juros-druska-karalienes-barboros-perlai\\\/\",\"url\":\"https:\\\/\\\/slaptameile.lt\\\/preke\\\/lazdyno-riesutai-su-baltuoju-sokoladu-apelsinais-ir-juros-druska-karalienes-barboros-perlai\\\/\",\"name\":\"Lazdyno rie\u0161utai su baltuoju \u0161okoladu, apelsinais ir j\u016bros druska \u201eKaralien\u0117s Barboros perlai\u201c - Slapta Meil\u0117\",\"isPartOf\":{\"@id\":\"https:\\\/\\\/slaptameile.lt\\\/#website\"},\"primaryImageOfPage\":{\"@id\":\"https:\\\/\\\/slaptameile.lt\\\/preke\\\/lazdyno-riesutai-su-baltuoju-sokoladu-apelsinais-ir-juros-druska-karalienes-barboros-perlai\\\/#primaryimage\"},\"image\":{\"@id\":\"https:\\\/\\\/slaptameile.lt\\\/preke\\\/lazdyno-riesutai-su-baltuoju-sokoladu-apelsinais-ir-juros-druska-karalienes-barboros-perlai\\\/#primaryimage\"},\"thumbnailUrl\":\"https:\\\/\\\/slaptameile.lt\\\/wp-content\\\/uploads\\\/2024\\\/08\\\/Barboros-perlai-Produkto-Ruta-Saldainiai-01-1.jpg\",\"datePublished\":\"2024-08-01T10:58:02+00:00\",\"dateModified\":\"2026-04-23T11:38:29+00:00\",\"breadcrumb\":{\"@id\":\"https:\\\/\\\/slaptameile.lt\\\/preke\\\/lazdyno-riesutai-su-baltuoju-sokoladu-apelsinais-ir-juros-druska-karalienes-barboros-perlai\\\/#breadcrumb\"},\"inLanguage\":\"en-US\",\"potentialAction\":[{\"@type\":\"ReadAction\",\"target\":[\"https:\\\/\\\/slaptameile.lt\\\/preke\\\/lazdyno-riesutai-su-baltuoju-sokoladu-apelsinais-ir-juros-druska-karalienes-barboros-perlai\\\/\"]}]},{\"@type\":\"ImageObject\",\"inLanguage\":\"en-US\",\"@id\":\"https:\\\/\\\/slaptameile.lt\\\/preke\\\/lazdyno-riesutai-su-baltuoju-sokoladu-apelsinais-ir-juros-druska-karalienes-barboros-perlai\\\/#primaryimage\",\"url\":\"https:\\\/\\\/slaptameile.lt\\\/wp-content\\\/uploads\\\/2024\\\/08\\\/Barboros-perlai-Produkto-Ruta-Saldainiai-01-1.jpg\",\"contentUrl\":\"https:\\\/\\\/slaptameile.lt\\\/wp-content\\\/uploads\\\/2024\\\/08\\\/Barboros-perlai-Produkto-Ruta-Saldainiai-01-1.jpg\",\"width\":2250,\"height\":3000},{\"@type\":\"BreadcrumbList\",\"@id\":\"https:\\\/\\\/slaptameile.lt\\\/preke\\\/lazdyno-riesutai-su-baltuoju-sokoladu-apelsinais-ir-juros-druska-karalienes-barboros-perlai\\\/#breadcrumb\",\"itemListElement\":[{\"@type\":\"ListItem\",\"position\":1,\"name\":\"Home\",\"item\":\"https:\\\/\\\/slaptameile.lt\\\/\"},{\"@type\":\"ListItem\",\"position\":2,\"name\":\"Parduotuv\u0117\",\"item\":\"https:\\\/\\\/slaptameile.lt\\\/parduotuve\\\/\"},{\"@type\":\"ListItem\",\"position\":3,\"name\":\"Lazdyno rie\u0161utai su baltuoju \u0161okoladu, apelsinais ir j\u016bros druska \u201eKaralien\u0117s Barboros perlai\u201c\"}]},{\"@type\":\"WebSite\",\"@id\":\"https:\\\/\\\/slaptameile.lt\\\/#website\",\"url\":\"https:\\\/\\\/slaptameile.lt\\\/\",\"name\":\"Slapta Meil\u0117\",\"description\":\"\",\"publisher\":{\"@id\":\"https:\\\/\\\/slaptameile.lt\\\/#organization\"},\"potentialAction\":[{\"@type\":\"SearchAction\",\"target\":{\"@type\":\"EntryPoint\",\"urlTemplate\":\"https:\\\/\\\/slaptameile.lt\\\/?s={search_term_string}\"},\"query-input\":{\"@type\":\"PropertyValueSpecification\",\"valueRequired\":true,\"valueName\":\"search_term_string\"}}],\"inLanguage\":\"en-US\"},{\"@type\":\"Organization\",\"@id\":\"https:\\\/\\\/slaptameile.lt\\\/#organization\",\"name\":\"Slapta Meil\u0117\",\"url\":\"https:\\\/\\\/slaptameile.lt\\\/\",\"logo\":{\"@type\":\"ImageObject\",\"inLanguage\":\"en-US\",\"@id\":\"https:\\\/\\\/slaptameile.lt\\\/#\\\/schema\\\/logo\\\/image\\\/\",\"url\":\"https:\\\/\\\/slaptameile.lt\\\/wp-content\\\/uploads\\\/2026\\\/04\\\/sm-logo.jpg\",\"contentUrl\":\"https:\\\/\\\/slaptameile.lt\\\/wp-content\\\/uploads\\\/2026\\\/04\\\/sm-logo.jpg\",\"width\":810,\"height\":380,\"caption\":\"Slapta Meil\u0117\"},\"image\":{\"@id\":\"https:\\\/\\\/slaptameile.lt\\\/#\\\/schema\\\/logo\\\/image\\\/\"},\"sameAs\":[\"https:\\\/\\\/www.facebook.com\\\/SlaptaMeileBarbora\",\"https:\\\/\\\/www.instagram.com\\\/slaptameile\",\"https:\\\/\\\/www.tiktok.com\\\/@slaptameile1\"]}]}<\/script>\n<!-- \/ Yoast SEO plugin. -->","yoast_head_json":{"title":"Lazdyno rie\u0161utai su baltuoju \u0161okoladu, apelsinais ir j\u016bros druska \u201eKaralien\u0117s Barboros perlai\u201c - Slapta Meil\u0117","robots":{"index":"index","follow":"follow","max-snippet":"max-snippet:-1","max-image-preview":"max-image-preview:large","max-video-preview":"max-video-preview:-1"},"canonical":"https:\/\/slaptameile.lt\/en\/preke\/lazdyno-riesutai-su-baltuoju-sokoladu-apelsinais-ir-juros-druska-karalienes-barboros-perlai\/","og_locale":"en_US","og_type":"article","og_title":"Lazdyno rie\u0161utai su baltuoju \u0161okoladu, apelsinais ir j\u016bros druska \u201eKaralien\u0117s Barboros perlai\u201c - Slapta Meil\u0117","og_description":"Barbora Radvilait\u0117 tur\u0117jo silpnyb\u0119 dviem dalykams \u2013 perlams ir apelsinams. Ir vienus, ir kitus jai dovanojo \u017dygimantas Augustas, nes kai esi karalien\u0117 \u2013 galima beveik viskas.  \u201eKaralien\u0117s Barboros perlai\u201c \u2013 tai lazdyno rie\u0161utai su baltuoju \u0161okoladu, apelsin\u0173 nata ir vos juntamu j\u016bros druskos \u0161nab\u017edesiu. Skonis \u2013 saldus, citrusinis, net \u0161iek tiek aristokrati\u0161kai netik\u0117tas.  Dizainas \u2013 ne ma\u017eiau reik\u0161mingas nei turinys. Pakuot\u0119 puo\u0161ia Migl\u0117s Kosinskait\u0117s tapybos fragmentas, dizain\u0105 k\u016br\u0117 Petras Saul\u0117nas, tod\u0117l net atidarant saldainius jautiesi \u0161iek tiek i\u0161rinktasis.  Skani dovana arba desertas, kuris atrodo taip, lyg j\u012f rekomenduot\u0173 pati Barbora. Sukurta ir pagaminta Lietuvoje","og_url":"https:\/\/slaptameile.lt\/en\/preke\/lazdyno-riesutai-su-baltuoju-sokoladu-apelsinais-ir-juros-druska-karalienes-barboros-perlai\/","og_site_name":"Slapta Meil\u0117","article_publisher":"https:\/\/www.facebook.com\/SlaptaMeileBarbora","article_modified_time":"2026-04-23T11:38:29+00:00","og_image":[{"width":2250,"height":3000,"url":"https:\/\/slaptameile.lt\/wp-content\/uploads\/2024\/08\/Barboros-perlai-Produkto-Ruta-Saldainiai-01-1.jpg","type":"image\/jpeg"}],"twitter_card":"summary_large_image","twitter_misc":{"Est. reading time":"1 minute"},"schema":{"@context":"https:\/\/schema.org","@graph":[{"@type":"WebPage","@id":"https:\/\/slaptameile.lt\/preke\/lazdyno-riesutai-su-baltuoju-sokoladu-apelsinais-ir-juros-druska-karalienes-barboros-perlai\/","url":"https:\/\/slaptameile.lt\/preke\/lazdyno-riesutai-su-baltuoju-sokoladu-apelsinais-ir-juros-druska-karalienes-barboros-perlai\/","name":"Lazdyno rie\u0161utai su baltuoju \u0161okoladu, apelsinais ir j\u016bros druska \u201eKaralien\u0117s Barboros perlai\u201c - Slapta Meil\u0117","isPartOf":{"@id":"https:\/\/slaptameile.lt\/#website"},"primaryImageOfPage":{"@id":"https:\/\/slaptameile.lt\/preke\/lazdyno-riesutai-su-baltuoju-sokoladu-apelsinais-ir-juros-druska-karalienes-barboros-perlai\/#primaryimage"},"image":{"@id":"https:\/\/slaptameile.lt\/preke\/lazdyno-riesutai-su-baltuoju-sokoladu-apelsinais-ir-juros-druska-karalienes-barboros-perlai\/#primaryimage"},"thumbnailUrl":"https:\/\/slaptameile.lt\/wp-content\/uploads\/2024\/08\/Barboros-perlai-Produkto-Ruta-Saldainiai-01-1.jpg","datePublished":"2024-08-01T10:58:02+00:00","dateModified":"2026-04-23T11:38:29+00:00","breadcrumb":{"@id":"https:\/\/slaptameile.lt\/preke\/lazdyno-riesutai-su-baltuoju-sokoladu-apelsinais-ir-juros-druska-karalienes-barboros-perlai\/#breadcrumb"},"inLanguage":"en-US","potentialAction":[{"@type":"ReadAction","target":["https:\/\/slaptameile.lt\/preke\/lazdyno-riesutai-su-baltuoju-sokoladu-apelsinais-ir-juros-druska-karalienes-barboros-perlai\/"]}]},{"@type":"ImageObject","inLanguage":"en-US","@id":"https:\/\/slaptameile.lt\/preke\/lazdyno-riesutai-su-baltuoju-sokoladu-apelsinais-ir-juros-druska-karalienes-barboros-perlai\/#primaryimage","url":"https:\/\/slaptameile.lt\/wp-content\/uploads\/2024\/08\/Barboros-perlai-Produkto-Ruta-Saldainiai-01-1.jpg","contentUrl":"https:\/\/slaptameile.lt\/wp-content\/uploads\/2024\/08\/Barboros-perlai-Produkto-Ruta-Saldainiai-01-1.jpg","width":2250,"height":3000},{"@type":"BreadcrumbList","@id":"https:\/\/slaptameile.lt\/preke\/lazdyno-riesutai-su-baltuoju-sokoladu-apelsinais-ir-juros-druska-karalienes-barboros-perlai\/#breadcrumb","itemListElement":[{"@type":"ListItem","position":1,"name":"Home","item":"https:\/\/slaptameile.lt\/"},{"@type":"ListItem","position":2,"name":"Parduotuv\u0117","item":"https:\/\/slaptameile.lt\/parduotuve\/"},{"@type":"ListItem","position":3,"name":"Lazdyno rie\u0161utai su baltuoju \u0161okoladu, apelsinais ir j\u016bros druska \u201eKaralien\u0117s Barboros perlai\u201c"}]},{"@type":"WebSite","@id":"https:\/\/slaptameile.lt\/#website","url":"https:\/\/slaptameile.lt\/","name":"Secret Love","description":"","publisher":{"@id":"https:\/\/slaptameile.lt\/#organization"},"potentialAction":[{"@type":"SearchAction","target":{"@type":"EntryPoint","urlTemplate":"https:\/\/slaptameile.lt\/?s={search_term_string}"},"query-input":{"@type":"PropertyValueSpecification","valueRequired":true,"valueName":"search_term_string"}}],"inLanguage":"en-US"},{"@type":"Organization","@id":"https:\/\/slaptameile.lt\/#organization","name":"Secret Love","url":"https:\/\/slaptameile.lt\/","logo":{"@type":"ImageObject","inLanguage":"en-US","@id":"https:\/\/slaptameile.lt\/#\/schema\/logo\/image\/","url":"https:\/\/slaptameile.lt\/wp-content\/uploads\/2026\/04\/sm-logo.jpg","contentUrl":"https:\/\/slaptameile.lt\/wp-content\/uploads\/2026\/04\/sm-logo.jpg","width":810,"height":380,"caption":"Slapta Meil\u0117"},"image":{"@id":"https:\/\/slaptameile.lt\/#\/schema\/logo\/image\/"},"sameAs":["https:\/\/www.facebook.com\/SlaptaMeileBarbora","https:\/\/www.instagram.com\/slaptameile","https:\/\/www.tiktok.com\/@slaptameile1"]}]}},"_links":{"self":[{"href":"https:\/\/slaptameile.lt\/en\/wp-json\/wp\/v2\/product\/1140","targetHints":{"allow":["GET"]}}],"collection":[{"href":"https:\/\/slaptameile.lt\/en\/wp-json\/wp\/v2\/product"}],"about":[{"href":"https:\/\/slaptameile.lt\/en\/wp-json\/wp\/v2\/types\/product"}],"replies":[{"embeddable":true,"href":"https:\/\/slaptameile.lt\/en\/wp-json\/wp\/v2\/comments?post=1140"}],"wp:featuredmedia":[{"embeddable":true,"href":"https:\/\/slaptameile.lt\/en\/wp-json\/wp\/v2\/media\/2176"}],"wp:attachment":[{"href":"https:\/\/slaptameile.lt\/en\/wp-json\/wp\/v2\/media?parent=1140"}],"wp:term":[{"taxonomy":"partner","embeddable":true,"href":"https:\/\/slaptameile.lt\/en\/wp-json\/wp\/v2\/partner?post=1140"},{"taxonomy":"product_brand","embeddable":true,"href":"https:\/\/slaptameile.lt\/en\/wp-json\/wp\/v2\/product_brand?post=1140"},{"taxonomy":"product_cat","embeddable":true,"href":"https:\/\/slaptameile.lt\/en\/wp-json\/wp\/v2\/product_cat?post=1140"},{"taxonomy":"product_tag","embeddable":true,"href":"https:\/\/slaptameile.lt\/en\/wp-json\/wp\/v2\/product_tag?post=1140"}],"curies":[{"name":"wp","href":"https:\/\/api.w.org\/{rel}","templated":true}]}}