{"id":1136,"date":"2024-08-01T14:10:07","date_gmt":"2024-08-01T11:10:07","guid":{"rendered":"https:\/\/slaptameile.lt\/?post_type=product&#038;p=1136"},"modified":"2026-04-15T08:53:25","modified_gmt":"2026-04-15T05:53:25","slug":"juodasis-sokoladas-slapta-meile-su-apelsinais-ir-juros-druska-zygimantas-augustas","status":"publish","type":"product","link":"https:\/\/slaptameile.lt\/en\/preke\/juodasis-sokoladas-slapta-meile-su-apelsinais-ir-juros-druska-zygimantas-augustas\/","title":{"rendered":"Dark chocolateSlapta meil\u0117with orange and sea salt | \u017dygimantas Augustas"},"content":{"rendered":"<p>Barboros laikais \u0161okolado dar nebuvo \u2013 bet jei b\u016bt\u0173, ji tikrai b\u016bt\u0173 \u017einojusi, k\u0105 su juo veikti. \u0160is juodasis \u0161okoladas su 75 % kakavos, sald\u017eiar\u016bg\u0161\u010diais apelsinais ir subtilia j\u016bros druska \u2013 tarsi u\u017ekoduotas lai\u0161kas i\u0161 praeities, kur jausmai buvo pavojingi, bet skoniai \u2013 dr\u0105s\u016bs.<\/p>\n<p>Apelsinai \u2013 tai vaisiai, kuriais \u017dygimantas Augustas lepino savo karalien\u0119. \u0160is \u0161okoladas sukurtas saldaini\u0173 fabriko\u00a0\u201eR\u016bta\u201c\u00a0meistr\u0173, kartu su menininke\u00a0Julija Janus. Pakuot\u0117s dizain\u0105 k\u016br\u0117\u00a0Petras Saul\u0117nas, o vir\u0161eliui panaudota\u00a0Migl\u0117s Kosinskait\u0117s\u00a0drob\u0117s detal\u0117 \u2013 \u017dygimanto ranka, vis dar i\u0161tikimai laikanti meil\u0119.<\/p>\n<p>Kai skonis \u2013 tai istorija<br \/>\nMade and manufactured in Lithuania<\/p>","protected":false},"excerpt":{"rendered":"<p>Barboros laikais \u0161okolado dar nebuvo \u2013 bet jei b\u016bt\u0173, ji tikrai b\u016bt\u0173 \u017einojusi, k\u0105 su juo veikti. \u0160is juodasis \u0161okoladas su 75 % kakavos, sald\u017eiar\u016bg\u0161\u010diais apelsinais ir subtilia j\u016bros druska \u2013 tarsi u\u017ekoduotas lai\u0161kas i\u0161 praeities, kur jausmai buvo pavojingi, bet skoniai \u2013 dr\u0105s\u016bs.<\/p>\n<p>Apelsinai \u2013 tai vaisiai, kuriais \u017dygimantas Augustas lepino savo karalien\u0119. \u0160is \u0161okoladas sukurtas saldaini\u0173 fabriko\u00a0\u201eR\u016bta\u201c\u00a0meistr\u0173, kartu su menininke\u00a0Julija Janus. Pakuot\u0117s dizain\u0105 k\u016br\u0117\u00a0Petras Saul\u0117nas, o vir\u0161eliui panaudota\u00a0Migl\u0117s Kosinskait\u0117s\u00a0drob\u0117s detal\u0117 \u2013 \u017dygimanto ranka, vis dar i\u0161tikimai laikanti meil\u0119.<\/p>\n<p>Kai skonis \u2013 tai istorija<br \/>\nMade and manufactured in Lithuania<\/p>","protected":false},"featured_media":2236,"comment_status":"open","ping_status":"closed","template":"","meta":{"_acf_changed":false},"partner":[51],"product_brand":[],"product_cat":[18,28],"product_tag":[],"class_list":{"0":"post-1136","1":"product","2":"type-product","3":"status-publish","4":"has-post-thumbnail","6":"partner-saldainiu-fabrikas-ruta","7":"product_cat-karaliskoji-kolekcija","8":"product_cat-rafinuotiems-gurmanams","10":"first","11":"instock","12":"taxable","13":"shipping-taxable","14":"purchasable","15":"product-type-simple"},"acf":[],"yoast_head":"<!-- This site is optimized with the Yoast SEO plugin v27.5 - https:\/\/yoast.com\/product\/yoast-seo-wordpress\/ -->\n<title>Juodasis \u0161okoladas \u201eSlapta meil\u0117\u201c su apelsinais ir j\u016bros druska | \u017dygimantas Augustas - Slapta Meil\u0117<\/title>\n<meta name=\"robots\" content=\"index, follow, max-snippet:-1, max-image-preview:large, max-video-preview:-1\" \/>\n<link rel=\"canonical\" href=\"https:\/\/slaptameile.lt\/en\/preke\/juodasis-sokoladas-slapta-meile-su-apelsinais-ir-juros-druska-zygimantas-augustas\/\" \/>\n<meta property=\"og:locale\" content=\"en_US\" \/>\n<meta property=\"og:type\" content=\"article\" \/>\n<meta property=\"og:title\" content=\"Juodasis \u0161okoladas \u201eSlapta meil\u0117\u201c su apelsinais ir j\u016bros druska | \u017dygimantas Augustas - Slapta Meil\u0117\" \/>\n<meta property=\"og:description\" content=\"Barboros laikais \u0161okolado dar nebuvo \u2013 bet jei b\u016bt\u0173, ji tikrai b\u016bt\u0173 \u017einojusi, k\u0105 su juo veikti. \u0160is juodasis \u0161okoladas su 75 % kakavos, sald\u017eiar\u016bg\u0161\u010diais apelsinais ir subtilia j\u016bros druska \u2013 tarsi u\u017ekoduotas lai\u0161kas i\u0161 praeities, kur jausmai buvo pavojingi, bet skoniai \u2013 dr\u0105s\u016bs.  Apelsinai \u2013 tai vaisiai, kuriais \u017dygimantas Augustas lepino savo karalien\u0119. \u0160is \u0161okoladas sukurtas saldaini\u0173 fabriko\u00a0\u201eR\u016bta\u201c\u00a0meistr\u0173, kartu su menininke\u00a0Julija Janus. Pakuot\u0117s dizain\u0105 k\u016br\u0117\u00a0Petras Saul\u0117nas, o vir\u0161eliui panaudota\u00a0Migl\u0117s Kosinskait\u0117s\u00a0drob\u0117s detal\u0117 \u2013 \u017dygimanto ranka, vis dar i\u0161tikimai laikanti meil\u0119.  Kai skonis \u2013 tai istorija Sukurta ir pagaminta Lietuvoje\" \/>\n<meta property=\"og:url\" content=\"https:\/\/slaptameile.lt\/en\/preke\/juodasis-sokoladas-slapta-meile-su-apelsinais-ir-juros-druska-zygimantas-augustas\/\" \/>\n<meta property=\"og:site_name\" content=\"Slapta Meil\u0117\" \/>\n<meta property=\"article:publisher\" content=\"https:\/\/www.facebook.com\/SlaptaMeileBarbora\" \/>\n<meta property=\"article:modified_time\" content=\"2026-04-15T05:53:25+00:00\" \/>\n<meta property=\"og:image\" content=\"https:\/\/slaptameile.lt\/wp-content\/uploads\/2024\/08\/Sokoladas-Produkto-Ruta-Slapta-meile-A-01.jpg\" \/>\n\t<meta property=\"og:image:width\" content=\"2250\" \/>\n\t<meta property=\"og:image:height\" content=\"3000\" \/>\n\t<meta property=\"og:image:type\" content=\"image\/jpeg\" \/>\n<meta name=\"twitter:card\" content=\"summary_large_image\" \/>\n<meta name=\"twitter:label1\" content=\"Est. reading time\" \/>\n\t<meta name=\"twitter:data1\" content=\"1 minute\" \/>\n<script type=\"application\/ld+json\" class=\"yoast-schema-graph\">{\"@context\":\"https:\\\/\\\/schema.org\",\"@graph\":[{\"@type\":\"WebPage\",\"@id\":\"https:\\\/\\\/slaptameile.lt\\\/preke\\\/juodasis-sokoladas-slapta-meile-su-apelsinais-ir-juros-druska-zygimantas-augustas\\\/\",\"url\":\"https:\\\/\\\/slaptameile.lt\\\/preke\\\/juodasis-sokoladas-slapta-meile-su-apelsinais-ir-juros-druska-zygimantas-augustas\\\/\",\"name\":\"Juodasis \u0161okoladas \u201eSlapta meil\u0117\u201c su apelsinais ir j\u016bros druska | \u017dygimantas Augustas - Slapta Meil\u0117\",\"isPartOf\":{\"@id\":\"https:\\\/\\\/slaptameile.lt\\\/#website\"},\"primaryImageOfPage\":{\"@id\":\"https:\\\/\\\/slaptameile.lt\\\/preke\\\/juodasis-sokoladas-slapta-meile-su-apelsinais-ir-juros-druska-zygimantas-augustas\\\/#primaryimage\"},\"image\":{\"@id\":\"https:\\\/\\\/slaptameile.lt\\\/preke\\\/juodasis-sokoladas-slapta-meile-su-apelsinais-ir-juros-druska-zygimantas-augustas\\\/#primaryimage\"},\"thumbnailUrl\":\"https:\\\/\\\/slaptameile.lt\\\/wp-content\\\/uploads\\\/2024\\\/08\\\/Sokoladas-Produkto-Ruta-Slapta-meile-A-01.jpg\",\"datePublished\":\"2024-08-01T11:10:07+00:00\",\"dateModified\":\"2026-04-15T05:53:25+00:00\",\"breadcrumb\":{\"@id\":\"https:\\\/\\\/slaptameile.lt\\\/preke\\\/juodasis-sokoladas-slapta-meile-su-apelsinais-ir-juros-druska-zygimantas-augustas\\\/#breadcrumb\"},\"inLanguage\":\"en-US\",\"potentialAction\":[{\"@type\":\"ReadAction\",\"target\":[\"https:\\\/\\\/slaptameile.lt\\\/preke\\\/juodasis-sokoladas-slapta-meile-su-apelsinais-ir-juros-druska-zygimantas-augustas\\\/\"]}]},{\"@type\":\"ImageObject\",\"inLanguage\":\"en-US\",\"@id\":\"https:\\\/\\\/slaptameile.lt\\\/preke\\\/juodasis-sokoladas-slapta-meile-su-apelsinais-ir-juros-druska-zygimantas-augustas\\\/#primaryimage\",\"url\":\"https:\\\/\\\/slaptameile.lt\\\/wp-content\\\/uploads\\\/2024\\\/08\\\/Sokoladas-Produkto-Ruta-Slapta-meile-A-01.jpg\",\"contentUrl\":\"https:\\\/\\\/slaptameile.lt\\\/wp-content\\\/uploads\\\/2024\\\/08\\\/Sokoladas-Produkto-Ruta-Slapta-meile-A-01.jpg\",\"width\":2250,\"height\":3000},{\"@type\":\"BreadcrumbList\",\"@id\":\"https:\\\/\\\/slaptameile.lt\\\/preke\\\/juodasis-sokoladas-slapta-meile-su-apelsinais-ir-juros-druska-zygimantas-augustas\\\/#breadcrumb\",\"itemListElement\":[{\"@type\":\"ListItem\",\"position\":1,\"name\":\"Home\",\"item\":\"https:\\\/\\\/slaptameile.lt\\\/\"},{\"@type\":\"ListItem\",\"position\":2,\"name\":\"Parduotuv\u0117\",\"item\":\"https:\\\/\\\/slaptameile.lt\\\/parduotuve\\\/\"},{\"@type\":\"ListItem\",\"position\":3,\"name\":\"Juodasis \u0161okoladas \u201eSlapta meil\u0117\u201c su apelsinais ir j\u016bros druska | \u017dygimantas Augustas\"}]},{\"@type\":\"WebSite\",\"@id\":\"https:\\\/\\\/slaptameile.lt\\\/#website\",\"url\":\"https:\\\/\\\/slaptameile.lt\\\/\",\"name\":\"Slapta Meil\u0117\",\"description\":\"\",\"publisher\":{\"@id\":\"https:\\\/\\\/slaptameile.lt\\\/#organization\"},\"potentialAction\":[{\"@type\":\"SearchAction\",\"target\":{\"@type\":\"EntryPoint\",\"urlTemplate\":\"https:\\\/\\\/slaptameile.lt\\\/?s={search_term_string}\"},\"query-input\":{\"@type\":\"PropertyValueSpecification\",\"valueRequired\":true,\"valueName\":\"search_term_string\"}}],\"inLanguage\":\"en-US\"},{\"@type\":\"Organization\",\"@id\":\"https:\\\/\\\/slaptameile.lt\\\/#organization\",\"name\":\"Slapta Meil\u0117\",\"url\":\"https:\\\/\\\/slaptameile.lt\\\/\",\"logo\":{\"@type\":\"ImageObject\",\"inLanguage\":\"en-US\",\"@id\":\"https:\\\/\\\/slaptameile.lt\\\/#\\\/schema\\\/logo\\\/image\\\/\",\"url\":\"https:\\\/\\\/slaptameile.lt\\\/wp-content\\\/uploads\\\/2026\\\/04\\\/sm-logo.jpg\",\"contentUrl\":\"https:\\\/\\\/slaptameile.lt\\\/wp-content\\\/uploads\\\/2026\\\/04\\\/sm-logo.jpg\",\"width\":810,\"height\":380,\"caption\":\"Slapta Meil\u0117\"},\"image\":{\"@id\":\"https:\\\/\\\/slaptameile.lt\\\/#\\\/schema\\\/logo\\\/image\\\/\"},\"sameAs\":[\"https:\\\/\\\/www.facebook.com\\\/SlaptaMeileBarbora\",\"https:\\\/\\\/www.instagram.com\\\/slaptameile\",\"https:\\\/\\\/www.tiktok.com\\\/@slaptameile1\"]}]}<\/script>\n<!-- \/ Yoast SEO plugin. -->","yoast_head_json":{"title":"Juodasis \u0161okoladas \u201eSlapta meil\u0117\u201c su apelsinais ir j\u016bros druska | \u017dygimantas Augustas - Slapta Meil\u0117","robots":{"index":"index","follow":"follow","max-snippet":"max-snippet:-1","max-image-preview":"max-image-preview:large","max-video-preview":"max-video-preview:-1"},"canonical":"https:\/\/slaptameile.lt\/en\/preke\/juodasis-sokoladas-slapta-meile-su-apelsinais-ir-juros-druska-zygimantas-augustas\/","og_locale":"en_US","og_type":"article","og_title":"Juodasis \u0161okoladas \u201eSlapta meil\u0117\u201c su apelsinais ir j\u016bros druska | \u017dygimantas Augustas - Slapta Meil\u0117","og_description":"Barboros laikais \u0161okolado dar nebuvo \u2013 bet jei b\u016bt\u0173, ji tikrai b\u016bt\u0173 \u017einojusi, k\u0105 su juo veikti. \u0160is juodasis \u0161okoladas su 75 % kakavos, sald\u017eiar\u016bg\u0161\u010diais apelsinais ir subtilia j\u016bros druska \u2013 tarsi u\u017ekoduotas lai\u0161kas i\u0161 praeities, kur jausmai buvo pavojingi, bet skoniai \u2013 dr\u0105s\u016bs.  Apelsinai \u2013 tai vaisiai, kuriais \u017dygimantas Augustas lepino savo karalien\u0119. \u0160is \u0161okoladas sukurtas saldaini\u0173 fabriko\u00a0\u201eR\u016bta\u201c\u00a0meistr\u0173, kartu su menininke\u00a0Julija Janus. Pakuot\u0117s dizain\u0105 k\u016br\u0117\u00a0Petras Saul\u0117nas, o vir\u0161eliui panaudota\u00a0Migl\u0117s Kosinskait\u0117s\u00a0drob\u0117s detal\u0117 \u2013 \u017dygimanto ranka, vis dar i\u0161tikimai laikanti meil\u0119.  Kai skonis \u2013 tai istorija Sukurta ir pagaminta Lietuvoje","og_url":"https:\/\/slaptameile.lt\/en\/preke\/juodasis-sokoladas-slapta-meile-su-apelsinais-ir-juros-druska-zygimantas-augustas\/","og_site_name":"Slapta Meil\u0117","article_publisher":"https:\/\/www.facebook.com\/SlaptaMeileBarbora","article_modified_time":"2026-04-15T05:53:25+00:00","og_image":[{"width":2250,"height":3000,"url":"https:\/\/slaptameile.lt\/wp-content\/uploads\/2024\/08\/Sokoladas-Produkto-Ruta-Slapta-meile-A-01.jpg","type":"image\/jpeg"}],"twitter_card":"summary_large_image","twitter_misc":{"Est. reading time":"1 minute"},"schema":{"@context":"https:\/\/schema.org","@graph":[{"@type":"WebPage","@id":"https:\/\/slaptameile.lt\/preke\/juodasis-sokoladas-slapta-meile-su-apelsinais-ir-juros-druska-zygimantas-augustas\/","url":"https:\/\/slaptameile.lt\/preke\/juodasis-sokoladas-slapta-meile-su-apelsinais-ir-juros-druska-zygimantas-augustas\/","name":"Juodasis \u0161okoladas \u201eSlapta meil\u0117\u201c su apelsinais ir j\u016bros druska | \u017dygimantas Augustas - Slapta Meil\u0117","isPartOf":{"@id":"https:\/\/slaptameile.lt\/#website"},"primaryImageOfPage":{"@id":"https:\/\/slaptameile.lt\/preke\/juodasis-sokoladas-slapta-meile-su-apelsinais-ir-juros-druska-zygimantas-augustas\/#primaryimage"},"image":{"@id":"https:\/\/slaptameile.lt\/preke\/juodasis-sokoladas-slapta-meile-su-apelsinais-ir-juros-druska-zygimantas-augustas\/#primaryimage"},"thumbnailUrl":"https:\/\/slaptameile.lt\/wp-content\/uploads\/2024\/08\/Sokoladas-Produkto-Ruta-Slapta-meile-A-01.jpg","datePublished":"2024-08-01T11:10:07+00:00","dateModified":"2026-04-15T05:53:25+00:00","breadcrumb":{"@id":"https:\/\/slaptameile.lt\/preke\/juodasis-sokoladas-slapta-meile-su-apelsinais-ir-juros-druska-zygimantas-augustas\/#breadcrumb"},"inLanguage":"en-US","potentialAction":[{"@type":"ReadAction","target":["https:\/\/slaptameile.lt\/preke\/juodasis-sokoladas-slapta-meile-su-apelsinais-ir-juros-druska-zygimantas-augustas\/"]}]},{"@type":"ImageObject","inLanguage":"en-US","@id":"https:\/\/slaptameile.lt\/preke\/juodasis-sokoladas-slapta-meile-su-apelsinais-ir-juros-druska-zygimantas-augustas\/#primaryimage","url":"https:\/\/slaptameile.lt\/wp-content\/uploads\/2024\/08\/Sokoladas-Produkto-Ruta-Slapta-meile-A-01.jpg","contentUrl":"https:\/\/slaptameile.lt\/wp-content\/uploads\/2024\/08\/Sokoladas-Produkto-Ruta-Slapta-meile-A-01.jpg","width":2250,"height":3000},{"@type":"BreadcrumbList","@id":"https:\/\/slaptameile.lt\/preke\/juodasis-sokoladas-slapta-meile-su-apelsinais-ir-juros-druska-zygimantas-augustas\/#breadcrumb","itemListElement":[{"@type":"ListItem","position":1,"name":"Home","item":"https:\/\/slaptameile.lt\/"},{"@type":"ListItem","position":2,"name":"Parduotuv\u0117","item":"https:\/\/slaptameile.lt\/parduotuve\/"},{"@type":"ListItem","position":3,"name":"Juodasis \u0161okoladas \u201eSlapta meil\u0117\u201c su apelsinais ir j\u016bros druska | \u017dygimantas Augustas"}]},{"@type":"WebSite","@id":"https:\/\/slaptameile.lt\/#website","url":"https:\/\/slaptameile.lt\/","name":"Secret Love","description":"","publisher":{"@id":"https:\/\/slaptameile.lt\/#organization"},"potentialAction":[{"@type":"SearchAction","target":{"@type":"EntryPoint","urlTemplate":"https:\/\/slaptameile.lt\/?s={search_term_string}"},"query-input":{"@type":"PropertyValueSpecification","valueRequired":true,"valueName":"search_term_string"}}],"inLanguage":"en-US"},{"@type":"Organization","@id":"https:\/\/slaptameile.lt\/#organization","name":"Secret Love","url":"https:\/\/slaptameile.lt\/","logo":{"@type":"ImageObject","inLanguage":"en-US","@id":"https:\/\/slaptameile.lt\/#\/schema\/logo\/image\/","url":"https:\/\/slaptameile.lt\/wp-content\/uploads\/2026\/04\/sm-logo.jpg","contentUrl":"https:\/\/slaptameile.lt\/wp-content\/uploads\/2026\/04\/sm-logo.jpg","width":810,"height":380,"caption":"Slapta Meil\u0117"},"image":{"@id":"https:\/\/slaptameile.lt\/#\/schema\/logo\/image\/"},"sameAs":["https:\/\/www.facebook.com\/SlaptaMeileBarbora","https:\/\/www.instagram.com\/slaptameile","https:\/\/www.tiktok.com\/@slaptameile1"]}]}},"_links":{"self":[{"href":"https:\/\/slaptameile.lt\/en\/wp-json\/wp\/v2\/product\/1136","targetHints":{"allow":["GET"]}}],"collection":[{"href":"https:\/\/slaptameile.lt\/en\/wp-json\/wp\/v2\/product"}],"about":[{"href":"https:\/\/slaptameile.lt\/en\/wp-json\/wp\/v2\/types\/product"}],"replies":[{"embeddable":true,"href":"https:\/\/slaptameile.lt\/en\/wp-json\/wp\/v2\/comments?post=1136"}],"wp:featuredmedia":[{"embeddable":true,"href":"https:\/\/slaptameile.lt\/en\/wp-json\/wp\/v2\/media\/2236"}],"wp:attachment":[{"href":"https:\/\/slaptameile.lt\/en\/wp-json\/wp\/v2\/media?parent=1136"}],"wp:term":[{"taxonomy":"partner","embeddable":true,"href":"https:\/\/slaptameile.lt\/en\/wp-json\/wp\/v2\/partner?post=1136"},{"taxonomy":"product_brand","embeddable":true,"href":"https:\/\/slaptameile.lt\/en\/wp-json\/wp\/v2\/product_brand?post=1136"},{"taxonomy":"product_cat","embeddable":true,"href":"https:\/\/slaptameile.lt\/en\/wp-json\/wp\/v2\/product_cat?post=1136"},{"taxonomy":"product_tag","embeddable":true,"href":"https:\/\/slaptameile.lt\/en\/wp-json\/wp\/v2\/product_tag?post=1136"}],"curies":[{"name":"wp","href":"https:\/\/api.w.org\/{rel}","templated":true}]}}