{"id":1125,"date":"2024-08-01T14:56:51","date_gmt":"2024-08-01T11:56:51","guid":{"rendered":"https:\/\/slaptameile.lt\/?post_type=product&#038;p=1125"},"modified":"2026-04-22T16:53:26","modified_gmt":"2026-04-22T13:53:26","slug":"meduolis-vilniaus-sirdis","status":"publish","type":"product","link":"https:\/\/slaptameile.lt\/en\/preke\/meduolis-vilniaus-sirdis\/","title":{"rendered":"Heart of Vilnius Honey\u201e"},"content":{"rendered":"<p>Koks skonis Vilniaus meil\u0117s legendos skonis? Tik\u0117tina \u2013 trapus, meduolinis ir visai be glajaus, kar\u016bnuotos \u0161irdies formos.<\/p>\n<p>Tai ma\u017eytis, prieskoniais kvepiantis suvenyras i\u0161 Lietuvos. Jame \u2013 sviestas, medus, senoviniai U\u017egav\u0117ni\u0173 laik\u0173 prisiminimai ir \u012fspaustas ornamentas: \u0161irdis su kar\u016bna, lyg tylus miesto prisipa\u017einimas apie tai, kad meil\u0117 \u010dia niekada nei\u0161\u0117jo.<\/p>\n<p>Meduolio id\u0117j\u0105 ir simbolik\u0105 suk\u016br\u0117 Julija Janus, o pakuot\u0117s dizainas \u2013 Petro Saul\u0117no darbas, jungiantis istorin\u012f atminim\u0105 su \u0161iuolaiki\u0161ka elegancija.<\/p>\n<p>Puikiai tinka dovanai, suvenyrui ar tiesiog kai norisi atsik\u0105sti gabal\u0117lio Vilniaus legendos apie Augusto meil\u0119 Barborai.<\/p>\n<p>Svoris\u00a020 g \u00b15 g<br \/>\nManufacturer: Creative Solutions MB\u201e<br \/>\nMade and manufactured in Lithuania<\/p>","protected":false},"excerpt":{"rendered":"<p>Koks skonis Vilniaus meil\u0117s legendos skonis? Tik\u0117tina \u2013 trapus, meduolinis ir visai be glajaus, kar\u016bnuotos \u0161irdies formos.<\/p>\n<p>Tai ma\u017eytis, prieskoniais kvepiantis suvenyras i\u0161 Lietuvos. Jame \u2013 sviestas, medus, senoviniai U\u017egav\u0117ni\u0173 laik\u0173 prisiminimai ir \u012fspaustas ornamentas: \u0161irdis su kar\u016bna, lyg tylus miesto prisipa\u017einimas apie tai, kad meil\u0117 \u010dia niekada nei\u0161\u0117jo.<\/p>\n<p>Meduolio id\u0117j\u0105 ir simbolik\u0105 suk\u016br\u0117 Julija Janus, o pakuot\u0117s dizainas \u2013 Petro Saul\u0117no darbas, jungiantis istorin\u012f atminim\u0105 su \u0161iuolaiki\u0161ka elegancija.<\/p>\n<p>Puikiai tinka dovanai, suvenyrui ar tiesiog kai norisi atsik\u0105sti gabal\u0117lio Vilniaus legendos apie Augusto meil\u0119 Barborai.<\/p>\n<p>Svoris\u00a020 g \u00b15 g<br \/>\nManufacturer: Creative Solutions MB\u201e<br \/>\nMade and manufactured in Lithuania<\/p>","protected":false},"featured_media":2206,"comment_status":"open","ping_status":"closed","template":"","meta":{"_acf_changed":false},"partner":[81],"product_brand":[],"product_cat":[18,28],"product_tag":[],"class_list":{"0":"post-1125","1":"product","2":"type-product","3":"status-publish","4":"has-post-thumbnail","6":"partner-meduoliu-namai","7":"product_cat-karaliskoji-kolekcija","8":"product_cat-rafinuotiems-gurmanams","10":"first","11":"instock","12":"sale","13":"taxable","14":"shipping-taxable","15":"purchasable","16":"product-type-simple"},"acf":[],"yoast_head":"<!-- This site is optimized with the Yoast SEO plugin v27.5 - https:\/\/yoast.com\/product\/yoast-seo-wordpress\/ -->\n<title>Meduolis \u201eVilniaus \u0161irdis\u201c - Slapta Meil\u0117<\/title>\n<meta name=\"robots\" content=\"index, follow, max-snippet:-1, max-image-preview:large, max-video-preview:-1\" \/>\n<link rel=\"canonical\" href=\"https:\/\/slaptameile.lt\/en\/preke\/meduolis-vilniaus-sirdis\/\" \/>\n<meta property=\"og:locale\" content=\"en_US\" \/>\n<meta property=\"og:type\" content=\"article\" \/>\n<meta property=\"og:title\" content=\"Meduolis \u201eVilniaus \u0161irdis\u201c - Slapta Meil\u0117\" \/>\n<meta property=\"og:description\" content=\"Koks skonis Vilniaus meil\u0117s legendos skonis? Tik\u0117tina \u2013 trapus, meduolinis ir visai be glajaus, kar\u016bnuotos \u0161irdies formos.  Tai ma\u017eytis, prieskoniais kvepiantis suvenyras i\u0161 Lietuvos. Jame \u2013 sviestas, medus, senoviniai U\u017egav\u0117ni\u0173 laik\u0173 prisiminimai ir \u012fspaustas ornamentas: \u0161irdis su kar\u016bna, lyg tylus miesto prisipa\u017einimas apie tai, kad meil\u0117 \u010dia niekada nei\u0161\u0117jo.  Meduolio id\u0117j\u0105 ir simbolik\u0105 suk\u016br\u0117 Julija Janus, o pakuot\u0117s dizainas \u2013 Petro Saul\u0117no darbas, jungiantis istorin\u012f atminim\u0105 su \u0161iuolaiki\u0161ka elegancija.  Puikiai tinka dovanai, suvenyrui ar tiesiog kai norisi atsik\u0105sti gabal\u0117lio Vilniaus legendos apie Augusto meil\u0119 Barborai.  Svoris\u00a020 g \u00b15 g Gamintojas\u00a0MB \u201eK\u016brybingi sprendimai\u201c Sukurta ir pagaminta Lietuvoje\" \/>\n<meta property=\"og:url\" content=\"https:\/\/slaptameile.lt\/en\/preke\/meduolis-vilniaus-sirdis\/\" \/>\n<meta property=\"og:site_name\" content=\"Slapta Meil\u0117\" \/>\n<meta property=\"article:publisher\" content=\"https:\/\/www.facebook.com\/SlaptaMeileBarbora\" \/>\n<meta property=\"article:modified_time\" content=\"2026-04-22T13:53:26+00:00\" \/>\n<meta property=\"og:image\" content=\"https:\/\/slaptameile.lt\/wp-content\/uploads\/2024\/08\/M-01.jpg\" \/>\n\t<meta property=\"og:image:width\" content=\"2250\" \/>\n\t<meta property=\"og:image:height\" content=\"3000\" \/>\n\t<meta property=\"og:image:type\" content=\"image\/jpeg\" \/>\n<meta name=\"twitter:card\" content=\"summary_large_image\" \/>\n<meta name=\"twitter:label1\" content=\"Est. reading time\" \/>\n\t<meta name=\"twitter:data1\" content=\"1 minute\" \/>\n<script type=\"application\/ld+json\" class=\"yoast-schema-graph\">{\"@context\":\"https:\\\/\\\/schema.org\",\"@graph\":[{\"@type\":\"WebPage\",\"@id\":\"https:\\\/\\\/slaptameile.lt\\\/preke\\\/meduolis-vilniaus-sirdis\\\/\",\"url\":\"https:\\\/\\\/slaptameile.lt\\\/preke\\\/meduolis-vilniaus-sirdis\\\/\",\"name\":\"Meduolis \u201eVilniaus \u0161irdis\u201c - Slapta Meil\u0117\",\"isPartOf\":{\"@id\":\"https:\\\/\\\/slaptameile.lt\\\/#website\"},\"primaryImageOfPage\":{\"@id\":\"https:\\\/\\\/slaptameile.lt\\\/preke\\\/meduolis-vilniaus-sirdis\\\/#primaryimage\"},\"image\":{\"@id\":\"https:\\\/\\\/slaptameile.lt\\\/preke\\\/meduolis-vilniaus-sirdis\\\/#primaryimage\"},\"thumbnailUrl\":\"https:\\\/\\\/slaptameile.lt\\\/wp-content\\\/uploads\\\/2024\\\/08\\\/M-01.jpg\",\"datePublished\":\"2024-08-01T11:56:51+00:00\",\"dateModified\":\"2026-04-22T13:53:26+00:00\",\"breadcrumb\":{\"@id\":\"https:\\\/\\\/slaptameile.lt\\\/preke\\\/meduolis-vilniaus-sirdis\\\/#breadcrumb\"},\"inLanguage\":\"en-US\",\"potentialAction\":[{\"@type\":\"ReadAction\",\"target\":[\"https:\\\/\\\/slaptameile.lt\\\/preke\\\/meduolis-vilniaus-sirdis\\\/\"]}]},{\"@type\":\"ImageObject\",\"inLanguage\":\"en-US\",\"@id\":\"https:\\\/\\\/slaptameile.lt\\\/preke\\\/meduolis-vilniaus-sirdis\\\/#primaryimage\",\"url\":\"https:\\\/\\\/slaptameile.lt\\\/wp-content\\\/uploads\\\/2024\\\/08\\\/M-01.jpg\",\"contentUrl\":\"https:\\\/\\\/slaptameile.lt\\\/wp-content\\\/uploads\\\/2024\\\/08\\\/M-01.jpg\",\"width\":2250,\"height\":3000},{\"@type\":\"BreadcrumbList\",\"@id\":\"https:\\\/\\\/slaptameile.lt\\\/preke\\\/meduolis-vilniaus-sirdis\\\/#breadcrumb\",\"itemListElement\":[{\"@type\":\"ListItem\",\"position\":1,\"name\":\"Home\",\"item\":\"https:\\\/\\\/slaptameile.lt\\\/\"},{\"@type\":\"ListItem\",\"position\":2,\"name\":\"Parduotuv\u0117\",\"item\":\"https:\\\/\\\/slaptameile.lt\\\/parduotuve\\\/\"},{\"@type\":\"ListItem\",\"position\":3,\"name\":\"Meduolis \u201eVilniaus \u0161irdis\u201c\"}]},{\"@type\":\"WebSite\",\"@id\":\"https:\\\/\\\/slaptameile.lt\\\/#website\",\"url\":\"https:\\\/\\\/slaptameile.lt\\\/\",\"name\":\"Slapta Meil\u0117\",\"description\":\"\",\"publisher\":{\"@id\":\"https:\\\/\\\/slaptameile.lt\\\/#organization\"},\"potentialAction\":[{\"@type\":\"SearchAction\",\"target\":{\"@type\":\"EntryPoint\",\"urlTemplate\":\"https:\\\/\\\/slaptameile.lt\\\/?s={search_term_string}\"},\"query-input\":{\"@type\":\"PropertyValueSpecification\",\"valueRequired\":true,\"valueName\":\"search_term_string\"}}],\"inLanguage\":\"en-US\"},{\"@type\":\"Organization\",\"@id\":\"https:\\\/\\\/slaptameile.lt\\\/#organization\",\"name\":\"Slapta Meil\u0117\",\"url\":\"https:\\\/\\\/slaptameile.lt\\\/\",\"logo\":{\"@type\":\"ImageObject\",\"inLanguage\":\"en-US\",\"@id\":\"https:\\\/\\\/slaptameile.lt\\\/#\\\/schema\\\/logo\\\/image\\\/\",\"url\":\"https:\\\/\\\/slaptameile.lt\\\/wp-content\\\/uploads\\\/2026\\\/04\\\/sm-logo.jpg\",\"contentUrl\":\"https:\\\/\\\/slaptameile.lt\\\/wp-content\\\/uploads\\\/2026\\\/04\\\/sm-logo.jpg\",\"width\":810,\"height\":380,\"caption\":\"Slapta Meil\u0117\"},\"image\":{\"@id\":\"https:\\\/\\\/slaptameile.lt\\\/#\\\/schema\\\/logo\\\/image\\\/\"},\"sameAs\":[\"https:\\\/\\\/www.facebook.com\\\/SlaptaMeileBarbora\",\"https:\\\/\\\/www.instagram.com\\\/slaptameile\",\"https:\\\/\\\/www.tiktok.com\\\/@slaptameile1\"]}]}<\/script>\n<!-- \/ Yoast SEO plugin. -->","yoast_head_json":{"title":"Meduolis \u201eVilniaus \u0161irdis\u201c - Slapta Meil\u0117","robots":{"index":"index","follow":"follow","max-snippet":"max-snippet:-1","max-image-preview":"max-image-preview:large","max-video-preview":"max-video-preview:-1"},"canonical":"https:\/\/slaptameile.lt\/en\/preke\/meduolis-vilniaus-sirdis\/","og_locale":"en_US","og_type":"article","og_title":"Meduolis \u201eVilniaus \u0161irdis\u201c - Slapta Meil\u0117","og_description":"Koks skonis Vilniaus meil\u0117s legendos skonis? Tik\u0117tina \u2013 trapus, meduolinis ir visai be glajaus, kar\u016bnuotos \u0161irdies formos.  Tai ma\u017eytis, prieskoniais kvepiantis suvenyras i\u0161 Lietuvos. Jame \u2013 sviestas, medus, senoviniai U\u017egav\u0117ni\u0173 laik\u0173 prisiminimai ir \u012fspaustas ornamentas: \u0161irdis su kar\u016bna, lyg tylus miesto prisipa\u017einimas apie tai, kad meil\u0117 \u010dia niekada nei\u0161\u0117jo.  Meduolio id\u0117j\u0105 ir simbolik\u0105 suk\u016br\u0117 Julija Janus, o pakuot\u0117s dizainas \u2013 Petro Saul\u0117no darbas, jungiantis istorin\u012f atminim\u0105 su \u0161iuolaiki\u0161ka elegancija.  Puikiai tinka dovanai, suvenyrui ar tiesiog kai norisi atsik\u0105sti gabal\u0117lio Vilniaus legendos apie Augusto meil\u0119 Barborai.  Svoris\u00a020 g \u00b15 g Gamintojas\u00a0MB \u201eK\u016brybingi sprendimai\u201c Sukurta ir pagaminta Lietuvoje","og_url":"https:\/\/slaptameile.lt\/en\/preke\/meduolis-vilniaus-sirdis\/","og_site_name":"Slapta Meil\u0117","article_publisher":"https:\/\/www.facebook.com\/SlaptaMeileBarbora","article_modified_time":"2026-04-22T13:53:26+00:00","og_image":[{"width":2250,"height":3000,"url":"https:\/\/slaptameile.lt\/wp-content\/uploads\/2024\/08\/M-01.jpg","type":"image\/jpeg"}],"twitter_card":"summary_large_image","twitter_misc":{"Est. reading time":"1 minute"},"schema":{"@context":"https:\/\/schema.org","@graph":[{"@type":"WebPage","@id":"https:\/\/slaptameile.lt\/preke\/meduolis-vilniaus-sirdis\/","url":"https:\/\/slaptameile.lt\/preke\/meduolis-vilniaus-sirdis\/","name":"Meduolis \u201eVilniaus \u0161irdis\u201c - Slapta Meil\u0117","isPartOf":{"@id":"https:\/\/slaptameile.lt\/#website"},"primaryImageOfPage":{"@id":"https:\/\/slaptameile.lt\/preke\/meduolis-vilniaus-sirdis\/#primaryimage"},"image":{"@id":"https:\/\/slaptameile.lt\/preke\/meduolis-vilniaus-sirdis\/#primaryimage"},"thumbnailUrl":"https:\/\/slaptameile.lt\/wp-content\/uploads\/2024\/08\/M-01.jpg","datePublished":"2024-08-01T11:56:51+00:00","dateModified":"2026-04-22T13:53:26+00:00","breadcrumb":{"@id":"https:\/\/slaptameile.lt\/preke\/meduolis-vilniaus-sirdis\/#breadcrumb"},"inLanguage":"en-US","potentialAction":[{"@type":"ReadAction","target":["https:\/\/slaptameile.lt\/preke\/meduolis-vilniaus-sirdis\/"]}]},{"@type":"ImageObject","inLanguage":"en-US","@id":"https:\/\/slaptameile.lt\/preke\/meduolis-vilniaus-sirdis\/#primaryimage","url":"https:\/\/slaptameile.lt\/wp-content\/uploads\/2024\/08\/M-01.jpg","contentUrl":"https:\/\/slaptameile.lt\/wp-content\/uploads\/2024\/08\/M-01.jpg","width":2250,"height":3000},{"@type":"BreadcrumbList","@id":"https:\/\/slaptameile.lt\/preke\/meduolis-vilniaus-sirdis\/#breadcrumb","itemListElement":[{"@type":"ListItem","position":1,"name":"Home","item":"https:\/\/slaptameile.lt\/"},{"@type":"ListItem","position":2,"name":"Parduotuv\u0117","item":"https:\/\/slaptameile.lt\/parduotuve\/"},{"@type":"ListItem","position":3,"name":"Meduolis \u201eVilniaus \u0161irdis\u201c"}]},{"@type":"WebSite","@id":"https:\/\/slaptameile.lt\/#website","url":"https:\/\/slaptameile.lt\/","name":"Secret Love","description":"","publisher":{"@id":"https:\/\/slaptameile.lt\/#organization"},"potentialAction":[{"@type":"SearchAction","target":{"@type":"EntryPoint","urlTemplate":"https:\/\/slaptameile.lt\/?s={search_term_string}"},"query-input":{"@type":"PropertyValueSpecification","valueRequired":true,"valueName":"search_term_string"}}],"inLanguage":"en-US"},{"@type":"Organization","@id":"https:\/\/slaptameile.lt\/#organization","name":"Secret Love","url":"https:\/\/slaptameile.lt\/","logo":{"@type":"ImageObject","inLanguage":"en-US","@id":"https:\/\/slaptameile.lt\/#\/schema\/logo\/image\/","url":"https:\/\/slaptameile.lt\/wp-content\/uploads\/2026\/04\/sm-logo.jpg","contentUrl":"https:\/\/slaptameile.lt\/wp-content\/uploads\/2026\/04\/sm-logo.jpg","width":810,"height":380,"caption":"Slapta Meil\u0117"},"image":{"@id":"https:\/\/slaptameile.lt\/#\/schema\/logo\/image\/"},"sameAs":["https:\/\/www.facebook.com\/SlaptaMeileBarbora","https:\/\/www.instagram.com\/slaptameile","https:\/\/www.tiktok.com\/@slaptameile1"]}]}},"_links":{"self":[{"href":"https:\/\/slaptameile.lt\/en\/wp-json\/wp\/v2\/product\/1125","targetHints":{"allow":["GET"]}}],"collection":[{"href":"https:\/\/slaptameile.lt\/en\/wp-json\/wp\/v2\/product"}],"about":[{"href":"https:\/\/slaptameile.lt\/en\/wp-json\/wp\/v2\/types\/product"}],"replies":[{"embeddable":true,"href":"https:\/\/slaptameile.lt\/en\/wp-json\/wp\/v2\/comments?post=1125"}],"wp:featuredmedia":[{"embeddable":true,"href":"https:\/\/slaptameile.lt\/en\/wp-json\/wp\/v2\/media\/2206"}],"wp:attachment":[{"href":"https:\/\/slaptameile.lt\/en\/wp-json\/wp\/v2\/media?parent=1125"}],"wp:term":[{"taxonomy":"partner","embeddable":true,"href":"https:\/\/slaptameile.lt\/en\/wp-json\/wp\/v2\/partner?post=1125"},{"taxonomy":"product_brand","embeddable":true,"href":"https:\/\/slaptameile.lt\/en\/wp-json\/wp\/v2\/product_brand?post=1125"},{"taxonomy":"product_cat","embeddable":true,"href":"https:\/\/slaptameile.lt\/en\/wp-json\/wp\/v2\/product_cat?post=1125"},{"taxonomy":"product_tag","embeddable":true,"href":"https:\/\/slaptameile.lt\/en\/wp-json\/wp\/v2\/product_tag?post=1125"}],"curies":[{"name":"wp","href":"https:\/\/api.w.org\/{rel}","templated":true}]}}