{"id":1107,"date":"2024-08-01T15:00:02","date_gmt":"2024-08-01T12:00:02","guid":{"rendered":"https:\/\/slaptameile.lt\/?post_type=product&#038;p=1107"},"modified":"2026-04-20T16:26:02","modified_gmt":"2026-04-20T13:26:02","slug":"meduoliai-karaliski-vilniaus","status":"publish","type":"product","link":"https:\/\/slaptameile.lt\/en\/preke\/meduoliai-karaliski-vilniaus\/","title":{"rendered":"Royal Wilmington Medallions\u201e"},"content":{"rendered":"<p>What is the taste of Vilnius? Fragile like the Old Town roof, sweet like a love letter from Barbora, aromatic like honey in a 16th-century royal palace kitchen.<\/p>\n<p>On these butter cookies is an entire love map: places where Barbora Radvilait\u0117 lived, loved, laughed, and prayed. The drawings on the packaging are by Julija Janus, and the design is by Petras Saul\u0117nas. And yes, it's all edible.<\/p>\n<p>Classic flavor: honey, butter, ancient spices, and a pinch of royal sarcasm. The perfect gift or souvenir from Lithuania \u2013 for those who prefer history not from a textbook, but from a plate.<\/p>\n<p>Weight 115 g \u00b15 g<br \/>\nManufacturer: Creative Solutions MB\u201e<br \/>\nMade and manufactured in Lithuania<\/p>","protected":false},"excerpt":{"rendered":"<p>What is the taste of Vilnius? Fragile like the Old Town roof, sweet like a love letter from Barbora, aromatic like honey in a 16th-century royal palace kitchen.<\/p>\n<p>On these butter cookies is an entire love map: places where Barbora Radvilait\u0117 lived, loved, laughed, and prayed. The drawings on the packaging are by Julija Janus, and the design is by Petras Saul\u0117nas. And yes, it's all edible.<\/p>\n<p>Classic flavor: honey, butter, ancient spices, and a pinch of royal sarcasm. The perfect gift or souvenir from Lithuania \u2013 for those who prefer history not from a textbook, but from a plate.<\/p>\n<p>Weight 115 g \u00b15 g<br \/>\nManufacturer: Creative Solutions MB\u201e<br \/>\nMade and manufactured in Lithuania<\/p>","protected":false},"featured_media":2193,"comment_status":"open","ping_status":"closed","template":"","meta":{"_acf_changed":false},"partner":[81],"product_brand":[],"product_cat":[18,28],"product_tag":[],"class_list":{"0":"post-1107","1":"product","2":"type-product","3":"status-publish","4":"has-post-thumbnail","6":"partner-meduoliu-namai","7":"product_cat-karaliskoji-kolekcija","8":"product_cat-rafinuotiems-gurmanams","10":"first","11":"instock","12":"sale","13":"taxable","14":"shipping-taxable","15":"purchasable","16":"product-type-simple"},"acf":[],"yoast_head":"<!-- This site is optimized with the Yoast SEO plugin v27.5 - https:\/\/yoast.com\/product\/yoast-seo-wordpress\/ -->\n<title>Meduoliai \u201eKarali\u0161ki Vilniaus\u201c - Slapta Meil\u0117<\/title>\n<meta name=\"robots\" content=\"index, follow, max-snippet:-1, max-image-preview:large, max-video-preview:-1\" \/>\n<link rel=\"canonical\" href=\"https:\/\/slaptameile.lt\/en\/preke\/meduoliai-karaliski-vilniaus\/\" \/>\n<meta property=\"og:locale\" content=\"en_US\" \/>\n<meta property=\"og:type\" content=\"article\" \/>\n<meta property=\"og:title\" content=\"Meduoliai \u201eKarali\u0161ki Vilniaus\u201c - Slapta Meil\u0117\" \/>\n<meta property=\"og:description\" content=\"Koks yra Vilniaus skonis? Trapus kaip senamies\u010dio stogas, saldus kaip meil\u0117s lai\u0161kas nuo Barboros, aromatingas kaip medus XVI a. karali\u0161k\u0173 r\u016bm\u0173 virtuv\u0117je.  Ant \u0161i\u0173 sviestini\u0173 meduoli\u0173 \u2013visas meil\u0117s \u017eem\u0117lapis: vietos, kur Barbora Radvilait\u0117 gyveno, myl\u0117jo, juok\u0117si ir meld\u0117si. Pie\u0161iniai ant pakuot\u0117s \u2013 Julijos Janus, dizainas \u2013 Petro Saul\u0117no. Ir taip, visa tai \u2013 valgoma.  Skonis klasikinis: medus, sviestas, senoviniai prieskoniai ir trupin\u0117lis karali\u0161ko sarkazmo. Tobula dovana arba suvenyras i\u0161 Lietuvos \u2013 tiems, kurie istorij\u0105 mieliau renkasi ne i\u0161 vadov\u0117lio, o nuo l\u0117k\u0161t\u0117s.  Svoris\u00a0115 g \u00b15 g Gamintojas\u00a0MB \u201eK\u016brybingi sprendimai\u201c Sukurta ir pagaminta Lietuvoje\" \/>\n<meta property=\"og:url\" content=\"https:\/\/slaptameile.lt\/en\/preke\/meduoliai-karaliski-vilniaus\/\" \/>\n<meta property=\"og:site_name\" content=\"Slapta Meil\u0117\" \/>\n<meta property=\"article:publisher\" content=\"https:\/\/www.facebook.com\/SlaptaMeileBarbora\" \/>\n<meta property=\"article:modified_time\" content=\"2026-04-20T13:26:02+00:00\" \/>\n<meta property=\"og:image\" content=\"https:\/\/slaptameile.lt\/wp-content\/uploads\/2024\/08\/Karaliskas-Vilnius-Meduoliai-Meduoliu-namai-01-1.jpg\" \/>\n\t<meta property=\"og:image:width\" content=\"2250\" \/>\n\t<meta property=\"og:image:height\" content=\"3000\" \/>\n\t<meta property=\"og:image:type\" content=\"image\/jpeg\" \/>\n<meta name=\"twitter:card\" content=\"summary_large_image\" \/>\n<meta name=\"twitter:label1\" content=\"Est. reading time\" \/>\n\t<meta name=\"twitter:data1\" content=\"1 minute\" \/>\n<script type=\"application\/ld+json\" class=\"yoast-schema-graph\">{\"@context\":\"https:\\\/\\\/schema.org\",\"@graph\":[{\"@type\":\"WebPage\",\"@id\":\"https:\\\/\\\/slaptameile.lt\\\/preke\\\/meduoliai-karaliski-vilniaus\\\/\",\"url\":\"https:\\\/\\\/slaptameile.lt\\\/preke\\\/meduoliai-karaliski-vilniaus\\\/\",\"name\":\"Meduoliai \u201eKarali\u0161ki Vilniaus\u201c - Slapta Meil\u0117\",\"isPartOf\":{\"@id\":\"https:\\\/\\\/slaptameile.lt\\\/#website\"},\"primaryImageOfPage\":{\"@id\":\"https:\\\/\\\/slaptameile.lt\\\/preke\\\/meduoliai-karaliski-vilniaus\\\/#primaryimage\"},\"image\":{\"@id\":\"https:\\\/\\\/slaptameile.lt\\\/preke\\\/meduoliai-karaliski-vilniaus\\\/#primaryimage\"},\"thumbnailUrl\":\"https:\\\/\\\/slaptameile.lt\\\/wp-content\\\/uploads\\\/2024\\\/08\\\/Karaliskas-Vilnius-Meduoliai-Meduoliu-namai-01-1.jpg\",\"datePublished\":\"2024-08-01T12:00:02+00:00\",\"dateModified\":\"2026-04-20T13:26:02+00:00\",\"breadcrumb\":{\"@id\":\"https:\\\/\\\/slaptameile.lt\\\/preke\\\/meduoliai-karaliski-vilniaus\\\/#breadcrumb\"},\"inLanguage\":\"en-US\",\"potentialAction\":[{\"@type\":\"ReadAction\",\"target\":[\"https:\\\/\\\/slaptameile.lt\\\/preke\\\/meduoliai-karaliski-vilniaus\\\/\"]}]},{\"@type\":\"ImageObject\",\"inLanguage\":\"en-US\",\"@id\":\"https:\\\/\\\/slaptameile.lt\\\/preke\\\/meduoliai-karaliski-vilniaus\\\/#primaryimage\",\"url\":\"https:\\\/\\\/slaptameile.lt\\\/wp-content\\\/uploads\\\/2024\\\/08\\\/Karaliskas-Vilnius-Meduoliai-Meduoliu-namai-01-1.jpg\",\"contentUrl\":\"https:\\\/\\\/slaptameile.lt\\\/wp-content\\\/uploads\\\/2024\\\/08\\\/Karaliskas-Vilnius-Meduoliai-Meduoliu-namai-01-1.jpg\",\"width\":2250,\"height\":3000},{\"@type\":\"BreadcrumbList\",\"@id\":\"https:\\\/\\\/slaptameile.lt\\\/preke\\\/meduoliai-karaliski-vilniaus\\\/#breadcrumb\",\"itemListElement\":[{\"@type\":\"ListItem\",\"position\":1,\"name\":\"Home\",\"item\":\"https:\\\/\\\/slaptameile.lt\\\/\"},{\"@type\":\"ListItem\",\"position\":2,\"name\":\"Parduotuv\u0117\",\"item\":\"https:\\\/\\\/slaptameile.lt\\\/parduotuve\\\/\"},{\"@type\":\"ListItem\",\"position\":3,\"name\":\"Meduoliai \u201eKarali\u0161ki Vilniaus\u201c\"}]},{\"@type\":\"WebSite\",\"@id\":\"https:\\\/\\\/slaptameile.lt\\\/#website\",\"url\":\"https:\\\/\\\/slaptameile.lt\\\/\",\"name\":\"Slapta Meil\u0117\",\"description\":\"\",\"publisher\":{\"@id\":\"https:\\\/\\\/slaptameile.lt\\\/#organization\"},\"potentialAction\":[{\"@type\":\"SearchAction\",\"target\":{\"@type\":\"EntryPoint\",\"urlTemplate\":\"https:\\\/\\\/slaptameile.lt\\\/?s={search_term_string}\"},\"query-input\":{\"@type\":\"PropertyValueSpecification\",\"valueRequired\":true,\"valueName\":\"search_term_string\"}}],\"inLanguage\":\"en-US\"},{\"@type\":\"Organization\",\"@id\":\"https:\\\/\\\/slaptameile.lt\\\/#organization\",\"name\":\"Slapta Meil\u0117\",\"url\":\"https:\\\/\\\/slaptameile.lt\\\/\",\"logo\":{\"@type\":\"ImageObject\",\"inLanguage\":\"en-US\",\"@id\":\"https:\\\/\\\/slaptameile.lt\\\/#\\\/schema\\\/logo\\\/image\\\/\",\"url\":\"https:\\\/\\\/slaptameile.lt\\\/wp-content\\\/uploads\\\/2026\\\/04\\\/sm-logo.jpg\",\"contentUrl\":\"https:\\\/\\\/slaptameile.lt\\\/wp-content\\\/uploads\\\/2026\\\/04\\\/sm-logo.jpg\",\"width\":810,\"height\":380,\"caption\":\"Slapta Meil\u0117\"},\"image\":{\"@id\":\"https:\\\/\\\/slaptameile.lt\\\/#\\\/schema\\\/logo\\\/image\\\/\"},\"sameAs\":[\"https:\\\/\\\/www.facebook.com\\\/SlaptaMeileBarbora\",\"https:\\\/\\\/www.instagram.com\\\/slaptameile\",\"https:\\\/\\\/www.tiktok.com\\\/@slaptameile1\"]}]}<\/script>\n<!-- \/ Yoast SEO plugin. -->","yoast_head_json":{"title":"Meduoliai \u201eKarali\u0161ki Vilniaus\u201c - Slapta Meil\u0117","robots":{"index":"index","follow":"follow","max-snippet":"max-snippet:-1","max-image-preview":"max-image-preview:large","max-video-preview":"max-video-preview:-1"},"canonical":"https:\/\/slaptameile.lt\/en\/preke\/meduoliai-karaliski-vilniaus\/","og_locale":"en_US","og_type":"article","og_title":"Meduoliai \u201eKarali\u0161ki Vilniaus\u201c - Slapta Meil\u0117","og_description":"Koks yra Vilniaus skonis? Trapus kaip senamies\u010dio stogas, saldus kaip meil\u0117s lai\u0161kas nuo Barboros, aromatingas kaip medus XVI a. karali\u0161k\u0173 r\u016bm\u0173 virtuv\u0117je.  Ant \u0161i\u0173 sviestini\u0173 meduoli\u0173 \u2013visas meil\u0117s \u017eem\u0117lapis: vietos, kur Barbora Radvilait\u0117 gyveno, myl\u0117jo, juok\u0117si ir meld\u0117si. Pie\u0161iniai ant pakuot\u0117s \u2013 Julijos Janus, dizainas \u2013 Petro Saul\u0117no. Ir taip, visa tai \u2013 valgoma.  Skonis klasikinis: medus, sviestas, senoviniai prieskoniai ir trupin\u0117lis karali\u0161ko sarkazmo. Tobula dovana arba suvenyras i\u0161 Lietuvos \u2013 tiems, kurie istorij\u0105 mieliau renkasi ne i\u0161 vadov\u0117lio, o nuo l\u0117k\u0161t\u0117s.  Svoris\u00a0115 g \u00b15 g Gamintojas\u00a0MB \u201eK\u016brybingi sprendimai\u201c Sukurta ir pagaminta Lietuvoje","og_url":"https:\/\/slaptameile.lt\/en\/preke\/meduoliai-karaliski-vilniaus\/","og_site_name":"Slapta Meil\u0117","article_publisher":"https:\/\/www.facebook.com\/SlaptaMeileBarbora","article_modified_time":"2026-04-20T13:26:02+00:00","og_image":[{"width":2250,"height":3000,"url":"https:\/\/slaptameile.lt\/wp-content\/uploads\/2024\/08\/Karaliskas-Vilnius-Meduoliai-Meduoliu-namai-01-1.jpg","type":"image\/jpeg"}],"twitter_card":"summary_large_image","twitter_misc":{"Est. reading time":"1 minute"},"schema":{"@context":"https:\/\/schema.org","@graph":[{"@type":"WebPage","@id":"https:\/\/slaptameile.lt\/preke\/meduoliai-karaliski-vilniaus\/","url":"https:\/\/slaptameile.lt\/preke\/meduoliai-karaliski-vilniaus\/","name":"Meduoliai \u201eKarali\u0161ki Vilniaus\u201c - Slapta Meil\u0117","isPartOf":{"@id":"https:\/\/slaptameile.lt\/#website"},"primaryImageOfPage":{"@id":"https:\/\/slaptameile.lt\/preke\/meduoliai-karaliski-vilniaus\/#primaryimage"},"image":{"@id":"https:\/\/slaptameile.lt\/preke\/meduoliai-karaliski-vilniaus\/#primaryimage"},"thumbnailUrl":"https:\/\/slaptameile.lt\/wp-content\/uploads\/2024\/08\/Karaliskas-Vilnius-Meduoliai-Meduoliu-namai-01-1.jpg","datePublished":"2024-08-01T12:00:02+00:00","dateModified":"2026-04-20T13:26:02+00:00","breadcrumb":{"@id":"https:\/\/slaptameile.lt\/preke\/meduoliai-karaliski-vilniaus\/#breadcrumb"},"inLanguage":"en-US","potentialAction":[{"@type":"ReadAction","target":["https:\/\/slaptameile.lt\/preke\/meduoliai-karaliski-vilniaus\/"]}]},{"@type":"ImageObject","inLanguage":"en-US","@id":"https:\/\/slaptameile.lt\/preke\/meduoliai-karaliski-vilniaus\/#primaryimage","url":"https:\/\/slaptameile.lt\/wp-content\/uploads\/2024\/08\/Karaliskas-Vilnius-Meduoliai-Meduoliu-namai-01-1.jpg","contentUrl":"https:\/\/slaptameile.lt\/wp-content\/uploads\/2024\/08\/Karaliskas-Vilnius-Meduoliai-Meduoliu-namai-01-1.jpg","width":2250,"height":3000},{"@type":"BreadcrumbList","@id":"https:\/\/slaptameile.lt\/preke\/meduoliai-karaliski-vilniaus\/#breadcrumb","itemListElement":[{"@type":"ListItem","position":1,"name":"Home","item":"https:\/\/slaptameile.lt\/"},{"@type":"ListItem","position":2,"name":"Parduotuv\u0117","item":"https:\/\/slaptameile.lt\/parduotuve\/"},{"@type":"ListItem","position":3,"name":"Meduoliai \u201eKarali\u0161ki Vilniaus\u201c"}]},{"@type":"WebSite","@id":"https:\/\/slaptameile.lt\/#website","url":"https:\/\/slaptameile.lt\/","name":"Secret Love","description":"","publisher":{"@id":"https:\/\/slaptameile.lt\/#organization"},"potentialAction":[{"@type":"SearchAction","target":{"@type":"EntryPoint","urlTemplate":"https:\/\/slaptameile.lt\/?s={search_term_string}"},"query-input":{"@type":"PropertyValueSpecification","valueRequired":true,"valueName":"search_term_string"}}],"inLanguage":"en-US"},{"@type":"Organization","@id":"https:\/\/slaptameile.lt\/#organization","name":"Secret Love","url":"https:\/\/slaptameile.lt\/","logo":{"@type":"ImageObject","inLanguage":"en-US","@id":"https:\/\/slaptameile.lt\/#\/schema\/logo\/image\/","url":"https:\/\/slaptameile.lt\/wp-content\/uploads\/2026\/04\/sm-logo.jpg","contentUrl":"https:\/\/slaptameile.lt\/wp-content\/uploads\/2026\/04\/sm-logo.jpg","width":810,"height":380,"caption":"Slapta Meil\u0117"},"image":{"@id":"https:\/\/slaptameile.lt\/#\/schema\/logo\/image\/"},"sameAs":["https:\/\/www.facebook.com\/SlaptaMeileBarbora","https:\/\/www.instagram.com\/slaptameile","https:\/\/www.tiktok.com\/@slaptameile1"]}]}},"_links":{"self":[{"href":"https:\/\/slaptameile.lt\/en\/wp-json\/wp\/v2\/product\/1107","targetHints":{"allow":["GET"]}}],"collection":[{"href":"https:\/\/slaptameile.lt\/en\/wp-json\/wp\/v2\/product"}],"about":[{"href":"https:\/\/slaptameile.lt\/en\/wp-json\/wp\/v2\/types\/product"}],"replies":[{"embeddable":true,"href":"https:\/\/slaptameile.lt\/en\/wp-json\/wp\/v2\/comments?post=1107"}],"wp:featuredmedia":[{"embeddable":true,"href":"https:\/\/slaptameile.lt\/en\/wp-json\/wp\/v2\/media\/2193"}],"wp:attachment":[{"href":"https:\/\/slaptameile.lt\/en\/wp-json\/wp\/v2\/media?parent=1107"}],"wp:term":[{"taxonomy":"partner","embeddable":true,"href":"https:\/\/slaptameile.lt\/en\/wp-json\/wp\/v2\/partner?post=1107"},{"taxonomy":"product_brand","embeddable":true,"href":"https:\/\/slaptameile.lt\/en\/wp-json\/wp\/v2\/product_brand?post=1107"},{"taxonomy":"product_cat","embeddable":true,"href":"https:\/\/slaptameile.lt\/en\/wp-json\/wp\/v2\/product_cat?post=1107"},{"taxonomy":"product_tag","embeddable":true,"href":"https:\/\/slaptameile.lt\/en\/wp-json\/wp\/v2\/product_tag?post=1107"}],"curies":[{"name":"wp","href":"https:\/\/api.w.org\/{rel}","templated":true}]}}