{"id":1094,"date":"2024-08-01T15:02:06","date_gmt":"2024-08-01T12:02:06","guid":{"rendered":"https:\/\/slaptameile.lt\/?post_type=product&#038;p=1094"},"modified":"2026-04-22T16:53:26","modified_gmt":"2026-04-22T13:53:26","slug":"meduoliai-karalienes-barboros","status":"publish","type":"product","link":"https:\/\/slaptameile.lt\/en\/preke\/meduoliai-karalienes-barboros\/","title":{"rendered":"Gingerbread \u201eQueen Barbara\u201c"},"content":{"rendered":"<p>Trap\u016bs sviestiniai meduoliai su medumi, senoviniais prieskoniais ir d\u017eiovintais levand\u0173, ro\u017ei\u0173 bei na\u0161lai\u010di\u0173 \u017eiedlapiais \u2013 tarsi desertinis Barboros lai\u0161kas i\u0161 XVI a. Visi\u0161kai valgomas. Ir daug skanesnis nei bet kuris \u201eistorinis \u0161altinis\u201c.<\/p>\n<p>Pakuot\u0117s id\u0117ja ir pie\u0161iniai \u2013 Julijos Janus, dizainas \u2013 Petro Saul\u0117no k\u016brinys, kuriame dera karali\u0161ka elegancija, floristin\u0117 melancholija ir labai ai\u0161ki \u017einut\u0117: \u0161ie meduoliai \u2013 legenda.<\/p>\n<p>Puikiai tinka dovanai, vakarui su karali\u0161ka nuotaika ar kaip i\u0161skirtinis\u00a0suvenyras i\u0161 Lietuvos. Skonis, kuris prilygsta legendai. Ar bent jau i\u0161sklaido b\u016btinyb\u0119 skaityti \u201eKaralien\u0117s Barboros\u201c biografij\u0105.<\/p>\n<p>Svoris\u00a095 g \u00b15 g<br \/>\nManufacturer: Creative Solutions MB\u201e<br \/>\nMade and manufactured in Lithuania<\/p>","protected":false},"excerpt":{"rendered":"<p>Trap\u016bs sviestiniai meduoliai su medumi, senoviniais prieskoniais ir d\u017eiovintais levand\u0173, ro\u017ei\u0173 bei na\u0161lai\u010di\u0173 \u017eiedlapiais \u2013 tarsi desertinis Barboros lai\u0161kas i\u0161 XVI a. Visi\u0161kai valgomas. Ir daug skanesnis nei bet kuris \u201eistorinis \u0161altinis\u201c.<\/p>\n<p>Pakuot\u0117s id\u0117ja ir pie\u0161iniai \u2013 Julijos Janus, dizainas \u2013 Petro Saul\u0117no k\u016brinys, kuriame dera karali\u0161ka elegancija, floristin\u0117 melancholija ir labai ai\u0161ki \u017einut\u0117: \u0161ie meduoliai \u2013 legenda.<\/p>\n<p>Puikiai tinka dovanai, vakarui su karali\u0161ka nuotaika ar kaip i\u0161skirtinis\u00a0suvenyras i\u0161 Lietuvos. Skonis, kuris prilygsta legendai. Ar bent jau i\u0161sklaido b\u016btinyb\u0119 skaityti \u201eKaralien\u0117s Barboros\u201c biografij\u0105.<\/p>\n<p>Svoris\u00a095 g \u00b15 g<br \/>\nManufacturer: Creative Solutions MB\u201e<br \/>\nMade and manufactured in Lithuania<\/p>","protected":false},"featured_media":2161,"comment_status":"open","ping_status":"closed","template":"","meta":{"_acf_changed":false},"partner":[81],"product_brand":[],"product_cat":[18,28],"product_tag":[],"class_list":{"0":"post-1094","1":"product","2":"type-product","3":"status-publish","4":"has-post-thumbnail","6":"partner-meduoliu-namai","7":"product_cat-karaliskoji-kolekcija","8":"product_cat-rafinuotiems-gurmanams","10":"first","11":"instock","12":"sale","13":"taxable","14":"shipping-taxable","15":"purchasable","16":"product-type-simple"},"acf":[],"yoast_head":"<!-- This site is optimized with the Yoast SEO plugin v27.5 - https:\/\/yoast.com\/product\/yoast-seo-wordpress\/ -->\n<title>Meduoliai \u201eKaralien\u0117s Barboros\u201c - Slapta Meil\u0117<\/title>\n<meta name=\"robots\" content=\"index, follow, max-snippet:-1, max-image-preview:large, max-video-preview:-1\" \/>\n<link rel=\"canonical\" href=\"https:\/\/slaptameile.lt\/en\/preke\/meduoliai-karalienes-barboros\/\" \/>\n<meta property=\"og:locale\" content=\"en_US\" \/>\n<meta property=\"og:type\" content=\"article\" \/>\n<meta property=\"og:title\" content=\"Meduoliai \u201eKaralien\u0117s Barboros\u201c - Slapta Meil\u0117\" \/>\n<meta property=\"og:description\" content=\"Trap\u016bs sviestiniai meduoliai su medumi, senoviniais prieskoniais ir d\u017eiovintais levand\u0173, ro\u017ei\u0173 bei na\u0161lai\u010di\u0173 \u017eiedlapiais \u2013 tarsi desertinis Barboros lai\u0161kas i\u0161 XVI a. Visi\u0161kai valgomas. Ir daug skanesnis nei bet kuris \u201eistorinis \u0161altinis\u201c.  Pakuot\u0117s id\u0117ja ir pie\u0161iniai \u2013 Julijos Janus, dizainas \u2013 Petro Saul\u0117no k\u016brinys, kuriame dera karali\u0161ka elegancija, floristin\u0117 melancholija ir labai ai\u0161ki \u017einut\u0117: \u0161ie meduoliai \u2013 legenda.  Puikiai tinka dovanai, vakarui su karali\u0161ka nuotaika ar kaip i\u0161skirtinis\u00a0suvenyras i\u0161 Lietuvos. Skonis, kuris prilygsta legendai. Ar bent jau i\u0161sklaido b\u016btinyb\u0119 skaityti \u201eKaralien\u0117s Barboros\u201c biografij\u0105.  Svoris\u00a095 g \u00b15 g Gamintojas\u00a0MB \u201eK\u016brybingi sprendimai\u201c Sukurta ir pagaminta Lietuvoje\" \/>\n<meta property=\"og:url\" content=\"https:\/\/slaptameile.lt\/en\/preke\/meduoliai-karalienes-barboros\/\" \/>\n<meta property=\"og:site_name\" content=\"Slapta Meil\u0117\" \/>\n<meta property=\"article:publisher\" content=\"https:\/\/www.facebook.com\/SlaptaMeileBarbora\" \/>\n<meta property=\"article:modified_time\" content=\"2026-04-22T13:53:26+00:00\" \/>\n<meta property=\"og:image\" content=\"https:\/\/slaptameile.lt\/wp-content\/uploads\/2024\/08\/Barbora-Meduoliai-Meduoliu-namai-Produkto-01-2.jpg\" \/>\n\t<meta property=\"og:image:width\" content=\"2250\" \/>\n\t<meta property=\"og:image:height\" content=\"3000\" \/>\n\t<meta property=\"og:image:type\" content=\"image\/jpeg\" \/>\n<meta name=\"twitter:card\" content=\"summary_large_image\" \/>\n<meta name=\"twitter:label1\" content=\"Est. reading time\" \/>\n\t<meta name=\"twitter:data1\" content=\"1 minute\" \/>\n<script type=\"application\/ld+json\" class=\"yoast-schema-graph\">{\"@context\":\"https:\\\/\\\/schema.org\",\"@graph\":[{\"@type\":\"WebPage\",\"@id\":\"https:\\\/\\\/slaptameile.lt\\\/preke\\\/meduoliai-karalienes-barboros\\\/\",\"url\":\"https:\\\/\\\/slaptameile.lt\\\/preke\\\/meduoliai-karalienes-barboros\\\/\",\"name\":\"Meduoliai \u201eKaralien\u0117s Barboros\u201c - Slapta Meil\u0117\",\"isPartOf\":{\"@id\":\"https:\\\/\\\/slaptameile.lt\\\/#website\"},\"primaryImageOfPage\":{\"@id\":\"https:\\\/\\\/slaptameile.lt\\\/preke\\\/meduoliai-karalienes-barboros\\\/#primaryimage\"},\"image\":{\"@id\":\"https:\\\/\\\/slaptameile.lt\\\/preke\\\/meduoliai-karalienes-barboros\\\/#primaryimage\"},\"thumbnailUrl\":\"https:\\\/\\\/slaptameile.lt\\\/wp-content\\\/uploads\\\/2024\\\/08\\\/Barbora-Meduoliai-Meduoliu-namai-Produkto-01-2.jpg\",\"datePublished\":\"2024-08-01T12:02:06+00:00\",\"dateModified\":\"2026-04-22T13:53:26+00:00\",\"breadcrumb\":{\"@id\":\"https:\\\/\\\/slaptameile.lt\\\/preke\\\/meduoliai-karalienes-barboros\\\/#breadcrumb\"},\"inLanguage\":\"en-US\",\"potentialAction\":[{\"@type\":\"ReadAction\",\"target\":[\"https:\\\/\\\/slaptameile.lt\\\/preke\\\/meduoliai-karalienes-barboros\\\/\"]}]},{\"@type\":\"ImageObject\",\"inLanguage\":\"en-US\",\"@id\":\"https:\\\/\\\/slaptameile.lt\\\/preke\\\/meduoliai-karalienes-barboros\\\/#primaryimage\",\"url\":\"https:\\\/\\\/slaptameile.lt\\\/wp-content\\\/uploads\\\/2024\\\/08\\\/Barbora-Meduoliai-Meduoliu-namai-Produkto-01-2.jpg\",\"contentUrl\":\"https:\\\/\\\/slaptameile.lt\\\/wp-content\\\/uploads\\\/2024\\\/08\\\/Barbora-Meduoliai-Meduoliu-namai-Produkto-01-2.jpg\",\"width\":2250,\"height\":3000},{\"@type\":\"BreadcrumbList\",\"@id\":\"https:\\\/\\\/slaptameile.lt\\\/preke\\\/meduoliai-karalienes-barboros\\\/#breadcrumb\",\"itemListElement\":[{\"@type\":\"ListItem\",\"position\":1,\"name\":\"Home\",\"item\":\"https:\\\/\\\/slaptameile.lt\\\/\"},{\"@type\":\"ListItem\",\"position\":2,\"name\":\"Parduotuv\u0117\",\"item\":\"https:\\\/\\\/slaptameile.lt\\\/parduotuve\\\/\"},{\"@type\":\"ListItem\",\"position\":3,\"name\":\"Meduoliai \u201eKaralien\u0117s Barboros\u201c\"}]},{\"@type\":\"WebSite\",\"@id\":\"https:\\\/\\\/slaptameile.lt\\\/#website\",\"url\":\"https:\\\/\\\/slaptameile.lt\\\/\",\"name\":\"Slapta Meil\u0117\",\"description\":\"\",\"publisher\":{\"@id\":\"https:\\\/\\\/slaptameile.lt\\\/#organization\"},\"potentialAction\":[{\"@type\":\"SearchAction\",\"target\":{\"@type\":\"EntryPoint\",\"urlTemplate\":\"https:\\\/\\\/slaptameile.lt\\\/?s={search_term_string}\"},\"query-input\":{\"@type\":\"PropertyValueSpecification\",\"valueRequired\":true,\"valueName\":\"search_term_string\"}}],\"inLanguage\":\"en-US\"},{\"@type\":\"Organization\",\"@id\":\"https:\\\/\\\/slaptameile.lt\\\/#organization\",\"name\":\"Slapta Meil\u0117\",\"url\":\"https:\\\/\\\/slaptameile.lt\\\/\",\"logo\":{\"@type\":\"ImageObject\",\"inLanguage\":\"en-US\",\"@id\":\"https:\\\/\\\/slaptameile.lt\\\/#\\\/schema\\\/logo\\\/image\\\/\",\"url\":\"https:\\\/\\\/slaptameile.lt\\\/wp-content\\\/uploads\\\/2026\\\/04\\\/sm-logo.jpg\",\"contentUrl\":\"https:\\\/\\\/slaptameile.lt\\\/wp-content\\\/uploads\\\/2026\\\/04\\\/sm-logo.jpg\",\"width\":810,\"height\":380,\"caption\":\"Slapta Meil\u0117\"},\"image\":{\"@id\":\"https:\\\/\\\/slaptameile.lt\\\/#\\\/schema\\\/logo\\\/image\\\/\"},\"sameAs\":[\"https:\\\/\\\/www.facebook.com\\\/SlaptaMeileBarbora\",\"https:\\\/\\\/www.instagram.com\\\/slaptameile\",\"https:\\\/\\\/www.tiktok.com\\\/@slaptameile1\"]}]}<\/script>\n<!-- \/ Yoast SEO plugin. -->","yoast_head_json":{"title":"Meduoliai \u201eKaralien\u0117s Barboros\u201c - Slapta Meil\u0117","robots":{"index":"index","follow":"follow","max-snippet":"max-snippet:-1","max-image-preview":"max-image-preview:large","max-video-preview":"max-video-preview:-1"},"canonical":"https:\/\/slaptameile.lt\/en\/preke\/meduoliai-karalienes-barboros\/","og_locale":"en_US","og_type":"article","og_title":"Meduoliai \u201eKaralien\u0117s Barboros\u201c - Slapta Meil\u0117","og_description":"Trap\u016bs sviestiniai meduoliai su medumi, senoviniais prieskoniais ir d\u017eiovintais levand\u0173, ro\u017ei\u0173 bei na\u0161lai\u010di\u0173 \u017eiedlapiais \u2013 tarsi desertinis Barboros lai\u0161kas i\u0161 XVI a. Visi\u0161kai valgomas. Ir daug skanesnis nei bet kuris \u201eistorinis \u0161altinis\u201c.  Pakuot\u0117s id\u0117ja ir pie\u0161iniai \u2013 Julijos Janus, dizainas \u2013 Petro Saul\u0117no k\u016brinys, kuriame dera karali\u0161ka elegancija, floristin\u0117 melancholija ir labai ai\u0161ki \u017einut\u0117: \u0161ie meduoliai \u2013 legenda.  Puikiai tinka dovanai, vakarui su karali\u0161ka nuotaika ar kaip i\u0161skirtinis\u00a0suvenyras i\u0161 Lietuvos. Skonis, kuris prilygsta legendai. Ar bent jau i\u0161sklaido b\u016btinyb\u0119 skaityti \u201eKaralien\u0117s Barboros\u201c biografij\u0105.  Svoris\u00a095 g \u00b15 g Gamintojas\u00a0MB \u201eK\u016brybingi sprendimai\u201c Sukurta ir pagaminta Lietuvoje","og_url":"https:\/\/slaptameile.lt\/en\/preke\/meduoliai-karalienes-barboros\/","og_site_name":"Slapta Meil\u0117","article_publisher":"https:\/\/www.facebook.com\/SlaptaMeileBarbora","article_modified_time":"2026-04-22T13:53:26+00:00","og_image":[{"width":2250,"height":3000,"url":"https:\/\/slaptameile.lt\/wp-content\/uploads\/2024\/08\/Barbora-Meduoliai-Meduoliu-namai-Produkto-01-2.jpg","type":"image\/jpeg"}],"twitter_card":"summary_large_image","twitter_misc":{"Est. reading time":"1 minute"},"schema":{"@context":"https:\/\/schema.org","@graph":[{"@type":"WebPage","@id":"https:\/\/slaptameile.lt\/preke\/meduoliai-karalienes-barboros\/","url":"https:\/\/slaptameile.lt\/preke\/meduoliai-karalienes-barboros\/","name":"Meduoliai \u201eKaralien\u0117s Barboros\u201c - Slapta Meil\u0117","isPartOf":{"@id":"https:\/\/slaptameile.lt\/#website"},"primaryImageOfPage":{"@id":"https:\/\/slaptameile.lt\/preke\/meduoliai-karalienes-barboros\/#primaryimage"},"image":{"@id":"https:\/\/slaptameile.lt\/preke\/meduoliai-karalienes-barboros\/#primaryimage"},"thumbnailUrl":"https:\/\/slaptameile.lt\/wp-content\/uploads\/2024\/08\/Barbora-Meduoliai-Meduoliu-namai-Produkto-01-2.jpg","datePublished":"2024-08-01T12:02:06+00:00","dateModified":"2026-04-22T13:53:26+00:00","breadcrumb":{"@id":"https:\/\/slaptameile.lt\/preke\/meduoliai-karalienes-barboros\/#breadcrumb"},"inLanguage":"en-US","potentialAction":[{"@type":"ReadAction","target":["https:\/\/slaptameile.lt\/preke\/meduoliai-karalienes-barboros\/"]}]},{"@type":"ImageObject","inLanguage":"en-US","@id":"https:\/\/slaptameile.lt\/preke\/meduoliai-karalienes-barboros\/#primaryimage","url":"https:\/\/slaptameile.lt\/wp-content\/uploads\/2024\/08\/Barbora-Meduoliai-Meduoliu-namai-Produkto-01-2.jpg","contentUrl":"https:\/\/slaptameile.lt\/wp-content\/uploads\/2024\/08\/Barbora-Meduoliai-Meduoliu-namai-Produkto-01-2.jpg","width":2250,"height":3000},{"@type":"BreadcrumbList","@id":"https:\/\/slaptameile.lt\/preke\/meduoliai-karalienes-barboros\/#breadcrumb","itemListElement":[{"@type":"ListItem","position":1,"name":"Home","item":"https:\/\/slaptameile.lt\/"},{"@type":"ListItem","position":2,"name":"Parduotuv\u0117","item":"https:\/\/slaptameile.lt\/parduotuve\/"},{"@type":"ListItem","position":3,"name":"Meduoliai \u201eKaralien\u0117s Barboros\u201c"}]},{"@type":"WebSite","@id":"https:\/\/slaptameile.lt\/#website","url":"https:\/\/slaptameile.lt\/","name":"Secret Love","description":"","publisher":{"@id":"https:\/\/slaptameile.lt\/#organization"},"potentialAction":[{"@type":"SearchAction","target":{"@type":"EntryPoint","urlTemplate":"https:\/\/slaptameile.lt\/?s={search_term_string}"},"query-input":{"@type":"PropertyValueSpecification","valueRequired":true,"valueName":"search_term_string"}}],"inLanguage":"en-US"},{"@type":"Organization","@id":"https:\/\/slaptameile.lt\/#organization","name":"Secret Love","url":"https:\/\/slaptameile.lt\/","logo":{"@type":"ImageObject","inLanguage":"en-US","@id":"https:\/\/slaptameile.lt\/#\/schema\/logo\/image\/","url":"https:\/\/slaptameile.lt\/wp-content\/uploads\/2026\/04\/sm-logo.jpg","contentUrl":"https:\/\/slaptameile.lt\/wp-content\/uploads\/2026\/04\/sm-logo.jpg","width":810,"height":380,"caption":"Slapta Meil\u0117"},"image":{"@id":"https:\/\/slaptameile.lt\/#\/schema\/logo\/image\/"},"sameAs":["https:\/\/www.facebook.com\/SlaptaMeileBarbora","https:\/\/www.instagram.com\/slaptameile","https:\/\/www.tiktok.com\/@slaptameile1"]}]}},"_links":{"self":[{"href":"https:\/\/slaptameile.lt\/en\/wp-json\/wp\/v2\/product\/1094","targetHints":{"allow":["GET"]}}],"collection":[{"href":"https:\/\/slaptameile.lt\/en\/wp-json\/wp\/v2\/product"}],"about":[{"href":"https:\/\/slaptameile.lt\/en\/wp-json\/wp\/v2\/types\/product"}],"replies":[{"embeddable":true,"href":"https:\/\/slaptameile.lt\/en\/wp-json\/wp\/v2\/comments?post=1094"}],"wp:featuredmedia":[{"embeddable":true,"href":"https:\/\/slaptameile.lt\/en\/wp-json\/wp\/v2\/media\/2161"}],"wp:attachment":[{"href":"https:\/\/slaptameile.lt\/en\/wp-json\/wp\/v2\/media?parent=1094"}],"wp:term":[{"taxonomy":"partner","embeddable":true,"href":"https:\/\/slaptameile.lt\/en\/wp-json\/wp\/v2\/partner?post=1094"},{"taxonomy":"product_brand","embeddable":true,"href":"https:\/\/slaptameile.lt\/en\/wp-json\/wp\/v2\/product_brand?post=1094"},{"taxonomy":"product_cat","embeddable":true,"href":"https:\/\/slaptameile.lt\/en\/wp-json\/wp\/v2\/product_cat?post=1094"},{"taxonomy":"product_tag","embeddable":true,"href":"https:\/\/slaptameile.lt\/en\/wp-json\/wp\/v2\/product_tag?post=1094"}],"curies":[{"name":"wp","href":"https:\/\/api.w.org\/{rel}","templated":true}]}}