{"id":1082,"date":"2024-08-01T15:03:59","date_gmt":"2024-08-01T12:03:59","guid":{"rendered":"https:\/\/slaptameile.lt\/?post_type=product&#038;p=1082"},"modified":"2026-04-21T19:23:06","modified_gmt":"2026-04-21T16:23:06","slug":"saldainiai-karaliene-kotryna-jogailaite","status":"publish","type":"product","link":"https:\/\/slaptameile.lt\/en\/preke\/saldainiai-karaliene-kotryna-jogailaite\/","title":{"rendered":"Queen Catherine Jagiellon Candy\u201e"},"content":{"rendered":"<p>Looking for a gift with both flavor and history? Handmade candies with almonds, rice crisps, and milk chocolate \u2013 inspired by Catherine Jagiellon, a Lithuanian princess who became Queen of Sweden. Because who says you can't be stylish, sweet, and bring noble chaos when you move to Scandinavia?<\/p>\n<p>Crunchy almonds, smooth milk chocolate, and a delicate texture \u2013 these are not just sweets, but a snack with diplomatic character. Perfect for those who love treats with personality, and are looking for a healthier sweetness with a crown in the history of desserts. The packaging is a creation by Petras Saul\u0117nas.<\/p>\n<p>Candy composition:<br \/>\nmilk chocolate 61 %, almonds 32.5 %, rice crisps 6.5 %<br \/>\nWeight 115 g<\/p>\n<p>Think like:<br \/>\na gift for the queen (or at least for a friend who feels like one)<br \/>\nSweets with history<br \/>\nperfect for those who love crunch and elegance in one bite<\/p>\n<p>Made and manufactured in Lithuania<\/p>","protected":false},"excerpt":{"rendered":"<p>Looking for a gift with both flavor and history? Handmade candies with almonds, rice crisps, and milk chocolate \u2013 inspired by Catherine Jagiellon, a Lithuanian princess who became Queen of Sweden. Because who says you can't be stylish, sweet, and bring noble chaos when you move to Scandinavia?<\/p>\n<p>Crunchy almonds, smooth milk chocolate, and a delicate texture \u2013 these are not just sweets, but a snack with diplomatic character. Perfect for those who love treats with personality, and are looking for a healthier sweetness with a crown in the history of desserts. The packaging is a creation by Petras Saul\u0117nas.<\/p>\n<p>Candy composition:<br \/>\nmilk chocolate 61 %, almonds 32.5 %, rice crisps 6.5 %<br \/>\nWeight 115 g<\/p>\n<p>Think like:<br \/>\na gift for the queen (or at least for a friend who feels like one)<br \/>\nSweets with history<br \/>\nperfect for those who love crunch and elegance in one bite<\/p>\n<p>Made and manufactured in Lithuania<\/p>","protected":false},"featured_media":2199,"comment_status":"open","ping_status":"closed","template":"","meta":{"_acf_changed":false},"partner":[51],"product_brand":[],"product_cat":[18,28],"product_tag":[],"class_list":{"0":"post-1082","1":"product","2":"type-product","3":"status-publish","4":"has-post-thumbnail","6":"partner-saldainiu-fabrikas-ruta","7":"product_cat-karaliskoji-kolekcija","8":"product_cat-rafinuotiems-gurmanams","10":"first","11":"instock","12":"sale","13":"taxable","14":"shipping-taxable","15":"purchasable","16":"product-type-simple"},"acf":[],"yoast_head":"<!-- This site is optimized with the Yoast SEO plugin v27.5 - https:\/\/yoast.com\/product\/yoast-seo-wordpress\/ -->\n<title>Saldainiai \u201eKaralien\u0117 Kotryna Jogailait\u0117\u201c - Slapta Meil\u0117<\/title>\n<meta name=\"robots\" content=\"index, follow, max-snippet:-1, max-image-preview:large, max-video-preview:-1\" \/>\n<link rel=\"canonical\" href=\"https:\/\/slaptameile.lt\/en\/preke\/saldainiai-karaliene-kotryna-jogailaite\/\" \/>\n<meta property=\"og:locale\" content=\"en_US\" \/>\n<meta property=\"og:type\" content=\"article\" \/>\n<meta property=\"og:title\" content=\"Saldainiai \u201eKaralien\u0117 Kotryna Jogailait\u0117\u201c - Slapta Meil\u0117\" \/>\n<meta property=\"og:description\" content=\"Ie\u0161kai dovanos, kuri tur\u0117t\u0173 tiek skonio, tiek istorijos? Rank\u0173 darbo saldainiai su migdolais, ry\u017ei\u0173 tra\u0161ku\u010diais ir pieni\u0161ku \u0161okoladu \u2013 \u012fkv\u0117pti Kotrynos Jogailait\u0117s, Lietuvos princes\u0117s, tapusios \u0160vedijos karaliene. Nes kas sak\u0117, kad i\u0161vykus \u012f Skandinavij\u0105 negalima b\u016bti stilinga, sald\u017eia ir ne\u0161an\u010dia kilming\u0105 chaos\u0105?  Migdol\u0173 tra\u0161kesys, pieni\u0161ko \u0161okolado \u0161velnumas ir subtili tekst\u016bra \u2013 tai ne \u0161iaip saldainiai, o diplomatinio charakterio u\u017ekandis. Tinka tiems, kurie m\u0117gsta skanumynus su asmenybe, o desert\u0173 istorijoje ie\u0161ko sveikesnio saldumyno su kar\u016bna. Pakuot\u0117 \u2013 Petro Saul\u0117no k\u016brinys.  Saldaini\u0173 sud\u0117tis: pieninis \u0161okoladas 61 %, migdolai 32,5 %, ry\u017ei\u0173 tra\u0161ku\u010diai 6,5 % Svoris\u00a0115 g  Tinka kaip: dovana karalienei (arba bent jau draugei, kuri taip jau\u010diasi) saldumynai su istorija desertas tiems, kas m\u0117gsta tra\u0161kes\u012f ir elegancij\u0105 viename k\u0105snyje  Sukurta ir pagaminta Lietuvoje\" \/>\n<meta property=\"og:url\" content=\"https:\/\/slaptameile.lt\/en\/preke\/saldainiai-karaliene-kotryna-jogailaite\/\" \/>\n<meta property=\"og:site_name\" content=\"Slapta Meil\u0117\" \/>\n<meta property=\"article:publisher\" content=\"https:\/\/www.facebook.com\/SlaptaMeileBarbora\" \/>\n<meta property=\"article:modified_time\" content=\"2026-04-21T16:23:06+00:00\" \/>\n<meta property=\"og:image\" content=\"https:\/\/slaptameile.lt\/wp-content\/uploads\/2024\/08\/Kotryna-Produkto-Ruta-Saldainiai-01-1.jpg\" \/>\n\t<meta property=\"og:image:width\" content=\"2250\" \/>\n\t<meta property=\"og:image:height\" content=\"3000\" \/>\n\t<meta property=\"og:image:type\" content=\"image\/jpeg\" \/>\n<meta name=\"twitter:card\" content=\"summary_large_image\" \/>\n<meta name=\"twitter:label1\" content=\"Est. reading time\" \/>\n\t<meta name=\"twitter:data1\" content=\"1 minute\" \/>\n<script type=\"application\/ld+json\" class=\"yoast-schema-graph\">{\"@context\":\"https:\\\/\\\/schema.org\",\"@graph\":[{\"@type\":\"WebPage\",\"@id\":\"https:\\\/\\\/slaptameile.lt\\\/preke\\\/saldainiai-karaliene-kotryna-jogailaite\\\/\",\"url\":\"https:\\\/\\\/slaptameile.lt\\\/preke\\\/saldainiai-karaliene-kotryna-jogailaite\\\/\",\"name\":\"Saldainiai \u201eKaralien\u0117 Kotryna Jogailait\u0117\u201c - Slapta Meil\u0117\",\"isPartOf\":{\"@id\":\"https:\\\/\\\/slaptameile.lt\\\/#website\"},\"primaryImageOfPage\":{\"@id\":\"https:\\\/\\\/slaptameile.lt\\\/preke\\\/saldainiai-karaliene-kotryna-jogailaite\\\/#primaryimage\"},\"image\":{\"@id\":\"https:\\\/\\\/slaptameile.lt\\\/preke\\\/saldainiai-karaliene-kotryna-jogailaite\\\/#primaryimage\"},\"thumbnailUrl\":\"https:\\\/\\\/slaptameile.lt\\\/wp-content\\\/uploads\\\/2024\\\/08\\\/Kotryna-Produkto-Ruta-Saldainiai-01-1.jpg\",\"datePublished\":\"2024-08-01T12:03:59+00:00\",\"dateModified\":\"2026-04-21T16:23:06+00:00\",\"breadcrumb\":{\"@id\":\"https:\\\/\\\/slaptameile.lt\\\/preke\\\/saldainiai-karaliene-kotryna-jogailaite\\\/#breadcrumb\"},\"inLanguage\":\"en-US\",\"potentialAction\":[{\"@type\":\"ReadAction\",\"target\":[\"https:\\\/\\\/slaptameile.lt\\\/preke\\\/saldainiai-karaliene-kotryna-jogailaite\\\/\"]}]},{\"@type\":\"ImageObject\",\"inLanguage\":\"en-US\",\"@id\":\"https:\\\/\\\/slaptameile.lt\\\/preke\\\/saldainiai-karaliene-kotryna-jogailaite\\\/#primaryimage\",\"url\":\"https:\\\/\\\/slaptameile.lt\\\/wp-content\\\/uploads\\\/2024\\\/08\\\/Kotryna-Produkto-Ruta-Saldainiai-01-1.jpg\",\"contentUrl\":\"https:\\\/\\\/slaptameile.lt\\\/wp-content\\\/uploads\\\/2024\\\/08\\\/Kotryna-Produkto-Ruta-Saldainiai-01-1.jpg\",\"width\":2250,\"height\":3000},{\"@type\":\"BreadcrumbList\",\"@id\":\"https:\\\/\\\/slaptameile.lt\\\/preke\\\/saldainiai-karaliene-kotryna-jogailaite\\\/#breadcrumb\",\"itemListElement\":[{\"@type\":\"ListItem\",\"position\":1,\"name\":\"Home\",\"item\":\"https:\\\/\\\/slaptameile.lt\\\/\"},{\"@type\":\"ListItem\",\"position\":2,\"name\":\"Parduotuv\u0117\",\"item\":\"https:\\\/\\\/slaptameile.lt\\\/parduotuve\\\/\"},{\"@type\":\"ListItem\",\"position\":3,\"name\":\"Saldainiai \u201eKaralien\u0117 Kotryna Jogailait\u0117\u201c\"}]},{\"@type\":\"WebSite\",\"@id\":\"https:\\\/\\\/slaptameile.lt\\\/#website\",\"url\":\"https:\\\/\\\/slaptameile.lt\\\/\",\"name\":\"Slapta Meil\u0117\",\"description\":\"\",\"publisher\":{\"@id\":\"https:\\\/\\\/slaptameile.lt\\\/#organization\"},\"potentialAction\":[{\"@type\":\"SearchAction\",\"target\":{\"@type\":\"EntryPoint\",\"urlTemplate\":\"https:\\\/\\\/slaptameile.lt\\\/?s={search_term_string}\"},\"query-input\":{\"@type\":\"PropertyValueSpecification\",\"valueRequired\":true,\"valueName\":\"search_term_string\"}}],\"inLanguage\":\"en-US\"},{\"@type\":\"Organization\",\"@id\":\"https:\\\/\\\/slaptameile.lt\\\/#organization\",\"name\":\"Slapta Meil\u0117\",\"url\":\"https:\\\/\\\/slaptameile.lt\\\/\",\"logo\":{\"@type\":\"ImageObject\",\"inLanguage\":\"en-US\",\"@id\":\"https:\\\/\\\/slaptameile.lt\\\/#\\\/schema\\\/logo\\\/image\\\/\",\"url\":\"https:\\\/\\\/slaptameile.lt\\\/wp-content\\\/uploads\\\/2026\\\/04\\\/sm-logo.jpg\",\"contentUrl\":\"https:\\\/\\\/slaptameile.lt\\\/wp-content\\\/uploads\\\/2026\\\/04\\\/sm-logo.jpg\",\"width\":810,\"height\":380,\"caption\":\"Slapta Meil\u0117\"},\"image\":{\"@id\":\"https:\\\/\\\/slaptameile.lt\\\/#\\\/schema\\\/logo\\\/image\\\/\"},\"sameAs\":[\"https:\\\/\\\/www.facebook.com\\\/SlaptaMeileBarbora\",\"https:\\\/\\\/www.instagram.com\\\/slaptameile\",\"https:\\\/\\\/www.tiktok.com\\\/@slaptameile1\"]}]}<\/script>\n<!-- \/ Yoast SEO plugin. -->","yoast_head_json":{"title":"Saldainiai \u201eKaralien\u0117 Kotryna Jogailait\u0117\u201c - Slapta Meil\u0117","robots":{"index":"index","follow":"follow","max-snippet":"max-snippet:-1","max-image-preview":"max-image-preview:large","max-video-preview":"max-video-preview:-1"},"canonical":"https:\/\/slaptameile.lt\/en\/preke\/saldainiai-karaliene-kotryna-jogailaite\/","og_locale":"en_US","og_type":"article","og_title":"Saldainiai \u201eKaralien\u0117 Kotryna Jogailait\u0117\u201c - Slapta Meil\u0117","og_description":"Ie\u0161kai dovanos, kuri tur\u0117t\u0173 tiek skonio, tiek istorijos? Rank\u0173 darbo saldainiai su migdolais, ry\u017ei\u0173 tra\u0161ku\u010diais ir pieni\u0161ku \u0161okoladu \u2013 \u012fkv\u0117pti Kotrynos Jogailait\u0117s, Lietuvos princes\u0117s, tapusios \u0160vedijos karaliene. Nes kas sak\u0117, kad i\u0161vykus \u012f Skandinavij\u0105 negalima b\u016bti stilinga, sald\u017eia ir ne\u0161an\u010dia kilming\u0105 chaos\u0105?  Migdol\u0173 tra\u0161kesys, pieni\u0161ko \u0161okolado \u0161velnumas ir subtili tekst\u016bra \u2013 tai ne \u0161iaip saldainiai, o diplomatinio charakterio u\u017ekandis. Tinka tiems, kurie m\u0117gsta skanumynus su asmenybe, o desert\u0173 istorijoje ie\u0161ko sveikesnio saldumyno su kar\u016bna. Pakuot\u0117 \u2013 Petro Saul\u0117no k\u016brinys.  Saldaini\u0173 sud\u0117tis: pieninis \u0161okoladas 61 %, migdolai 32,5 %, ry\u017ei\u0173 tra\u0161ku\u010diai 6,5 % Svoris\u00a0115 g  Tinka kaip: dovana karalienei (arba bent jau draugei, kuri taip jau\u010diasi) saldumynai su istorija desertas tiems, kas m\u0117gsta tra\u0161kes\u012f ir elegancij\u0105 viename k\u0105snyje  Sukurta ir pagaminta Lietuvoje","og_url":"https:\/\/slaptameile.lt\/en\/preke\/saldainiai-karaliene-kotryna-jogailaite\/","og_site_name":"Slapta Meil\u0117","article_publisher":"https:\/\/www.facebook.com\/SlaptaMeileBarbora","article_modified_time":"2026-04-21T16:23:06+00:00","og_image":[{"width":2250,"height":3000,"url":"https:\/\/slaptameile.lt\/wp-content\/uploads\/2024\/08\/Kotryna-Produkto-Ruta-Saldainiai-01-1.jpg","type":"image\/jpeg"}],"twitter_card":"summary_large_image","twitter_misc":{"Est. reading time":"1 minute"},"schema":{"@context":"https:\/\/schema.org","@graph":[{"@type":"WebPage","@id":"https:\/\/slaptameile.lt\/preke\/saldainiai-karaliene-kotryna-jogailaite\/","url":"https:\/\/slaptameile.lt\/preke\/saldainiai-karaliene-kotryna-jogailaite\/","name":"Saldainiai \u201eKaralien\u0117 Kotryna Jogailait\u0117\u201c - Slapta Meil\u0117","isPartOf":{"@id":"https:\/\/slaptameile.lt\/#website"},"primaryImageOfPage":{"@id":"https:\/\/slaptameile.lt\/preke\/saldainiai-karaliene-kotryna-jogailaite\/#primaryimage"},"image":{"@id":"https:\/\/slaptameile.lt\/preke\/saldainiai-karaliene-kotryna-jogailaite\/#primaryimage"},"thumbnailUrl":"https:\/\/slaptameile.lt\/wp-content\/uploads\/2024\/08\/Kotryna-Produkto-Ruta-Saldainiai-01-1.jpg","datePublished":"2024-08-01T12:03:59+00:00","dateModified":"2026-04-21T16:23:06+00:00","breadcrumb":{"@id":"https:\/\/slaptameile.lt\/preke\/saldainiai-karaliene-kotryna-jogailaite\/#breadcrumb"},"inLanguage":"en-US","potentialAction":[{"@type":"ReadAction","target":["https:\/\/slaptameile.lt\/preke\/saldainiai-karaliene-kotryna-jogailaite\/"]}]},{"@type":"ImageObject","inLanguage":"en-US","@id":"https:\/\/slaptameile.lt\/preke\/saldainiai-karaliene-kotryna-jogailaite\/#primaryimage","url":"https:\/\/slaptameile.lt\/wp-content\/uploads\/2024\/08\/Kotryna-Produkto-Ruta-Saldainiai-01-1.jpg","contentUrl":"https:\/\/slaptameile.lt\/wp-content\/uploads\/2024\/08\/Kotryna-Produkto-Ruta-Saldainiai-01-1.jpg","width":2250,"height":3000},{"@type":"BreadcrumbList","@id":"https:\/\/slaptameile.lt\/preke\/saldainiai-karaliene-kotryna-jogailaite\/#breadcrumb","itemListElement":[{"@type":"ListItem","position":1,"name":"Home","item":"https:\/\/slaptameile.lt\/"},{"@type":"ListItem","position":2,"name":"Parduotuv\u0117","item":"https:\/\/slaptameile.lt\/parduotuve\/"},{"@type":"ListItem","position":3,"name":"Saldainiai \u201eKaralien\u0117 Kotryna Jogailait\u0117\u201c"}]},{"@type":"WebSite","@id":"https:\/\/slaptameile.lt\/#website","url":"https:\/\/slaptameile.lt\/","name":"Secret Love","description":"","publisher":{"@id":"https:\/\/slaptameile.lt\/#organization"},"potentialAction":[{"@type":"SearchAction","target":{"@type":"EntryPoint","urlTemplate":"https:\/\/slaptameile.lt\/?s={search_term_string}"},"query-input":{"@type":"PropertyValueSpecification","valueRequired":true,"valueName":"search_term_string"}}],"inLanguage":"en-US"},{"@type":"Organization","@id":"https:\/\/slaptameile.lt\/#organization","name":"Secret Love","url":"https:\/\/slaptameile.lt\/","logo":{"@type":"ImageObject","inLanguage":"en-US","@id":"https:\/\/slaptameile.lt\/#\/schema\/logo\/image\/","url":"https:\/\/slaptameile.lt\/wp-content\/uploads\/2026\/04\/sm-logo.jpg","contentUrl":"https:\/\/slaptameile.lt\/wp-content\/uploads\/2026\/04\/sm-logo.jpg","width":810,"height":380,"caption":"Slapta Meil\u0117"},"image":{"@id":"https:\/\/slaptameile.lt\/#\/schema\/logo\/image\/"},"sameAs":["https:\/\/www.facebook.com\/SlaptaMeileBarbora","https:\/\/www.instagram.com\/slaptameile","https:\/\/www.tiktok.com\/@slaptameile1"]}]}},"_links":{"self":[{"href":"https:\/\/slaptameile.lt\/en\/wp-json\/wp\/v2\/product\/1082","targetHints":{"allow":["GET"]}}],"collection":[{"href":"https:\/\/slaptameile.lt\/en\/wp-json\/wp\/v2\/product"}],"about":[{"href":"https:\/\/slaptameile.lt\/en\/wp-json\/wp\/v2\/types\/product"}],"replies":[{"embeddable":true,"href":"https:\/\/slaptameile.lt\/en\/wp-json\/wp\/v2\/comments?post=1082"}],"wp:featuredmedia":[{"embeddable":true,"href":"https:\/\/slaptameile.lt\/en\/wp-json\/wp\/v2\/media\/2199"}],"wp:attachment":[{"href":"https:\/\/slaptameile.lt\/en\/wp-json\/wp\/v2\/media?parent=1082"}],"wp:term":[{"taxonomy":"partner","embeddable":true,"href":"https:\/\/slaptameile.lt\/en\/wp-json\/wp\/v2\/partner?post=1082"},{"taxonomy":"product_brand","embeddable":true,"href":"https:\/\/slaptameile.lt\/en\/wp-json\/wp\/v2\/product_brand?post=1082"},{"taxonomy":"product_cat","embeddable":true,"href":"https:\/\/slaptameile.lt\/en\/wp-json\/wp\/v2\/product_cat?post=1082"},{"taxonomy":"product_tag","embeddable":true,"href":"https:\/\/slaptameile.lt\/en\/wp-json\/wp\/v2\/product_tag?post=1082"}],"curies":[{"name":"wp","href":"https:\/\/api.w.org\/{rel}","templated":true}]}}