{"id":1072,"date":"2024-08-01T15:04:09","date_gmt":"2024-08-01T12:04:09","guid":{"rendered":"https:\/\/slaptameile.lt\/?post_type=product&#038;p=1072"},"modified":"2026-05-04T18:49:51","modified_gmt":"2026-05-04T15:49:51","slug":"saldainiai-karaliene-barbora-radvilaite","status":"publish","type":"product","link":"https:\/\/slaptameile.lt\/en\/preke\/saldainiai-karaliene-barbora-radvilaite\/","title":{"rendered":"Sweets \u201eQueen Barbara Radziwi\u0142\u0142\u201c"},"content":{"rendered":"<p>Ie\u0161kai i\u0161skirtin\u0117s dovanos ar karali\u0161ko deserto sau? Rank\u0173 darbo saldainiai su graikiniais rie\u0161utais ir kakaviniu glaistu \u2013 skan\u0117stas, \u012fkv\u0117ptas garsiausios Lietuvos karalien\u0117s. Barbora Radvilait\u0117 \u2013 ne tik meil\u0117s legenda, bet ir istorin\u0117 mai\u0161to ikona. \u0160ie \u0161okoladiniai saldainiai tai atspindi \u2013 intensyvaus skonio, i\u0161rai\u0161kingi, su paslaptimi.<\/p>\n<p>Graikiniai rie\u0161utai (51\u202f%) ir kakavinis glaistas (49\u202f%) sukuria harmoning\u0105, turting\u0105 derin\u012f, kuris tiks prie \u017evaki\u0173 \u0161viesos, \u0161ventinei vakarienei ar dovanai. Tiks tiems, kurie m\u0117gsta desertus su istorija, charakteriu ir net \u0161iek tiek kilmingo sarkazmo. Pakuot\u0117 \u2013 Petro Saul\u0117no k\u016brinys.<\/p>\n<p>Puikiai tinka kaip:<br \/>\ndovana moteriai, kuriai artima Barbora<br \/>\nSweets with history<br \/>\ni\u0161skirtinis skan\u0117stas rie\u0161ut\u0173 ir \u0161okolado m\u0117g\u0117jams<br \/>\nvaikams, kad papasakoti nuostabi\u0105 ir sentimentali\u0105 Barboros istorij\u0105.<\/p>\n<p>Weight 115 g<br \/>\nMade and manufactured in Lithuania<\/p>","protected":false},"excerpt":{"rendered":"<p>Ie\u0161kai i\u0161skirtin\u0117s dovanos ar karali\u0161ko deserto sau? Rank\u0173 darbo saldainiai su graikiniais rie\u0161utais ir kakaviniu glaistu \u2013 skan\u0117stas, \u012fkv\u0117ptas garsiausios Lietuvos karalien\u0117s. Barbora Radvilait\u0117 \u2013 ne tik meil\u0117s legenda, bet ir istorin\u0117 mai\u0161to ikona. \u0160ie \u0161okoladiniai saldainiai tai atspindi \u2013 intensyvaus skonio, i\u0161rai\u0161kingi, su paslaptimi.<\/p>\n<p>Graikiniai rie\u0161utai (51\u202f%) ir kakavinis glaistas (49\u202f%) sukuria harmoning\u0105, turting\u0105 derin\u012f, kuris tiks prie \u017evaki\u0173 \u0161viesos, \u0161ventinei vakarienei ar dovanai. Tiks tiems, kurie m\u0117gsta desertus su istorija, charakteriu ir net \u0161iek tiek kilmingo sarkazmo. Pakuot\u0117 \u2013 Petro Saul\u0117no k\u016brinys.<\/p>\n<p>Puikiai tinka kaip:<br \/>\ndovana moteriai, kuriai artima Barbora<br \/>\nSweets with history<br \/>\ni\u0161skirtinis skan\u0117stas rie\u0161ut\u0173 ir \u0161okolado m\u0117g\u0117jams<br \/>\nvaikams, kad papasakoti nuostabi\u0105 ir sentimentali\u0105 Barboros istorij\u0105.<\/p>\n<p>Weight 115 g<br \/>\nMade and manufactured in Lithuania<\/p>","protected":false},"featured_media":2166,"comment_status":"open","ping_status":"closed","template":"","meta":{"_acf_changed":false},"partner":[51],"product_brand":[],"product_cat":[18,28],"product_tag":[],"class_list":{"0":"post-1072","1":"product","2":"type-product","3":"status-publish","4":"has-post-thumbnail","6":"partner-saldainiu-fabrikas-ruta","7":"product_cat-karaliskoji-kolekcija","8":"product_cat-rafinuotiems-gurmanams","10":"first","11":"instock","12":"sale","13":"taxable","14":"shipping-taxable","15":"purchasable","16":"product-type-simple"},"acf":[],"yoast_head":"<!-- This site is optimized with the Yoast SEO plugin v27.5 - https:\/\/yoast.com\/product\/yoast-seo-wordpress\/ -->\n<title>Saldainiai \u201eKaralien\u0117 Barbora Radvilait\u0117\u201c - Slapta Meil\u0117<\/title>\n<meta name=\"robots\" content=\"index, follow, max-snippet:-1, max-image-preview:large, max-video-preview:-1\" \/>\n<link rel=\"canonical\" href=\"https:\/\/slaptameile.lt\/en\/preke\/saldainiai-karaliene-barbora-radvilaite\/\" \/>\n<meta property=\"og:locale\" content=\"en_US\" \/>\n<meta property=\"og:type\" content=\"article\" \/>\n<meta property=\"og:title\" content=\"Saldainiai \u201eKaralien\u0117 Barbora Radvilait\u0117\u201c - Slapta Meil\u0117\" \/>\n<meta property=\"og:description\" content=\"Ie\u0161kai i\u0161skirtin\u0117s dovanos ar karali\u0161ko deserto sau? Rank\u0173 darbo saldainiai su graikiniais rie\u0161utais ir kakaviniu glaistu \u2013 skan\u0117stas, \u012fkv\u0117ptas garsiausios Lietuvos karalien\u0117s. Barbora Radvilait\u0117 \u2013 ne tik meil\u0117s legenda, bet ir istorin\u0117 mai\u0161to ikona. \u0160ie \u0161okoladiniai saldainiai tai atspindi \u2013 intensyvaus skonio, i\u0161rai\u0161kingi, su paslaptimi.  Graikiniai rie\u0161utai (51\u202f%) ir kakavinis glaistas (49\u202f%) sukuria harmoning\u0105, turting\u0105 derin\u012f, kuris tiks prie \u017evaki\u0173 \u0161viesos, \u0161ventinei vakarienei ar dovanai. Tiks tiems, kurie m\u0117gsta desertus su istorija, charakteriu ir net \u0161iek tiek kilmingo sarkazmo. Pakuot\u0117 \u2013 Petro Saul\u0117no k\u016brinys.  Puikiai tinka kaip: dovana moteriai, kuriai artima Barbora saldumynai su istorija i\u0161skirtinis skan\u0117stas rie\u0161ut\u0173 ir \u0161okolado m\u0117g\u0117jams vaikams, kad papasakoti nuostabi\u0105 ir sentimentali\u0105 Barboros istorij\u0105.  Svoris\u00a0115 g Sukurta ir pagaminta Lietuvoje\" \/>\n<meta property=\"og:url\" content=\"https:\/\/slaptameile.lt\/en\/preke\/saldainiai-karaliene-barbora-radvilaite\/\" \/>\n<meta property=\"og:site_name\" content=\"Slapta Meil\u0117\" \/>\n<meta property=\"article:publisher\" content=\"https:\/\/www.facebook.com\/SlaptaMeileBarbora\" \/>\n<meta property=\"article:modified_time\" content=\"2026-05-04T15:49:51+00:00\" \/>\n<meta property=\"og:image\" content=\"https:\/\/slaptameile.lt\/wp-content\/uploads\/2024\/08\/Barbora-Produkto-Ruta-Saldainiai-01-1.jpg\" \/>\n\t<meta property=\"og:image:width\" content=\"2250\" \/>\n\t<meta property=\"og:image:height\" content=\"3000\" \/>\n\t<meta property=\"og:image:type\" content=\"image\/jpeg\" \/>\n<meta name=\"twitter:card\" content=\"summary_large_image\" \/>\n<meta name=\"twitter:label1\" content=\"Est. reading time\" \/>\n\t<meta name=\"twitter:data1\" content=\"1 minute\" \/>\n<script type=\"application\/ld+json\" class=\"yoast-schema-graph\">{\"@context\":\"https:\\\/\\\/schema.org\",\"@graph\":[{\"@type\":\"WebPage\",\"@id\":\"https:\\\/\\\/slaptameile.lt\\\/preke\\\/saldainiai-karaliene-barbora-radvilaite\\\/\",\"url\":\"https:\\\/\\\/slaptameile.lt\\\/preke\\\/saldainiai-karaliene-barbora-radvilaite\\\/\",\"name\":\"Saldainiai \u201eKaralien\u0117 Barbora Radvilait\u0117\u201c - Slapta Meil\u0117\",\"isPartOf\":{\"@id\":\"https:\\\/\\\/slaptameile.lt\\\/#website\"},\"primaryImageOfPage\":{\"@id\":\"https:\\\/\\\/slaptameile.lt\\\/preke\\\/saldainiai-karaliene-barbora-radvilaite\\\/#primaryimage\"},\"image\":{\"@id\":\"https:\\\/\\\/slaptameile.lt\\\/preke\\\/saldainiai-karaliene-barbora-radvilaite\\\/#primaryimage\"},\"thumbnailUrl\":\"https:\\\/\\\/slaptameile.lt\\\/wp-content\\\/uploads\\\/2024\\\/08\\\/Barbora-Produkto-Ruta-Saldainiai-01-1.jpg\",\"datePublished\":\"2024-08-01T12:04:09+00:00\",\"dateModified\":\"2026-05-04T15:49:51+00:00\",\"breadcrumb\":{\"@id\":\"https:\\\/\\\/slaptameile.lt\\\/preke\\\/saldainiai-karaliene-barbora-radvilaite\\\/#breadcrumb\"},\"inLanguage\":\"en-US\",\"potentialAction\":[{\"@type\":\"ReadAction\",\"target\":[\"https:\\\/\\\/slaptameile.lt\\\/preke\\\/saldainiai-karaliene-barbora-radvilaite\\\/\"]}]},{\"@type\":\"ImageObject\",\"inLanguage\":\"en-US\",\"@id\":\"https:\\\/\\\/slaptameile.lt\\\/preke\\\/saldainiai-karaliene-barbora-radvilaite\\\/#primaryimage\",\"url\":\"https:\\\/\\\/slaptameile.lt\\\/wp-content\\\/uploads\\\/2024\\\/08\\\/Barbora-Produkto-Ruta-Saldainiai-01-1.jpg\",\"contentUrl\":\"https:\\\/\\\/slaptameile.lt\\\/wp-content\\\/uploads\\\/2024\\\/08\\\/Barbora-Produkto-Ruta-Saldainiai-01-1.jpg\",\"width\":2250,\"height\":3000},{\"@type\":\"BreadcrumbList\",\"@id\":\"https:\\\/\\\/slaptameile.lt\\\/preke\\\/saldainiai-karaliene-barbora-radvilaite\\\/#breadcrumb\",\"itemListElement\":[{\"@type\":\"ListItem\",\"position\":1,\"name\":\"Home\",\"item\":\"https:\\\/\\\/slaptameile.lt\\\/\"},{\"@type\":\"ListItem\",\"position\":2,\"name\":\"Parduotuv\u0117\",\"item\":\"https:\\\/\\\/slaptameile.lt\\\/parduotuve\\\/\"},{\"@type\":\"ListItem\",\"position\":3,\"name\":\"Saldainiai \u201eKaralien\u0117 Barbora Radvilait\u0117\u201c\"}]},{\"@type\":\"WebSite\",\"@id\":\"https:\\\/\\\/slaptameile.lt\\\/#website\",\"url\":\"https:\\\/\\\/slaptameile.lt\\\/\",\"name\":\"Slapta Meil\u0117\",\"description\":\"\",\"publisher\":{\"@id\":\"https:\\\/\\\/slaptameile.lt\\\/#organization\"},\"potentialAction\":[{\"@type\":\"SearchAction\",\"target\":{\"@type\":\"EntryPoint\",\"urlTemplate\":\"https:\\\/\\\/slaptameile.lt\\\/?s={search_term_string}\"},\"query-input\":{\"@type\":\"PropertyValueSpecification\",\"valueRequired\":true,\"valueName\":\"search_term_string\"}}],\"inLanguage\":\"en-US\"},{\"@type\":\"Organization\",\"@id\":\"https:\\\/\\\/slaptameile.lt\\\/#organization\",\"name\":\"Slapta Meil\u0117\",\"url\":\"https:\\\/\\\/slaptameile.lt\\\/\",\"logo\":{\"@type\":\"ImageObject\",\"inLanguage\":\"en-US\",\"@id\":\"https:\\\/\\\/slaptameile.lt\\\/#\\\/schema\\\/logo\\\/image\\\/\",\"url\":\"https:\\\/\\\/slaptameile.lt\\\/wp-content\\\/uploads\\\/2026\\\/04\\\/sm-logo.jpg\",\"contentUrl\":\"https:\\\/\\\/slaptameile.lt\\\/wp-content\\\/uploads\\\/2026\\\/04\\\/sm-logo.jpg\",\"width\":810,\"height\":380,\"caption\":\"Slapta Meil\u0117\"},\"image\":{\"@id\":\"https:\\\/\\\/slaptameile.lt\\\/#\\\/schema\\\/logo\\\/image\\\/\"},\"sameAs\":[\"https:\\\/\\\/www.facebook.com\\\/SlaptaMeileBarbora\",\"https:\\\/\\\/www.instagram.com\\\/slaptameile\",\"https:\\\/\\\/www.tiktok.com\\\/@slaptameile1\"]}]}<\/script>\n<!-- \/ Yoast SEO plugin. -->","yoast_head_json":{"title":"Saldainiai \u201eKaralien\u0117 Barbora Radvilait\u0117\u201c - Slapta Meil\u0117","robots":{"index":"index","follow":"follow","max-snippet":"max-snippet:-1","max-image-preview":"max-image-preview:large","max-video-preview":"max-video-preview:-1"},"canonical":"https:\/\/slaptameile.lt\/en\/preke\/saldainiai-karaliene-barbora-radvilaite\/","og_locale":"en_US","og_type":"article","og_title":"Saldainiai \u201eKaralien\u0117 Barbora Radvilait\u0117\u201c - Slapta Meil\u0117","og_description":"Ie\u0161kai i\u0161skirtin\u0117s dovanos ar karali\u0161ko deserto sau? Rank\u0173 darbo saldainiai su graikiniais rie\u0161utais ir kakaviniu glaistu \u2013 skan\u0117stas, \u012fkv\u0117ptas garsiausios Lietuvos karalien\u0117s. Barbora Radvilait\u0117 \u2013 ne tik meil\u0117s legenda, bet ir istorin\u0117 mai\u0161to ikona. \u0160ie \u0161okoladiniai saldainiai tai atspindi \u2013 intensyvaus skonio, i\u0161rai\u0161kingi, su paslaptimi.  Graikiniai rie\u0161utai (51\u202f%) ir kakavinis glaistas (49\u202f%) sukuria harmoning\u0105, turting\u0105 derin\u012f, kuris tiks prie \u017evaki\u0173 \u0161viesos, \u0161ventinei vakarienei ar dovanai. Tiks tiems, kurie m\u0117gsta desertus su istorija, charakteriu ir net \u0161iek tiek kilmingo sarkazmo. Pakuot\u0117 \u2013 Petro Saul\u0117no k\u016brinys.  Puikiai tinka kaip: dovana moteriai, kuriai artima Barbora saldumynai su istorija i\u0161skirtinis skan\u0117stas rie\u0161ut\u0173 ir \u0161okolado m\u0117g\u0117jams vaikams, kad papasakoti nuostabi\u0105 ir sentimentali\u0105 Barboros istorij\u0105.  Svoris\u00a0115 g Sukurta ir pagaminta Lietuvoje","og_url":"https:\/\/slaptameile.lt\/en\/preke\/saldainiai-karaliene-barbora-radvilaite\/","og_site_name":"Slapta Meil\u0117","article_publisher":"https:\/\/www.facebook.com\/SlaptaMeileBarbora","article_modified_time":"2026-05-04T15:49:51+00:00","og_image":[{"width":2250,"height":3000,"url":"https:\/\/slaptameile.lt\/wp-content\/uploads\/2024\/08\/Barbora-Produkto-Ruta-Saldainiai-01-1.jpg","type":"image\/jpeg"}],"twitter_card":"summary_large_image","twitter_misc":{"Est. reading time":"1 minute"},"schema":{"@context":"https:\/\/schema.org","@graph":[{"@type":"WebPage","@id":"https:\/\/slaptameile.lt\/preke\/saldainiai-karaliene-barbora-radvilaite\/","url":"https:\/\/slaptameile.lt\/preke\/saldainiai-karaliene-barbora-radvilaite\/","name":"Saldainiai \u201eKaralien\u0117 Barbora Radvilait\u0117\u201c - Slapta Meil\u0117","isPartOf":{"@id":"https:\/\/slaptameile.lt\/#website"},"primaryImageOfPage":{"@id":"https:\/\/slaptameile.lt\/preke\/saldainiai-karaliene-barbora-radvilaite\/#primaryimage"},"image":{"@id":"https:\/\/slaptameile.lt\/preke\/saldainiai-karaliene-barbora-radvilaite\/#primaryimage"},"thumbnailUrl":"https:\/\/slaptameile.lt\/wp-content\/uploads\/2024\/08\/Barbora-Produkto-Ruta-Saldainiai-01-1.jpg","datePublished":"2024-08-01T12:04:09+00:00","dateModified":"2026-05-04T15:49:51+00:00","breadcrumb":{"@id":"https:\/\/slaptameile.lt\/preke\/saldainiai-karaliene-barbora-radvilaite\/#breadcrumb"},"inLanguage":"en-US","potentialAction":[{"@type":"ReadAction","target":["https:\/\/slaptameile.lt\/preke\/saldainiai-karaliene-barbora-radvilaite\/"]}]},{"@type":"ImageObject","inLanguage":"en-US","@id":"https:\/\/slaptameile.lt\/preke\/saldainiai-karaliene-barbora-radvilaite\/#primaryimage","url":"https:\/\/slaptameile.lt\/wp-content\/uploads\/2024\/08\/Barbora-Produkto-Ruta-Saldainiai-01-1.jpg","contentUrl":"https:\/\/slaptameile.lt\/wp-content\/uploads\/2024\/08\/Barbora-Produkto-Ruta-Saldainiai-01-1.jpg","width":2250,"height":3000},{"@type":"BreadcrumbList","@id":"https:\/\/slaptameile.lt\/preke\/saldainiai-karaliene-barbora-radvilaite\/#breadcrumb","itemListElement":[{"@type":"ListItem","position":1,"name":"Home","item":"https:\/\/slaptameile.lt\/"},{"@type":"ListItem","position":2,"name":"Parduotuv\u0117","item":"https:\/\/slaptameile.lt\/parduotuve\/"},{"@type":"ListItem","position":3,"name":"Saldainiai \u201eKaralien\u0117 Barbora Radvilait\u0117\u201c"}]},{"@type":"WebSite","@id":"https:\/\/slaptameile.lt\/#website","url":"https:\/\/slaptameile.lt\/","name":"Secret Love","description":"","publisher":{"@id":"https:\/\/slaptameile.lt\/#organization"},"potentialAction":[{"@type":"SearchAction","target":{"@type":"EntryPoint","urlTemplate":"https:\/\/slaptameile.lt\/?s={search_term_string}"},"query-input":{"@type":"PropertyValueSpecification","valueRequired":true,"valueName":"search_term_string"}}],"inLanguage":"en-US"},{"@type":"Organization","@id":"https:\/\/slaptameile.lt\/#organization","name":"Secret Love","url":"https:\/\/slaptameile.lt\/","logo":{"@type":"ImageObject","inLanguage":"en-US","@id":"https:\/\/slaptameile.lt\/#\/schema\/logo\/image\/","url":"https:\/\/slaptameile.lt\/wp-content\/uploads\/2026\/04\/sm-logo.jpg","contentUrl":"https:\/\/slaptameile.lt\/wp-content\/uploads\/2026\/04\/sm-logo.jpg","width":810,"height":380,"caption":"Slapta Meil\u0117"},"image":{"@id":"https:\/\/slaptameile.lt\/#\/schema\/logo\/image\/"},"sameAs":["https:\/\/www.facebook.com\/SlaptaMeileBarbora","https:\/\/www.instagram.com\/slaptameile","https:\/\/www.tiktok.com\/@slaptameile1"]}]}},"_links":{"self":[{"href":"https:\/\/slaptameile.lt\/en\/wp-json\/wp\/v2\/product\/1072","targetHints":{"allow":["GET"]}}],"collection":[{"href":"https:\/\/slaptameile.lt\/en\/wp-json\/wp\/v2\/product"}],"about":[{"href":"https:\/\/slaptameile.lt\/en\/wp-json\/wp\/v2\/types\/product"}],"replies":[{"embeddable":true,"href":"https:\/\/slaptameile.lt\/en\/wp-json\/wp\/v2\/comments?post=1072"}],"wp:featuredmedia":[{"embeddable":true,"href":"https:\/\/slaptameile.lt\/en\/wp-json\/wp\/v2\/media\/2166"}],"wp:attachment":[{"href":"https:\/\/slaptameile.lt\/en\/wp-json\/wp\/v2\/media?parent=1072"}],"wp:term":[{"taxonomy":"partner","embeddable":true,"href":"https:\/\/slaptameile.lt\/en\/wp-json\/wp\/v2\/partner?post=1072"},{"taxonomy":"product_brand","embeddable":true,"href":"https:\/\/slaptameile.lt\/en\/wp-json\/wp\/v2\/product_brand?post=1072"},{"taxonomy":"product_cat","embeddable":true,"href":"https:\/\/slaptameile.lt\/en\/wp-json\/wp\/v2\/product_cat?post=1072"},{"taxonomy":"product_tag","embeddable":true,"href":"https:\/\/slaptameile.lt\/en\/wp-json\/wp\/v2\/product_tag?post=1072"}],"curies":[{"name":"wp","href":"https:\/\/api.w.org\/{rel}","templated":true}]}}