{"id":105,"date":"2024-08-25T11:00:09","date_gmt":"2024-08-25T08:00:09","guid":{"rendered":"https:\/\/slaptameile.lt\/?post_type=product&#038;p=105"},"modified":"2026-04-14T04:38:58","modified_gmt":"2026-04-14T01:38:58","slug":"dovanu-rinkinys-karalisko-dvaro-istorijos","status":"publish","type":"product","link":"https:\/\/slaptameile.lt\/en\/preke\/dovanu-rinkinys-karalisko-dvaro-istorijos\/","title":{"rendered":"Gift set \u201eStories from the Royal Court\u201d"},"content":{"rendered":"<p>Looking for a gift that's luxurious, sensual, and just a little bit over the top? Look no further than this set, which says, \u201eYes, I made an effort, but not too much.\"\u00a0<em>for<\/em>\u00a0strongly.\u201c<\/p>\n<p>Inside \u2013 a true Royal gift:<\/p>\n<p>Candle \u201eSlapta meil\u0117\u201c\u2014 a scent that will make your home pretend it has a fireplace and a mystery.<\/p>\n<p>A golden toy reindeer with pearls \u2013 because even your Christmas tree deserves a bit of dramatic Renaissance luxury.<\/p>\n<p>The \u201eManor House Stories\u201c notebook is the perfect place for writing gratitude lists, plans, or just\u00a0<em>serious matters<\/em>, which you will never carry out.<\/p>\n<p>\u201eQueen Barbora's Pearls\u201c - hazelnuts in white chocolate with orange and sea salt. It tastes like you've been chosen to eat at a royal feast. Alone.<\/p>","protected":false},"excerpt":{"rendered":"<p>Looking for a gift that's luxurious, sensual, and just a little bit over the top? Look no further than this set, which says, \u201eYes, I made an effort, but not too much.\"\u00a0<em>for<\/em>\u00a0strongly.\u201c<\/p>\n<p>Inside \u2013 a true Royal gift:<\/p>\n<p>Candle \u201eSlapta meil\u0117\u201c\u2014 a scent that will make your home pretend it has a fireplace and a mystery.<\/p>\n<p>A golden toy reindeer with pearls \u2013 because even your Christmas tree deserves a bit of dramatic Renaissance luxury.<\/p>\n<p>The \u201eManor House Stories\u201c notebook is the perfect place for writing gratitude lists, plans, or just\u00a0<em>serious matters<\/em>, which you will never carry out.<\/p>\n<p>\u201eQueen Barbora's Pearls\u201c - hazelnuts in white chocolate with orange and sea salt. It tastes like you've been chosen to eat at a royal feast. Alone.<\/p>","protected":false},"featured_media":106,"comment_status":"open","ping_status":"closed","template":"","meta":{"_acf_changed":false},"partner":[53,58,82,51],"product_brand":[],"product_cat":[32,30],"product_tag":[],"class_list":{"0":"post-105","1":"product","2":"type-product","3":"status-publish","4":"has-post-thumbnail","6":"partner-candle-family","7":"partner-leidykla-vaga","8":"partner-mr-bowl-ceramics","9":"partner-saldainiu-fabrikas-ruta","10":"product_cat-dovanu-rinkiniai","11":"product_cat-malones-ir-dovanos","13":"first","14":"instock","15":"taxable","16":"shipping-taxable","17":"purchasable","18":"product-type-simple"},"acf":[],"yoast_head":"<!-- This site is optimized with the Yoast SEO plugin v27.5 - https:\/\/yoast.com\/product\/yoast-seo-wordpress\/ -->\n<title>Dovan\u0173 rinkinys &quot;Karali\u0161ko dvaro istorijos&quot; - Slapta Meil\u0117<\/title>\n<meta name=\"robots\" content=\"index, follow, max-snippet:-1, max-image-preview:large, max-video-preview:-1\" \/>\n<link rel=\"canonical\" href=\"https:\/\/slaptameile.lt\/en\/preke\/dovanu-rinkinys-karalisko-dvaro-istorijos\/\" \/>\n<meta property=\"og:locale\" content=\"en_US\" \/>\n<meta property=\"og:type\" content=\"article\" \/>\n<meta property=\"og:title\" content=\"Dovan\u0173 rinkinys &quot;Karali\u0161ko dvaro istorijos&quot; - Slapta Meil\u0117\" \/>\n<meta property=\"og:description\" content=\"Ie\u0161kai dovanos, kuri atrodyt\u0173 prabangi, jausminga ir truput\u012f per daug? Pra\u0161om \u2013 rinkinys, kuris sako: \u201etaip, a\u0161 pasistengiau, bet ne\u00a0per\u00a0stipriai.\u201c  Viduje \u2013 tikra Karali\u0161ka dovana:  \u017dvak\u0117 \u201eSlapta meil\u0117\u201c\u2013 kvapas, d\u0117l kurio tavo namai apsimes, kad turi \u017eidin\u012f ir paslapt\u012f.  Tamsaus aukso \u017eaisliukas su perlais \u2013 nes net tavo eglut\u0117 nusipelno \u0161iek tiek dramati\u0161kos renesanso prabangos.  U\u017era\u0161in\u0117 \u201eDvaro istorijos\u201c\u2013 ideali vieta ra\u0161yti d\u0117kingumo s\u0105ra\u0161us, planus, ar tiesiog\u00a0svarbius reikalus, kuri\u0173 niekada nevykdysi.  \u201eKaralien\u0117s Barboros perlai\u201c\u2013 lazdyno rie\u0161utai baltame \u0161okolade su apelsinu ir j\u016bros druska. Skonis toks, lyg tave b\u016bt\u0173 i\u0161rink\u0119 valgyti karali\u0161kame pokylyje. Vienam.\" \/>\n<meta property=\"og:url\" content=\"https:\/\/slaptameile.lt\/en\/preke\/dovanu-rinkinys-karalisko-dvaro-istorijos\/\" \/>\n<meta property=\"og:site_name\" content=\"Slapta Meil\u0117\" \/>\n<meta property=\"article:publisher\" content=\"https:\/\/www.facebook.com\/SlaptaMeileBarbora\" \/>\n<meta property=\"article:modified_time\" content=\"2026-04-14T01:38:58+00:00\" \/>\n<meta property=\"og:image\" content=\"https:\/\/slaptameile.lt\/wp-content\/uploads\/2025\/07\/SM2025.010331.jpg\" \/>\n\t<meta property=\"og:image:width\" content=\"2400\" \/>\n\t<meta property=\"og:image:height\" content=\"3000\" \/>\n\t<meta property=\"og:image:type\" content=\"image\/jpeg\" \/>\n<meta name=\"twitter:card\" content=\"summary_large_image\" \/>\n<meta name=\"twitter:label1\" content=\"Est. reading time\" \/>\n\t<meta name=\"twitter:data1\" content=\"1 minute\" \/>\n<script type=\"application\/ld+json\" class=\"yoast-schema-graph\">{\"@context\":\"https:\\\/\\\/schema.org\",\"@graph\":[{\"@type\":\"WebPage\",\"@id\":\"https:\\\/\\\/slaptameile.lt\\\/preke\\\/dovanu-rinkinys-karalisko-dvaro-istorijos\\\/\",\"url\":\"https:\\\/\\\/slaptameile.lt\\\/preke\\\/dovanu-rinkinys-karalisko-dvaro-istorijos\\\/\",\"name\":\"Dovan\u0173 rinkinys \\\"Karali\u0161ko dvaro istorijos\\\" - Slapta Meil\u0117\",\"isPartOf\":{\"@id\":\"https:\\\/\\\/slaptameile.lt\\\/#website\"},\"primaryImageOfPage\":{\"@id\":\"https:\\\/\\\/slaptameile.lt\\\/preke\\\/dovanu-rinkinys-karalisko-dvaro-istorijos\\\/#primaryimage\"},\"image\":{\"@id\":\"https:\\\/\\\/slaptameile.lt\\\/preke\\\/dovanu-rinkinys-karalisko-dvaro-istorijos\\\/#primaryimage\"},\"thumbnailUrl\":\"https:\\\/\\\/slaptameile.lt\\\/wp-content\\\/uploads\\\/2025\\\/07\\\/SM2025.010331.jpg\",\"datePublished\":\"2024-08-25T08:00:09+00:00\",\"dateModified\":\"2026-04-14T01:38:58+00:00\",\"breadcrumb\":{\"@id\":\"https:\\\/\\\/slaptameile.lt\\\/preke\\\/dovanu-rinkinys-karalisko-dvaro-istorijos\\\/#breadcrumb\"},\"inLanguage\":\"en-US\",\"potentialAction\":[{\"@type\":\"ReadAction\",\"target\":[\"https:\\\/\\\/slaptameile.lt\\\/preke\\\/dovanu-rinkinys-karalisko-dvaro-istorijos\\\/\"]}]},{\"@type\":\"ImageObject\",\"inLanguage\":\"en-US\",\"@id\":\"https:\\\/\\\/slaptameile.lt\\\/preke\\\/dovanu-rinkinys-karalisko-dvaro-istorijos\\\/#primaryimage\",\"url\":\"https:\\\/\\\/slaptameile.lt\\\/wp-content\\\/uploads\\\/2025\\\/07\\\/SM2025.010331.jpg\",\"contentUrl\":\"https:\\\/\\\/slaptameile.lt\\\/wp-content\\\/uploads\\\/2025\\\/07\\\/SM2025.010331.jpg\",\"width\":2400,\"height\":3000},{\"@type\":\"BreadcrumbList\",\"@id\":\"https:\\\/\\\/slaptameile.lt\\\/preke\\\/dovanu-rinkinys-karalisko-dvaro-istorijos\\\/#breadcrumb\",\"itemListElement\":[{\"@type\":\"ListItem\",\"position\":1,\"name\":\"Home\",\"item\":\"https:\\\/\\\/slaptameile.lt\\\/\"},{\"@type\":\"ListItem\",\"position\":2,\"name\":\"Parduotuv\u0117\",\"item\":\"https:\\\/\\\/slaptameile.lt\\\/parduotuve\\\/\"},{\"@type\":\"ListItem\",\"position\":3,\"name\":\"Dovan\u0173 rinkinys &#8222;Karali\u0161ko dvaro istorijos&#8221;\"}]},{\"@type\":\"WebSite\",\"@id\":\"https:\\\/\\\/slaptameile.lt\\\/#website\",\"url\":\"https:\\\/\\\/slaptameile.lt\\\/\",\"name\":\"Slapta Meil\u0117\",\"description\":\"\",\"publisher\":{\"@id\":\"https:\\\/\\\/slaptameile.lt\\\/#organization\"},\"potentialAction\":[{\"@type\":\"SearchAction\",\"target\":{\"@type\":\"EntryPoint\",\"urlTemplate\":\"https:\\\/\\\/slaptameile.lt\\\/?s={search_term_string}\"},\"query-input\":{\"@type\":\"PropertyValueSpecification\",\"valueRequired\":true,\"valueName\":\"search_term_string\"}}],\"inLanguage\":\"en-US\"},{\"@type\":\"Organization\",\"@id\":\"https:\\\/\\\/slaptameile.lt\\\/#organization\",\"name\":\"Slapta Meil\u0117\",\"url\":\"https:\\\/\\\/slaptameile.lt\\\/\",\"logo\":{\"@type\":\"ImageObject\",\"inLanguage\":\"en-US\",\"@id\":\"https:\\\/\\\/slaptameile.lt\\\/#\\\/schema\\\/logo\\\/image\\\/\",\"url\":\"https:\\\/\\\/slaptameile.lt\\\/wp-content\\\/uploads\\\/2026\\\/04\\\/sm-logo.jpg\",\"contentUrl\":\"https:\\\/\\\/slaptameile.lt\\\/wp-content\\\/uploads\\\/2026\\\/04\\\/sm-logo.jpg\",\"width\":810,\"height\":380,\"caption\":\"Slapta Meil\u0117\"},\"image\":{\"@id\":\"https:\\\/\\\/slaptameile.lt\\\/#\\\/schema\\\/logo\\\/image\\\/\"},\"sameAs\":[\"https:\\\/\\\/www.facebook.com\\\/SlaptaMeileBarbora\",\"https:\\\/\\\/www.instagram.com\\\/slaptameile\",\"https:\\\/\\\/www.tiktok.com\\\/@slaptameile1\"]}]}<\/script>\n<!-- \/ Yoast SEO plugin. -->","yoast_head_json":{"title":"Dovan\u0173 rinkinys \"Karali\u0161ko dvaro istorijos\" - Slapta Meil\u0117","robots":{"index":"index","follow":"follow","max-snippet":"max-snippet:-1","max-image-preview":"max-image-preview:large","max-video-preview":"max-video-preview:-1"},"canonical":"https:\/\/slaptameile.lt\/en\/preke\/dovanu-rinkinys-karalisko-dvaro-istorijos\/","og_locale":"en_US","og_type":"article","og_title":"Dovan\u0173 rinkinys \"Karali\u0161ko dvaro istorijos\" - Slapta Meil\u0117","og_description":"Ie\u0161kai dovanos, kuri atrodyt\u0173 prabangi, jausminga ir truput\u012f per daug? Pra\u0161om \u2013 rinkinys, kuris sako: \u201etaip, a\u0161 pasistengiau, bet ne\u00a0per\u00a0stipriai.\u201c  Viduje \u2013 tikra Karali\u0161ka dovana:  \u017dvak\u0117 \u201eSlapta meil\u0117\u201c\u2013 kvapas, d\u0117l kurio tavo namai apsimes, kad turi \u017eidin\u012f ir paslapt\u012f.  Tamsaus aukso \u017eaisliukas su perlais \u2013 nes net tavo eglut\u0117 nusipelno \u0161iek tiek dramati\u0161kos renesanso prabangos.  U\u017era\u0161in\u0117 \u201eDvaro istorijos\u201c\u2013 ideali vieta ra\u0161yti d\u0117kingumo s\u0105ra\u0161us, planus, ar tiesiog\u00a0svarbius reikalus, kuri\u0173 niekada nevykdysi.  \u201eKaralien\u0117s Barboros perlai\u201c\u2013 lazdyno rie\u0161utai baltame \u0161okolade su apelsinu ir j\u016bros druska. Skonis toks, lyg tave b\u016bt\u0173 i\u0161rink\u0119 valgyti karali\u0161kame pokylyje. Vienam.","og_url":"https:\/\/slaptameile.lt\/en\/preke\/dovanu-rinkinys-karalisko-dvaro-istorijos\/","og_site_name":"Slapta Meil\u0117","article_publisher":"https:\/\/www.facebook.com\/SlaptaMeileBarbora","article_modified_time":"2026-04-14T01:38:58+00:00","og_image":[{"width":2400,"height":3000,"url":"https:\/\/slaptameile.lt\/wp-content\/uploads\/2025\/07\/SM2025.010331.jpg","type":"image\/jpeg"}],"twitter_card":"summary_large_image","twitter_misc":{"Est. reading time":"1 minute"},"schema":{"@context":"https:\/\/schema.org","@graph":[{"@type":"WebPage","@id":"https:\/\/slaptameile.lt\/preke\/dovanu-rinkinys-karalisko-dvaro-istorijos\/","url":"https:\/\/slaptameile.lt\/preke\/dovanu-rinkinys-karalisko-dvaro-istorijos\/","name":"Dovan\u0173 rinkinys \"Karali\u0161ko dvaro istorijos\" - Slapta Meil\u0117","isPartOf":{"@id":"https:\/\/slaptameile.lt\/#website"},"primaryImageOfPage":{"@id":"https:\/\/slaptameile.lt\/preke\/dovanu-rinkinys-karalisko-dvaro-istorijos\/#primaryimage"},"image":{"@id":"https:\/\/slaptameile.lt\/preke\/dovanu-rinkinys-karalisko-dvaro-istorijos\/#primaryimage"},"thumbnailUrl":"https:\/\/slaptameile.lt\/wp-content\/uploads\/2025\/07\/SM2025.010331.jpg","datePublished":"2024-08-25T08:00:09+00:00","dateModified":"2026-04-14T01:38:58+00:00","breadcrumb":{"@id":"https:\/\/slaptameile.lt\/preke\/dovanu-rinkinys-karalisko-dvaro-istorijos\/#breadcrumb"},"inLanguage":"en-US","potentialAction":[{"@type":"ReadAction","target":["https:\/\/slaptameile.lt\/preke\/dovanu-rinkinys-karalisko-dvaro-istorijos\/"]}]},{"@type":"ImageObject","inLanguage":"en-US","@id":"https:\/\/slaptameile.lt\/preke\/dovanu-rinkinys-karalisko-dvaro-istorijos\/#primaryimage","url":"https:\/\/slaptameile.lt\/wp-content\/uploads\/2025\/07\/SM2025.010331.jpg","contentUrl":"https:\/\/slaptameile.lt\/wp-content\/uploads\/2025\/07\/SM2025.010331.jpg","width":2400,"height":3000},{"@type":"BreadcrumbList","@id":"https:\/\/slaptameile.lt\/preke\/dovanu-rinkinys-karalisko-dvaro-istorijos\/#breadcrumb","itemListElement":[{"@type":"ListItem","position":1,"name":"Home","item":"https:\/\/slaptameile.lt\/"},{"@type":"ListItem","position":2,"name":"Parduotuv\u0117","item":"https:\/\/slaptameile.lt\/parduotuve\/"},{"@type":"ListItem","position":3,"name":"Dovan\u0173 rinkinys &#8222;Karali\u0161ko dvaro istorijos&#8221;"}]},{"@type":"WebSite","@id":"https:\/\/slaptameile.lt\/#website","url":"https:\/\/slaptameile.lt\/","name":"Secret Love","description":"","publisher":{"@id":"https:\/\/slaptameile.lt\/#organization"},"potentialAction":[{"@type":"SearchAction","target":{"@type":"EntryPoint","urlTemplate":"https:\/\/slaptameile.lt\/?s={search_term_string}"},"query-input":{"@type":"PropertyValueSpecification","valueRequired":true,"valueName":"search_term_string"}}],"inLanguage":"en-US"},{"@type":"Organization","@id":"https:\/\/slaptameile.lt\/#organization","name":"Secret Love","url":"https:\/\/slaptameile.lt\/","logo":{"@type":"ImageObject","inLanguage":"en-US","@id":"https:\/\/slaptameile.lt\/#\/schema\/logo\/image\/","url":"https:\/\/slaptameile.lt\/wp-content\/uploads\/2026\/04\/sm-logo.jpg","contentUrl":"https:\/\/slaptameile.lt\/wp-content\/uploads\/2026\/04\/sm-logo.jpg","width":810,"height":380,"caption":"Slapta Meil\u0117"},"image":{"@id":"https:\/\/slaptameile.lt\/#\/schema\/logo\/image\/"},"sameAs":["https:\/\/www.facebook.com\/SlaptaMeileBarbora","https:\/\/www.instagram.com\/slaptameile","https:\/\/www.tiktok.com\/@slaptameile1"]}]}},"_links":{"self":[{"href":"https:\/\/slaptameile.lt\/en\/wp-json\/wp\/v2\/product\/105","targetHints":{"allow":["GET"]}}],"collection":[{"href":"https:\/\/slaptameile.lt\/en\/wp-json\/wp\/v2\/product"}],"about":[{"href":"https:\/\/slaptameile.lt\/en\/wp-json\/wp\/v2\/types\/product"}],"replies":[{"embeddable":true,"href":"https:\/\/slaptameile.lt\/en\/wp-json\/wp\/v2\/comments?post=105"}],"wp:featuredmedia":[{"embeddable":true,"href":"https:\/\/slaptameile.lt\/en\/wp-json\/wp\/v2\/media\/106"}],"wp:attachment":[{"href":"https:\/\/slaptameile.lt\/en\/wp-json\/wp\/v2\/media?parent=105"}],"wp:term":[{"taxonomy":"partner","embeddable":true,"href":"https:\/\/slaptameile.lt\/en\/wp-json\/wp\/v2\/partner?post=105"},{"taxonomy":"product_brand","embeddable":true,"href":"https:\/\/slaptameile.lt\/en\/wp-json\/wp\/v2\/product_brand?post=105"},{"taxonomy":"product_cat","embeddable":true,"href":"https:\/\/slaptameile.lt\/en\/wp-json\/wp\/v2\/product_cat?post=105"},{"taxonomy":"product_tag","embeddable":true,"href":"https:\/\/slaptameile.lt\/en\/wp-json\/wp\/v2\/product_tag?post=105"}],"curies":[{"name":"wp","href":"https:\/\/api.w.org\/{rel}","templated":true}]}}