{"id":1044,"date":"2024-08-02T13:52:09","date_gmt":"2024-08-02T10:52:09","guid":{"rendered":"https:\/\/slaptameile.lt\/?post_type=product&#038;p=1044"},"modified":"2026-04-14T04:38:30","modified_gmt":"2026-04-14T01:38:30","slug":"uzrasine-slapta-meile-romantiskas-vilniaus-miesto-atodusis","status":"publish","type":"product","link":"https:\/\/slaptameile.lt\/en\/preke\/uzrasine-slapta-meile-romantiskas-vilniaus-miesto-atodusis\/","title":{"rendered":"Notebook \u201eSlapta meil\u0117\u201d | Romantic Sigh of Vilnius City"},"content":{"rendered":"<p>This story-infused souvenir gift \u2013 a notebook with four different covers \u2013 is designed for those who jot down thoughts, dreams, or plans, but want to do so with a royal dose of inspiration.<\/p>\n<p>The Slapta meil\u0117 notebook is a place for your words, diary or daily observations. Scattered among the dotted pages are 14 illustrated short stories about Barbara Radvilait\u0117 and Sigismund Augustus, their love and their times - in Lithuanian and English. The texts also help you to discover the romantic Vilnius where it all began.<\/p>\n<p>Covers:<br \/>\nBarbora Radvilait\u0117<br \/>\nSigismund Augustus<br \/>\nManor History<br \/>\nA romantic sigh of Vilnius city<\/p>\n<p>The book is hardcover, solid, and comfortable, decorated with motifs of Barbara's favorite flowers.<br \/>\nSize 15,5 x 21,5 cm<br \/>\n222 dotted pages<br \/>\nText in Lithuanian and English<br \/>\nPerfect for a gift<\/p>","protected":false},"excerpt":{"rendered":"<p>This story-infused souvenir gift \u2013 a notebook with four different covers \u2013 is designed for those who jot down thoughts, dreams, or plans, but want to do so with a royal dose of inspiration.<\/p>\n<p>The Slapta meil\u0117 notebook is a place for your words, diary or daily observations. Scattered among the dotted pages are 14 illustrated short stories about Barbara Radvilait\u0117 and Sigismund Augustus, their love and their times - in Lithuanian and English. The texts also help you to discover the romantic Vilnius where it all began.<\/p>\n<p>Covers:<br \/>\nBarbora Radvilait\u0117<br \/>\nSigismund Augustus<br \/>\nManor History<br \/>\nA romantic sigh of Vilnius city<\/p>\n<p>The book is hardcover, solid, and comfortable, decorated with motifs of Barbara's favorite flowers.<br \/>\nSize 15,5 x 21,5 cm<br \/>\n222 dotted pages<br \/>\nText in Lithuanian and English<br \/>\nPerfect for a gift<\/p>","protected":false},"featured_media":2227,"comment_status":"open","ping_status":"closed","template":"","meta":{"_acf_changed":false},"partner":[58],"product_brand":[],"product_cat":[18,25],"product_tag":[],"class_list":{"0":"post-1044","1":"product","2":"type-product","3":"status-publish","4":"has-post-thumbnail","6":"partner-leidykla-vaga","7":"product_cat-karaliskoji-kolekcija","8":"product_cat-rastine","10":"first","11":"instock","12":"taxable","13":"shipping-taxable","14":"purchasable","15":"product-type-simple"},"acf":[],"yoast_head":"<!-- This site is optimized with the Yoast SEO plugin v27.5 - https:\/\/yoast.com\/product\/yoast-seo-wordpress\/ -->\n<title>U\u017era\u0161in\u0117 &quot;Slapta meil\u0117&quot; | Romanti\u0161kas Vilniaus miesto atod\u016bsis - Slapta Meil\u0117<\/title>\n<meta name=\"robots\" content=\"index, follow, max-snippet:-1, max-image-preview:large, max-video-preview:-1\" \/>\n<link rel=\"canonical\" href=\"https:\/\/slaptameile.lt\/en\/preke\/uzrasine-slapta-meile-romantiskas-vilniaus-miesto-atodusis\/\" \/>\n<meta property=\"og:locale\" content=\"en_US\" \/>\n<meta property=\"og:type\" content=\"article\" \/>\n<meta property=\"og:title\" content=\"U\u017era\u0161in\u0117 &quot;Slapta meil\u0117&quot; | Romanti\u0161kas Vilniaus miesto atod\u016bsis - Slapta Meil\u0117\" \/>\n<meta property=\"og:description\" content=\"\u0160i istorij\u0173 prisisunkusi suvenyrin\u0117 dovana \u2013 u\u017era\u0161in\u0117 keturiais skirtingais vir\u0161eliais \u2013 sukurta tiems, kurie ra\u0161o mintis, sapnus ar planus, bet nori tai daryti drauge su karali\u0161ka \u012fkv\u0117pimo doze.  U\u017era\u0161in\u0117 \u201eSlapta meil\u0117\u201c \u2013 vieta tavo \u017eod\u017eiams, dienora\u0161\u010diui ar kasdieniams pasteb\u0117jimams. Tarp ta\u0161kuot\u0173 puslapi\u0173 i\u0161barstyta 14 iliustruot\u0173 trump\u0173 istorij\u0173 apie Barbor\u0105 Radvilait\u0119 ir \u017dygimant\u0105 August\u0105, j\u0173 meil\u0119 ir laikmet\u012f \u2013 lietuvi\u0173 ir angl\u0173 kalbomis. Tekstai padeda pa\u017einti ir romanti\u0161k\u0105j\u012f Vilni\u0173, kuriame viskas prasid\u0117jo.  Vir\u0161eliai: Barbora Radvilait\u0117 \u017dygimantas Augustas Dvaro istorijos Romanti\u0161kas Vilniaus miesto atod\u016bsis  Knyga \u2013 kietu vir\u0161eliu, solidi ir patogi, dekoruota Barboros m\u0117gstam\u0173 g\u0117li\u0173 motyvais Dydis 15,5 x 21,5 cm 222 ta\u0161kuot\u0173 puslapi\u0173 Tekstas lietuvi\u0173 ir angl\u0173 kalbomis Puikiai tinka dovanai\" \/>\n<meta property=\"og:url\" content=\"https:\/\/slaptameile.lt\/en\/preke\/uzrasine-slapta-meile-romantiskas-vilniaus-miesto-atodusis\/\" \/>\n<meta property=\"og:site_name\" content=\"Slapta Meil\u0117\" \/>\n<meta property=\"article:publisher\" content=\"https:\/\/www.facebook.com\/SlaptaMeileBarbora\" \/>\n<meta property=\"article:modified_time\" content=\"2026-04-14T01:38:30+00:00\" \/>\n<meta property=\"og:image\" content=\"https:\/\/slaptameile.lt\/wp-content\/uploads\/2024\/08\/Produkto-Romantiskas-atodusis-Uzrasine-Vaga-01-2.jpg\" \/>\n\t<meta property=\"og:image:width\" content=\"2250\" \/>\n\t<meta property=\"og:image:height\" content=\"3000\" \/>\n\t<meta property=\"og:image:type\" content=\"image\/jpeg\" \/>\n<meta name=\"twitter:card\" content=\"summary_large_image\" \/>\n<meta name=\"twitter:label1\" content=\"Est. reading time\" \/>\n\t<meta name=\"twitter:data1\" content=\"1 minute\" \/>\n<script type=\"application\/ld+json\" class=\"yoast-schema-graph\">{\"@context\":\"https:\\\/\\\/schema.org\",\"@graph\":[{\"@type\":\"WebPage\",\"@id\":\"https:\\\/\\\/slaptameile.lt\\\/preke\\\/uzrasine-slapta-meile-romantiskas-vilniaus-miesto-atodusis\\\/\",\"url\":\"https:\\\/\\\/slaptameile.lt\\\/preke\\\/uzrasine-slapta-meile-romantiskas-vilniaus-miesto-atodusis\\\/\",\"name\":\"U\u017era\u0161in\u0117 \\\"Slapta meil\u0117\\\" | Romanti\u0161kas Vilniaus miesto atod\u016bsis - Slapta Meil\u0117\",\"isPartOf\":{\"@id\":\"https:\\\/\\\/slaptameile.lt\\\/#website\"},\"primaryImageOfPage\":{\"@id\":\"https:\\\/\\\/slaptameile.lt\\\/preke\\\/uzrasine-slapta-meile-romantiskas-vilniaus-miesto-atodusis\\\/#primaryimage\"},\"image\":{\"@id\":\"https:\\\/\\\/slaptameile.lt\\\/preke\\\/uzrasine-slapta-meile-romantiskas-vilniaus-miesto-atodusis\\\/#primaryimage\"},\"thumbnailUrl\":\"https:\\\/\\\/slaptameile.lt\\\/wp-content\\\/uploads\\\/2024\\\/08\\\/Produkto-Romantiskas-atodusis-Uzrasine-Vaga-01-2.jpg\",\"datePublished\":\"2024-08-02T10:52:09+00:00\",\"dateModified\":\"2026-04-14T01:38:30+00:00\",\"breadcrumb\":{\"@id\":\"https:\\\/\\\/slaptameile.lt\\\/preke\\\/uzrasine-slapta-meile-romantiskas-vilniaus-miesto-atodusis\\\/#breadcrumb\"},\"inLanguage\":\"en-US\",\"potentialAction\":[{\"@type\":\"ReadAction\",\"target\":[\"https:\\\/\\\/slaptameile.lt\\\/preke\\\/uzrasine-slapta-meile-romantiskas-vilniaus-miesto-atodusis\\\/\"]}]},{\"@type\":\"ImageObject\",\"inLanguage\":\"en-US\",\"@id\":\"https:\\\/\\\/slaptameile.lt\\\/preke\\\/uzrasine-slapta-meile-romantiskas-vilniaus-miesto-atodusis\\\/#primaryimage\",\"url\":\"https:\\\/\\\/slaptameile.lt\\\/wp-content\\\/uploads\\\/2024\\\/08\\\/Produkto-Romantiskas-atodusis-Uzrasine-Vaga-01-2.jpg\",\"contentUrl\":\"https:\\\/\\\/slaptameile.lt\\\/wp-content\\\/uploads\\\/2024\\\/08\\\/Produkto-Romantiskas-atodusis-Uzrasine-Vaga-01-2.jpg\",\"width\":2250,\"height\":3000},{\"@type\":\"BreadcrumbList\",\"@id\":\"https:\\\/\\\/slaptameile.lt\\\/preke\\\/uzrasine-slapta-meile-romantiskas-vilniaus-miesto-atodusis\\\/#breadcrumb\",\"itemListElement\":[{\"@type\":\"ListItem\",\"position\":1,\"name\":\"Home\",\"item\":\"https:\\\/\\\/slaptameile.lt\\\/\"},{\"@type\":\"ListItem\",\"position\":2,\"name\":\"Parduotuv\u0117\",\"item\":\"https:\\\/\\\/slaptameile.lt\\\/parduotuve\\\/\"},{\"@type\":\"ListItem\",\"position\":3,\"name\":\"U\u017era\u0161in\u0117 &#8222;Slapta meil\u0117&#8221; | Romanti\u0161kas Vilniaus miesto atod\u016bsis\"}]},{\"@type\":\"WebSite\",\"@id\":\"https:\\\/\\\/slaptameile.lt\\\/#website\",\"url\":\"https:\\\/\\\/slaptameile.lt\\\/\",\"name\":\"Slapta Meil\u0117\",\"description\":\"\",\"publisher\":{\"@id\":\"https:\\\/\\\/slaptameile.lt\\\/#organization\"},\"potentialAction\":[{\"@type\":\"SearchAction\",\"target\":{\"@type\":\"EntryPoint\",\"urlTemplate\":\"https:\\\/\\\/slaptameile.lt\\\/?s={search_term_string}\"},\"query-input\":{\"@type\":\"PropertyValueSpecification\",\"valueRequired\":true,\"valueName\":\"search_term_string\"}}],\"inLanguage\":\"en-US\"},{\"@type\":\"Organization\",\"@id\":\"https:\\\/\\\/slaptameile.lt\\\/#organization\",\"name\":\"Slapta Meil\u0117\",\"url\":\"https:\\\/\\\/slaptameile.lt\\\/\",\"logo\":{\"@type\":\"ImageObject\",\"inLanguage\":\"en-US\",\"@id\":\"https:\\\/\\\/slaptameile.lt\\\/#\\\/schema\\\/logo\\\/image\\\/\",\"url\":\"https:\\\/\\\/slaptameile.lt\\\/wp-content\\\/uploads\\\/2026\\\/04\\\/sm-logo.jpg\",\"contentUrl\":\"https:\\\/\\\/slaptameile.lt\\\/wp-content\\\/uploads\\\/2026\\\/04\\\/sm-logo.jpg\",\"width\":810,\"height\":380,\"caption\":\"Slapta Meil\u0117\"},\"image\":{\"@id\":\"https:\\\/\\\/slaptameile.lt\\\/#\\\/schema\\\/logo\\\/image\\\/\"},\"sameAs\":[\"https:\\\/\\\/www.facebook.com\\\/SlaptaMeileBarbora\",\"https:\\\/\\\/www.instagram.com\\\/slaptameile\",\"https:\\\/\\\/www.tiktok.com\\\/@slaptameile1\"]}]}<\/script>\n<!-- \/ Yoast SEO plugin. -->","yoast_head_json":{"title":"U\u017era\u0161in\u0117 \"Slapta meil\u0117\" | Romanti\u0161kas Vilniaus miesto atod\u016bsis - Slapta Meil\u0117","robots":{"index":"index","follow":"follow","max-snippet":"max-snippet:-1","max-image-preview":"max-image-preview:large","max-video-preview":"max-video-preview:-1"},"canonical":"https:\/\/slaptameile.lt\/en\/preke\/uzrasine-slapta-meile-romantiskas-vilniaus-miesto-atodusis\/","og_locale":"en_US","og_type":"article","og_title":"U\u017era\u0161in\u0117 \"Slapta meil\u0117\" | Romanti\u0161kas Vilniaus miesto atod\u016bsis - Slapta Meil\u0117","og_description":"\u0160i istorij\u0173 prisisunkusi suvenyrin\u0117 dovana \u2013 u\u017era\u0161in\u0117 keturiais skirtingais vir\u0161eliais \u2013 sukurta tiems, kurie ra\u0161o mintis, sapnus ar planus, bet nori tai daryti drauge su karali\u0161ka \u012fkv\u0117pimo doze.  U\u017era\u0161in\u0117 \u201eSlapta meil\u0117\u201c \u2013 vieta tavo \u017eod\u017eiams, dienora\u0161\u010diui ar kasdieniams pasteb\u0117jimams. Tarp ta\u0161kuot\u0173 puslapi\u0173 i\u0161barstyta 14 iliustruot\u0173 trump\u0173 istorij\u0173 apie Barbor\u0105 Radvilait\u0119 ir \u017dygimant\u0105 August\u0105, j\u0173 meil\u0119 ir laikmet\u012f \u2013 lietuvi\u0173 ir angl\u0173 kalbomis. Tekstai padeda pa\u017einti ir romanti\u0161k\u0105j\u012f Vilni\u0173, kuriame viskas prasid\u0117jo.  Vir\u0161eliai: Barbora Radvilait\u0117 \u017dygimantas Augustas Dvaro istorijos Romanti\u0161kas Vilniaus miesto atod\u016bsis  Knyga \u2013 kietu vir\u0161eliu, solidi ir patogi, dekoruota Barboros m\u0117gstam\u0173 g\u0117li\u0173 motyvais Dydis 15,5 x 21,5 cm 222 ta\u0161kuot\u0173 puslapi\u0173 Tekstas lietuvi\u0173 ir angl\u0173 kalbomis Puikiai tinka dovanai","og_url":"https:\/\/slaptameile.lt\/en\/preke\/uzrasine-slapta-meile-romantiskas-vilniaus-miesto-atodusis\/","og_site_name":"Slapta Meil\u0117","article_publisher":"https:\/\/www.facebook.com\/SlaptaMeileBarbora","article_modified_time":"2026-04-14T01:38:30+00:00","og_image":[{"width":2250,"height":3000,"url":"https:\/\/slaptameile.lt\/wp-content\/uploads\/2024\/08\/Produkto-Romantiskas-atodusis-Uzrasine-Vaga-01-2.jpg","type":"image\/jpeg"}],"twitter_card":"summary_large_image","twitter_misc":{"Est. reading time":"1 minute"},"schema":{"@context":"https:\/\/schema.org","@graph":[{"@type":"WebPage","@id":"https:\/\/slaptameile.lt\/preke\/uzrasine-slapta-meile-romantiskas-vilniaus-miesto-atodusis\/","url":"https:\/\/slaptameile.lt\/preke\/uzrasine-slapta-meile-romantiskas-vilniaus-miesto-atodusis\/","name":"U\u017era\u0161in\u0117 \"Slapta meil\u0117\" | Romanti\u0161kas Vilniaus miesto atod\u016bsis - Slapta Meil\u0117","isPartOf":{"@id":"https:\/\/slaptameile.lt\/#website"},"primaryImageOfPage":{"@id":"https:\/\/slaptameile.lt\/preke\/uzrasine-slapta-meile-romantiskas-vilniaus-miesto-atodusis\/#primaryimage"},"image":{"@id":"https:\/\/slaptameile.lt\/preke\/uzrasine-slapta-meile-romantiskas-vilniaus-miesto-atodusis\/#primaryimage"},"thumbnailUrl":"https:\/\/slaptameile.lt\/wp-content\/uploads\/2024\/08\/Produkto-Romantiskas-atodusis-Uzrasine-Vaga-01-2.jpg","datePublished":"2024-08-02T10:52:09+00:00","dateModified":"2026-04-14T01:38:30+00:00","breadcrumb":{"@id":"https:\/\/slaptameile.lt\/preke\/uzrasine-slapta-meile-romantiskas-vilniaus-miesto-atodusis\/#breadcrumb"},"inLanguage":"en-US","potentialAction":[{"@type":"ReadAction","target":["https:\/\/slaptameile.lt\/preke\/uzrasine-slapta-meile-romantiskas-vilniaus-miesto-atodusis\/"]}]},{"@type":"ImageObject","inLanguage":"en-US","@id":"https:\/\/slaptameile.lt\/preke\/uzrasine-slapta-meile-romantiskas-vilniaus-miesto-atodusis\/#primaryimage","url":"https:\/\/slaptameile.lt\/wp-content\/uploads\/2024\/08\/Produkto-Romantiskas-atodusis-Uzrasine-Vaga-01-2.jpg","contentUrl":"https:\/\/slaptameile.lt\/wp-content\/uploads\/2024\/08\/Produkto-Romantiskas-atodusis-Uzrasine-Vaga-01-2.jpg","width":2250,"height":3000},{"@type":"BreadcrumbList","@id":"https:\/\/slaptameile.lt\/preke\/uzrasine-slapta-meile-romantiskas-vilniaus-miesto-atodusis\/#breadcrumb","itemListElement":[{"@type":"ListItem","position":1,"name":"Home","item":"https:\/\/slaptameile.lt\/"},{"@type":"ListItem","position":2,"name":"Parduotuv\u0117","item":"https:\/\/slaptameile.lt\/parduotuve\/"},{"@type":"ListItem","position":3,"name":"U\u017era\u0161in\u0117 &#8222;Slapta meil\u0117&#8221; | Romanti\u0161kas Vilniaus miesto atod\u016bsis"}]},{"@type":"WebSite","@id":"https:\/\/slaptameile.lt\/#website","url":"https:\/\/slaptameile.lt\/","name":"Secret Love","description":"","publisher":{"@id":"https:\/\/slaptameile.lt\/#organization"},"potentialAction":[{"@type":"SearchAction","target":{"@type":"EntryPoint","urlTemplate":"https:\/\/slaptameile.lt\/?s={search_term_string}"},"query-input":{"@type":"PropertyValueSpecification","valueRequired":true,"valueName":"search_term_string"}}],"inLanguage":"en-US"},{"@type":"Organization","@id":"https:\/\/slaptameile.lt\/#organization","name":"Secret Love","url":"https:\/\/slaptameile.lt\/","logo":{"@type":"ImageObject","inLanguage":"en-US","@id":"https:\/\/slaptameile.lt\/#\/schema\/logo\/image\/","url":"https:\/\/slaptameile.lt\/wp-content\/uploads\/2026\/04\/sm-logo.jpg","contentUrl":"https:\/\/slaptameile.lt\/wp-content\/uploads\/2026\/04\/sm-logo.jpg","width":810,"height":380,"caption":"Slapta Meil\u0117"},"image":{"@id":"https:\/\/slaptameile.lt\/#\/schema\/logo\/image\/"},"sameAs":["https:\/\/www.facebook.com\/SlaptaMeileBarbora","https:\/\/www.instagram.com\/slaptameile","https:\/\/www.tiktok.com\/@slaptameile1"]}]}},"_links":{"self":[{"href":"https:\/\/slaptameile.lt\/en\/wp-json\/wp\/v2\/product\/1044","targetHints":{"allow":["GET"]}}],"collection":[{"href":"https:\/\/slaptameile.lt\/en\/wp-json\/wp\/v2\/product"}],"about":[{"href":"https:\/\/slaptameile.lt\/en\/wp-json\/wp\/v2\/types\/product"}],"replies":[{"embeddable":true,"href":"https:\/\/slaptameile.lt\/en\/wp-json\/wp\/v2\/comments?post=1044"}],"wp:featuredmedia":[{"embeddable":true,"href":"https:\/\/slaptameile.lt\/en\/wp-json\/wp\/v2\/media\/2227"}],"wp:attachment":[{"href":"https:\/\/slaptameile.lt\/en\/wp-json\/wp\/v2\/media?parent=1044"}],"wp:term":[{"taxonomy":"partner","embeddable":true,"href":"https:\/\/slaptameile.lt\/en\/wp-json\/wp\/v2\/partner?post=1044"},{"taxonomy":"product_brand","embeddable":true,"href":"https:\/\/slaptameile.lt\/en\/wp-json\/wp\/v2\/product_brand?post=1044"},{"taxonomy":"product_cat","embeddable":true,"href":"https:\/\/slaptameile.lt\/en\/wp-json\/wp\/v2\/product_cat?post=1044"},{"taxonomy":"product_tag","embeddable":true,"href":"https:\/\/slaptameile.lt\/en\/wp-json\/wp\/v2\/product_tag?post=1044"}],"curies":[{"name":"wp","href":"https:\/\/api.w.org\/{rel}","templated":true}]}}