{"id":1017,"date":"2024-08-08T04:02:23","date_gmt":"2024-08-08T01:02:23","guid":{"rendered":"https:\/\/slaptameile.lt\/?post_type=product&#038;p=1017"},"modified":"2026-04-08T16:35:58","modified_gmt":"2026-04-08T13:35:58","slug":"stalo-padekliukai-augustas-ir-barbora-6-vnt","status":"publish","type":"product","link":"https:\/\/slaptameile.lt\/en\/preke\/stalo-padekliukai-augustas-ir-barbora-6-vnt\/","title":{"rendered":"Table placemats \u201eAugustus and Barbara\u201c | 6 pcs."},"content":{"rendered":"<p>Kai istorija susitinka su tavo stalo pavir\u0161iumi<\/p>\n<p>Barbora Radvilait\u0117 ir \u017dygimantas Augustas dabar tavo kavos stalo dalis. \u0160ie pad\u0117kliukai su Migl\u0117s Kosinskait\u0117s portret\u0173 fragmentais atne\u0161a Renesanso dram\u0105, men\u0105 ir \u0161iek tiek humoro tiesiai po tavo puodeliu.<\/p>\n<p>Tai mini galerija, kuri kalba apie meil\u0119, kar\u016bnas ir gal net tavo potrauk\u012f renesansui. Tobula dovana tiems, kurie m\u0117gsta kult\u016br\u0105 ir istorij\u0105. Arba tiesiog nori pasirodyti, kad \u017eino, kas buvo Barbora.<\/p>\n<p>Ant stalo \u2013 menas, istorija, ir \u0161velni ironija.<\/p>\n<p>Dydis\u00a020 x 20 cm<br \/>\nMed\u017eiaga\u00a0poliesteris<br \/>\nKomplekte\u00a06 vnt. (2 skirtingi vaizdai po 3)<\/p>\n<p>Made and manufactured in Lithuania<\/p>","protected":false},"excerpt":{"rendered":"<p>Kai istorija susitinka su tavo stalo pavir\u0161iumi<\/p>\n<p>Barbora Radvilait\u0117 ir \u017dygimantas Augustas dabar tavo kavos stalo dalis. \u0160ie pad\u0117kliukai su Migl\u0117s Kosinskait\u0117s portret\u0173 fragmentais atne\u0161a Renesanso dram\u0105, men\u0105 ir \u0161iek tiek humoro tiesiai po tavo puodeliu.<\/p>\n<p>Tai mini galerija, kuri kalba apie meil\u0119, kar\u016bnas ir gal net tavo potrauk\u012f renesansui. Tobula dovana tiems, kurie m\u0117gsta kult\u016br\u0105 ir istorij\u0105. Arba tiesiog nori pasirodyti, kad \u017eino, kas buvo Barbora.<\/p>\n<p>Ant stalo \u2013 menas, istorija, ir \u0161velni ironija.<\/p>\n<p>Dydis\u00a020 x 20 cm<br \/>\nMed\u017eiaga\u00a0poliesteris<br \/>\nKomplekte\u00a06 vnt. (2 skirtingi vaizdai po 3)<\/p>\n<p>Made and manufactured in Lithuania<\/p>","protected":false},"featured_media":1018,"comment_status":"open","ping_status":"closed","template":"","meta":{"_acf_changed":false},"partner":[54],"product_brand":[],"product_cat":[18,27],"product_tag":[],"class_list":{"0":"post-1017","1":"product","2":"type-product","3":"status-publish","4":"has-post-thumbnail","6":"partner-pitex","7":"product_cat-karaliskoji-kolekcija","8":"product_cat-namu-didybei","10":"first","11":"instock","12":"taxable","13":"shipping-taxable","14":"purchasable","15":"product-type-simple"},"acf":[],"yoast_head":"<!-- This site is optimized with the Yoast SEO plugin v27.5 - https:\/\/yoast.com\/product\/yoast-seo-wordpress\/ -->\n<title>Stalo pad\u0117kliukai \u201eAugustas ir Barbora\u201c | 6 vnt. - Slapta Meil\u0117<\/title>\n<meta name=\"robots\" content=\"index, follow, max-snippet:-1, max-image-preview:large, max-video-preview:-1\" \/>\n<link rel=\"canonical\" href=\"https:\/\/slaptameile.lt\/en\/preke\/stalo-padekliukai-augustas-ir-barbora-6-vnt\/\" \/>\n<meta property=\"og:locale\" content=\"en_US\" \/>\n<meta property=\"og:type\" content=\"article\" \/>\n<meta property=\"og:title\" content=\"Stalo pad\u0117kliukai \u201eAugustas ir Barbora\u201c | 6 vnt. - Slapta Meil\u0117\" \/>\n<meta property=\"og:description\" content=\"Kai istorija susitinka su tavo stalo pavir\u0161iumi  Barbora Radvilait\u0117 ir \u017dygimantas Augustas dabar tavo kavos stalo dalis. \u0160ie pad\u0117kliukai su Migl\u0117s Kosinskait\u0117s portret\u0173 fragmentais atne\u0161a Renesanso dram\u0105, men\u0105 ir \u0161iek tiek humoro tiesiai po tavo puodeliu.  Tai mini galerija, kuri kalba apie meil\u0119, kar\u016bnas ir gal net tavo potrauk\u012f renesansui. Tobula dovana tiems, kurie m\u0117gsta kult\u016br\u0105 ir istorij\u0105. Arba tiesiog nori pasirodyti, kad \u017eino, kas buvo Barbora.  Ant stalo \u2013 menas, istorija, ir \u0161velni ironija.  Dydis\u00a020 x 20 cm Med\u017eiaga\u00a0poliesteris Komplekte\u00a06 vnt. (2 skirtingi vaizdai po 3)  Sukurta ir pagaminta Lietuvoje\" \/>\n<meta property=\"og:url\" content=\"https:\/\/slaptameile.lt\/en\/preke\/stalo-padekliukai-augustas-ir-barbora-6-vnt\/\" \/>\n<meta property=\"og:site_name\" content=\"Slapta Meil\u0117\" \/>\n<meta property=\"article:publisher\" content=\"https:\/\/www.facebook.com\/SlaptaMeileBarbora\" \/>\n<meta property=\"article:modified_time\" content=\"2026-04-08T13:35:58+00:00\" \/>\n<meta property=\"og:image\" content=\"https:\/\/slaptameile.lt\/wp-content\/uploads\/2025\/10\/SM-86.jpg\" \/>\n\t<meta property=\"og:image:width\" content=\"1638\" \/>\n\t<meta property=\"og:image:height\" content=\"2048\" \/>\n\t<meta property=\"og:image:type\" content=\"image\/jpeg\" \/>\n<meta name=\"twitter:card\" content=\"summary_large_image\" \/>\n<script type=\"application\/ld+json\" class=\"yoast-schema-graph\">{\"@context\":\"https:\\\/\\\/schema.org\",\"@graph\":[{\"@type\":\"WebPage\",\"@id\":\"https:\\\/\\\/slaptameile.lt\\\/preke\\\/stalo-padekliukai-augustas-ir-barbora-6-vnt\\\/\",\"url\":\"https:\\\/\\\/slaptameile.lt\\\/preke\\\/stalo-padekliukai-augustas-ir-barbora-6-vnt\\\/\",\"name\":\"Stalo pad\u0117kliukai \u201eAugustas ir Barbora\u201c | 6 vnt. - Slapta Meil\u0117\",\"isPartOf\":{\"@id\":\"https:\\\/\\\/slaptameile.lt\\\/#website\"},\"primaryImageOfPage\":{\"@id\":\"https:\\\/\\\/slaptameile.lt\\\/preke\\\/stalo-padekliukai-augustas-ir-barbora-6-vnt\\\/#primaryimage\"},\"image\":{\"@id\":\"https:\\\/\\\/slaptameile.lt\\\/preke\\\/stalo-padekliukai-augustas-ir-barbora-6-vnt\\\/#primaryimage\"},\"thumbnailUrl\":\"https:\\\/\\\/slaptameile.lt\\\/wp-content\\\/uploads\\\/2025\\\/10\\\/SM-86.jpg\",\"datePublished\":\"2024-08-08T01:02:23+00:00\",\"dateModified\":\"2026-04-08T13:35:58+00:00\",\"breadcrumb\":{\"@id\":\"https:\\\/\\\/slaptameile.lt\\\/preke\\\/stalo-padekliukai-augustas-ir-barbora-6-vnt\\\/#breadcrumb\"},\"inLanguage\":\"en-US\",\"potentialAction\":[{\"@type\":\"ReadAction\",\"target\":[\"https:\\\/\\\/slaptameile.lt\\\/preke\\\/stalo-padekliukai-augustas-ir-barbora-6-vnt\\\/\"]}]},{\"@type\":\"ImageObject\",\"inLanguage\":\"en-US\",\"@id\":\"https:\\\/\\\/slaptameile.lt\\\/preke\\\/stalo-padekliukai-augustas-ir-barbora-6-vnt\\\/#primaryimage\",\"url\":\"https:\\\/\\\/slaptameile.lt\\\/wp-content\\\/uploads\\\/2025\\\/10\\\/SM-86.jpg\",\"contentUrl\":\"https:\\\/\\\/slaptameile.lt\\\/wp-content\\\/uploads\\\/2025\\\/10\\\/SM-86.jpg\",\"width\":1638,\"height\":2048},{\"@type\":\"BreadcrumbList\",\"@id\":\"https:\\\/\\\/slaptameile.lt\\\/preke\\\/stalo-padekliukai-augustas-ir-barbora-6-vnt\\\/#breadcrumb\",\"itemListElement\":[{\"@type\":\"ListItem\",\"position\":1,\"name\":\"Home\",\"item\":\"https:\\\/\\\/slaptameile.lt\\\/\"},{\"@type\":\"ListItem\",\"position\":2,\"name\":\"Parduotuv\u0117\",\"item\":\"https:\\\/\\\/slaptameile.lt\\\/parduotuve\\\/\"},{\"@type\":\"ListItem\",\"position\":3,\"name\":\"Stalo pad\u0117kliukai \u201eAugustas ir Barbora\u201c | 6 vnt.\"}]},{\"@type\":\"WebSite\",\"@id\":\"https:\\\/\\\/slaptameile.lt\\\/#website\",\"url\":\"https:\\\/\\\/slaptameile.lt\\\/\",\"name\":\"Slapta Meil\u0117\",\"description\":\"\",\"publisher\":{\"@id\":\"https:\\\/\\\/slaptameile.lt\\\/#organization\"},\"potentialAction\":[{\"@type\":\"SearchAction\",\"target\":{\"@type\":\"EntryPoint\",\"urlTemplate\":\"https:\\\/\\\/slaptameile.lt\\\/?s={search_term_string}\"},\"query-input\":{\"@type\":\"PropertyValueSpecification\",\"valueRequired\":true,\"valueName\":\"search_term_string\"}}],\"inLanguage\":\"en-US\"},{\"@type\":\"Organization\",\"@id\":\"https:\\\/\\\/slaptameile.lt\\\/#organization\",\"name\":\"Slapta Meil\u0117\",\"url\":\"https:\\\/\\\/slaptameile.lt\\\/\",\"logo\":{\"@type\":\"ImageObject\",\"inLanguage\":\"en-US\",\"@id\":\"https:\\\/\\\/slaptameile.lt\\\/#\\\/schema\\\/logo\\\/image\\\/\",\"url\":\"https:\\\/\\\/slaptameile.lt\\\/wp-content\\\/uploads\\\/2026\\\/04\\\/sm-logo.jpg\",\"contentUrl\":\"https:\\\/\\\/slaptameile.lt\\\/wp-content\\\/uploads\\\/2026\\\/04\\\/sm-logo.jpg\",\"width\":810,\"height\":380,\"caption\":\"Slapta Meil\u0117\"},\"image\":{\"@id\":\"https:\\\/\\\/slaptameile.lt\\\/#\\\/schema\\\/logo\\\/image\\\/\"},\"sameAs\":[\"https:\\\/\\\/www.facebook.com\\\/SlaptaMeileBarbora\",\"https:\\\/\\\/www.instagram.com\\\/slaptameile\",\"https:\\\/\\\/www.tiktok.com\\\/@slaptameile1\"]}]}<\/script>\n<!-- \/ Yoast SEO plugin. -->","yoast_head_json":{"title":"Stalo pad\u0117kliukai \u201eAugustas ir Barbora\u201c | 6 vnt. - Slapta Meil\u0117","robots":{"index":"index","follow":"follow","max-snippet":"max-snippet:-1","max-image-preview":"max-image-preview:large","max-video-preview":"max-video-preview:-1"},"canonical":"https:\/\/slaptameile.lt\/en\/preke\/stalo-padekliukai-augustas-ir-barbora-6-vnt\/","og_locale":"en_US","og_type":"article","og_title":"Stalo pad\u0117kliukai \u201eAugustas ir Barbora\u201c | 6 vnt. - Slapta Meil\u0117","og_description":"Kai istorija susitinka su tavo stalo pavir\u0161iumi  Barbora Radvilait\u0117 ir \u017dygimantas Augustas dabar tavo kavos stalo dalis. \u0160ie pad\u0117kliukai su Migl\u0117s Kosinskait\u0117s portret\u0173 fragmentais atne\u0161a Renesanso dram\u0105, men\u0105 ir \u0161iek tiek humoro tiesiai po tavo puodeliu.  Tai mini galerija, kuri kalba apie meil\u0119, kar\u016bnas ir gal net tavo potrauk\u012f renesansui. Tobula dovana tiems, kurie m\u0117gsta kult\u016br\u0105 ir istorij\u0105. Arba tiesiog nori pasirodyti, kad \u017eino, kas buvo Barbora.  Ant stalo \u2013 menas, istorija, ir \u0161velni ironija.  Dydis\u00a020 x 20 cm Med\u017eiaga\u00a0poliesteris Komplekte\u00a06 vnt. (2 skirtingi vaizdai po 3)  Sukurta ir pagaminta Lietuvoje","og_url":"https:\/\/slaptameile.lt\/en\/preke\/stalo-padekliukai-augustas-ir-barbora-6-vnt\/","og_site_name":"Slapta Meil\u0117","article_publisher":"https:\/\/www.facebook.com\/SlaptaMeileBarbora","article_modified_time":"2026-04-08T13:35:58+00:00","og_image":[{"width":1638,"height":2048,"url":"https:\/\/slaptameile.lt\/wp-content\/uploads\/2025\/10\/SM-86.jpg","type":"image\/jpeg"}],"twitter_card":"summary_large_image","schema":{"@context":"https:\/\/schema.org","@graph":[{"@type":"WebPage","@id":"https:\/\/slaptameile.lt\/preke\/stalo-padekliukai-augustas-ir-barbora-6-vnt\/","url":"https:\/\/slaptameile.lt\/preke\/stalo-padekliukai-augustas-ir-barbora-6-vnt\/","name":"Stalo pad\u0117kliukai \u201eAugustas ir Barbora\u201c | 6 vnt. - Slapta Meil\u0117","isPartOf":{"@id":"https:\/\/slaptameile.lt\/#website"},"primaryImageOfPage":{"@id":"https:\/\/slaptameile.lt\/preke\/stalo-padekliukai-augustas-ir-barbora-6-vnt\/#primaryimage"},"image":{"@id":"https:\/\/slaptameile.lt\/preke\/stalo-padekliukai-augustas-ir-barbora-6-vnt\/#primaryimage"},"thumbnailUrl":"https:\/\/slaptameile.lt\/wp-content\/uploads\/2025\/10\/SM-86.jpg","datePublished":"2024-08-08T01:02:23+00:00","dateModified":"2026-04-08T13:35:58+00:00","breadcrumb":{"@id":"https:\/\/slaptameile.lt\/preke\/stalo-padekliukai-augustas-ir-barbora-6-vnt\/#breadcrumb"},"inLanguage":"en-US","potentialAction":[{"@type":"ReadAction","target":["https:\/\/slaptameile.lt\/preke\/stalo-padekliukai-augustas-ir-barbora-6-vnt\/"]}]},{"@type":"ImageObject","inLanguage":"en-US","@id":"https:\/\/slaptameile.lt\/preke\/stalo-padekliukai-augustas-ir-barbora-6-vnt\/#primaryimage","url":"https:\/\/slaptameile.lt\/wp-content\/uploads\/2025\/10\/SM-86.jpg","contentUrl":"https:\/\/slaptameile.lt\/wp-content\/uploads\/2025\/10\/SM-86.jpg","width":1638,"height":2048},{"@type":"BreadcrumbList","@id":"https:\/\/slaptameile.lt\/preke\/stalo-padekliukai-augustas-ir-barbora-6-vnt\/#breadcrumb","itemListElement":[{"@type":"ListItem","position":1,"name":"Home","item":"https:\/\/slaptameile.lt\/"},{"@type":"ListItem","position":2,"name":"Parduotuv\u0117","item":"https:\/\/slaptameile.lt\/parduotuve\/"},{"@type":"ListItem","position":3,"name":"Stalo pad\u0117kliukai \u201eAugustas ir Barbora\u201c | 6 vnt."}]},{"@type":"WebSite","@id":"https:\/\/slaptameile.lt\/#website","url":"https:\/\/slaptameile.lt\/","name":"Secret Love","description":"","publisher":{"@id":"https:\/\/slaptameile.lt\/#organization"},"potentialAction":[{"@type":"SearchAction","target":{"@type":"EntryPoint","urlTemplate":"https:\/\/slaptameile.lt\/?s={search_term_string}"},"query-input":{"@type":"PropertyValueSpecification","valueRequired":true,"valueName":"search_term_string"}}],"inLanguage":"en-US"},{"@type":"Organization","@id":"https:\/\/slaptameile.lt\/#organization","name":"Secret Love","url":"https:\/\/slaptameile.lt\/","logo":{"@type":"ImageObject","inLanguage":"en-US","@id":"https:\/\/slaptameile.lt\/#\/schema\/logo\/image\/","url":"https:\/\/slaptameile.lt\/wp-content\/uploads\/2026\/04\/sm-logo.jpg","contentUrl":"https:\/\/slaptameile.lt\/wp-content\/uploads\/2026\/04\/sm-logo.jpg","width":810,"height":380,"caption":"Slapta Meil\u0117"},"image":{"@id":"https:\/\/slaptameile.lt\/#\/schema\/logo\/image\/"},"sameAs":["https:\/\/www.facebook.com\/SlaptaMeileBarbora","https:\/\/www.instagram.com\/slaptameile","https:\/\/www.tiktok.com\/@slaptameile1"]}]}},"_links":{"self":[{"href":"https:\/\/slaptameile.lt\/en\/wp-json\/wp\/v2\/product\/1017","targetHints":{"allow":["GET"]}}],"collection":[{"href":"https:\/\/slaptameile.lt\/en\/wp-json\/wp\/v2\/product"}],"about":[{"href":"https:\/\/slaptameile.lt\/en\/wp-json\/wp\/v2\/types\/product"}],"replies":[{"embeddable":true,"href":"https:\/\/slaptameile.lt\/en\/wp-json\/wp\/v2\/comments?post=1017"}],"wp:featuredmedia":[{"embeddable":true,"href":"https:\/\/slaptameile.lt\/en\/wp-json\/wp\/v2\/media\/1018"}],"wp:attachment":[{"href":"https:\/\/slaptameile.lt\/en\/wp-json\/wp\/v2\/media?parent=1017"}],"wp:term":[{"taxonomy":"partner","embeddable":true,"href":"https:\/\/slaptameile.lt\/en\/wp-json\/wp\/v2\/partner?post=1017"},{"taxonomy":"product_brand","embeddable":true,"href":"https:\/\/slaptameile.lt\/en\/wp-json\/wp\/v2\/product_brand?post=1017"},{"taxonomy":"product_cat","embeddable":true,"href":"https:\/\/slaptameile.lt\/en\/wp-json\/wp\/v2\/product_cat?post=1017"},{"taxonomy":"product_tag","embeddable":true,"href":"https:\/\/slaptameile.lt\/en\/wp-json\/wp\/v2\/product_tag?post=1017"}],"curies":[{"name":"wp","href":"https:\/\/api.w.org\/{rel}","templated":true}]}}