{"id":1006,"date":"2024-08-08T04:04:34","date_gmt":"2024-08-08T01:04:34","guid":{"rendered":"https:\/\/slaptameile.lt\/?post_type=product&#038;p=1006"},"modified":"2026-04-08T16:34:54","modified_gmt":"2026-04-08T13:34:54","slug":"stalo-padekliukai-barboros-ir-augusto-istorijos-zemelapis-balti-6-vnt","status":"publish","type":"product","link":"https:\/\/slaptameile.lt\/en\/preke\/stalo-padekliukai-barboros-ir-augusto-istorijos-zemelapis-balti-6-vnt\/","title":{"rendered":"Table coasters \u201eThe Story Map of Barbara and Augustus\u201c | White | Set of 6."},"content":{"rendered":"<p>Kai Vilnius persikelia ant tavo stalo<\/p>\n<p>Balti stalo pad\u0117kliukai su Vilniaus senamies\u010dio pie\u0161iniu \u2013 tikras meil\u0117s lai\u0161kas miestui ir jo legendoms. Juos puo\u0161ia dizainer\u0117s Julijos Janus kurtas \u201eVilniaus meil\u0117s \u017eem\u0117lapis\u201c, kuriame atpa\u017einsi Valdov\u0173 r\u016bmus, Vilniaus katedr\u0105, Au\u0161ros vartus, \u0160v. Onos ba\u017eny\u010di\u0105 ir kitus istorinius simbolius. Ypatinga detal\u0117 \u2013 optin\u0117 iliuzija, kur J\u0117zuit\u0173 ba\u017eny\u010dios bok\u0161tai tampa Barboros Radvilait\u0117s kar\u016bna.<\/p>\n<p>\u0160ie pad\u0117kliukai \u2013 ne tik funkcional\u016bs, bet ir vizualiai i\u0161rai\u0161kingi. Jie taps i\u0161skirtine stalo dekoracija, dvelkian\u010dia istorija, meile ir \u0161iuolaikiniu lietuvi\u0161ku dizainu. Puiki dovana vilnie\u010diui, miesto romantikui ar visiems, kurie \u017eino, kas tarp Pilies ir Dominikon\u0173 slepiasi daugiau nei tik grindinys.<\/p>\n<p>Dydis: 20 x 20 cm<br \/>\nSpalva: balta<br \/>\nMed\u017eiaga: 100 % poliesteris<br \/>\nKiekis: 6 vnt. (2 skirtingi vaizdai po 3)<\/p>\n<p>Made and manufactured in Lithuania<\/p>","protected":false},"excerpt":{"rendered":"<p>Kai Vilnius persikelia ant tavo stalo<\/p>\n<p>Balti stalo pad\u0117kliukai su Vilniaus senamies\u010dio pie\u0161iniu \u2013 tikras meil\u0117s lai\u0161kas miestui ir jo legendoms. Juos puo\u0161ia dizainer\u0117s Julijos Janus kurtas \u201eVilniaus meil\u0117s \u017eem\u0117lapis\u201c, kuriame atpa\u017einsi Valdov\u0173 r\u016bmus, Vilniaus katedr\u0105, Au\u0161ros vartus, \u0160v. Onos ba\u017eny\u010di\u0105 ir kitus istorinius simbolius. Ypatinga detal\u0117 \u2013 optin\u0117 iliuzija, kur J\u0117zuit\u0173 ba\u017eny\u010dios bok\u0161tai tampa Barboros Radvilait\u0117s kar\u016bna.<\/p>\n<p>\u0160ie pad\u0117kliukai \u2013 ne tik funkcional\u016bs, bet ir vizualiai i\u0161rai\u0161kingi. Jie taps i\u0161skirtine stalo dekoracija, dvelkian\u010dia istorija, meile ir \u0161iuolaikiniu lietuvi\u0161ku dizainu. Puiki dovana vilnie\u010diui, miesto romantikui ar visiems, kurie \u017eino, kas tarp Pilies ir Dominikon\u0173 slepiasi daugiau nei tik grindinys.<\/p>\n<p>Dydis: 20 x 20 cm<br \/>\nSpalva: balta<br \/>\nMed\u017eiaga: 100 % poliesteris<br \/>\nKiekis: 6 vnt. (2 skirtingi vaizdai po 3)<\/p>\n<p>Made and manufactured in Lithuania<\/p>","protected":false},"featured_media":1007,"comment_status":"open","ping_status":"closed","template":"","meta":{"_acf_changed":false},"partner":[54],"product_brand":[],"product_cat":[18,27],"product_tag":[],"class_list":{"0":"post-1006","1":"product","2":"type-product","3":"status-publish","4":"has-post-thumbnail","6":"partner-pitex","7":"product_cat-karaliskoji-kolekcija","8":"product_cat-namu-didybei","10":"first","11":"instock","12":"taxable","13":"shipping-taxable","14":"purchasable","15":"product-type-simple"},"acf":[],"yoast_head":"<!-- This site is optimized with the Yoast SEO plugin v27.5 - https:\/\/yoast.com\/product\/yoast-seo-wordpress\/ -->\n<title>Stalo pad\u0117kliukai \u201eBarboros ir Augusto istorijos \u017eem\u0117lapis\u201c | Balti | 6 vnt. - Slapta Meil\u0117<\/title>\n<meta name=\"robots\" content=\"index, follow, max-snippet:-1, max-image-preview:large, max-video-preview:-1\" \/>\n<link rel=\"canonical\" href=\"https:\/\/slaptameile.lt\/en\/preke\/stalo-padekliukai-barboros-ir-augusto-istorijos-zemelapis-balti-6-vnt\/\" \/>\n<meta property=\"og:locale\" content=\"en_US\" \/>\n<meta property=\"og:type\" content=\"article\" \/>\n<meta property=\"og:title\" content=\"Stalo pad\u0117kliukai \u201eBarboros ir Augusto istorijos \u017eem\u0117lapis\u201c | Balti | 6 vnt. - Slapta Meil\u0117\" \/>\n<meta property=\"og:description\" content=\"Kai Vilnius persikelia ant tavo stalo  Balti stalo pad\u0117kliukai su Vilniaus senamies\u010dio pie\u0161iniu \u2013 tikras meil\u0117s lai\u0161kas miestui ir jo legendoms. Juos puo\u0161ia dizainer\u0117s Julijos Janus kurtas \u201eVilniaus meil\u0117s \u017eem\u0117lapis\u201c, kuriame atpa\u017einsi Valdov\u0173 r\u016bmus, Vilniaus katedr\u0105, Au\u0161ros vartus, \u0160v. Onos ba\u017eny\u010di\u0105 ir kitus istorinius simbolius. Ypatinga detal\u0117 \u2013 optin\u0117 iliuzija, kur J\u0117zuit\u0173 ba\u017eny\u010dios bok\u0161tai tampa Barboros Radvilait\u0117s kar\u016bna.  \u0160ie pad\u0117kliukai \u2013 ne tik funkcional\u016bs, bet ir vizualiai i\u0161rai\u0161kingi. Jie taps i\u0161skirtine stalo dekoracija, dvelkian\u010dia istorija, meile ir \u0161iuolaikiniu lietuvi\u0161ku dizainu. Puiki dovana vilnie\u010diui, miesto romantikui ar visiems, kurie \u017eino, kas tarp Pilies ir Dominikon\u0173 slepiasi daugiau nei tik grindinys.  Dydis: 20 x 20 cm Spalva: balta Med\u017eiaga: 100 % poliesteris Kiekis: 6 vnt. (2 skirtingi vaizdai po 3)  Sukurta ir pagaminta Lietuvoje\" \/>\n<meta property=\"og:url\" content=\"https:\/\/slaptameile.lt\/en\/preke\/stalo-padekliukai-barboros-ir-augusto-istorijos-zemelapis-balti-6-vnt\/\" \/>\n<meta property=\"og:site_name\" content=\"Slapta Meil\u0117\" \/>\n<meta property=\"article:publisher\" content=\"https:\/\/www.facebook.com\/SlaptaMeileBarbora\" \/>\n<meta property=\"article:modified_time\" content=\"2026-04-08T13:34:54+00:00\" \/>\n<meta property=\"og:image\" content=\"https:\/\/slaptameile.lt\/wp-content\/uploads\/2025\/10\/SM-79.jpg\" \/>\n\t<meta property=\"og:image:width\" content=\"1638\" \/>\n\t<meta property=\"og:image:height\" content=\"2048\" \/>\n\t<meta property=\"og:image:type\" content=\"image\/jpeg\" \/>\n<meta name=\"twitter:card\" content=\"summary_large_image\" \/>\n<meta name=\"twitter:label1\" content=\"Est. reading time\" \/>\n\t<meta name=\"twitter:data1\" content=\"1 minute\" \/>\n<script type=\"application\/ld+json\" class=\"yoast-schema-graph\">{\"@context\":\"https:\\\/\\\/schema.org\",\"@graph\":[{\"@type\":\"WebPage\",\"@id\":\"https:\\\/\\\/slaptameile.lt\\\/preke\\\/stalo-padekliukai-barboros-ir-augusto-istorijos-zemelapis-balti-6-vnt\\\/\",\"url\":\"https:\\\/\\\/slaptameile.lt\\\/preke\\\/stalo-padekliukai-barboros-ir-augusto-istorijos-zemelapis-balti-6-vnt\\\/\",\"name\":\"Stalo pad\u0117kliukai \u201eBarboros ir Augusto istorijos \u017eem\u0117lapis\u201c | Balti | 6 vnt. - Slapta Meil\u0117\",\"isPartOf\":{\"@id\":\"https:\\\/\\\/slaptameile.lt\\\/#website\"},\"primaryImageOfPage\":{\"@id\":\"https:\\\/\\\/slaptameile.lt\\\/preke\\\/stalo-padekliukai-barboros-ir-augusto-istorijos-zemelapis-balti-6-vnt\\\/#primaryimage\"},\"image\":{\"@id\":\"https:\\\/\\\/slaptameile.lt\\\/preke\\\/stalo-padekliukai-barboros-ir-augusto-istorijos-zemelapis-balti-6-vnt\\\/#primaryimage\"},\"thumbnailUrl\":\"https:\\\/\\\/slaptameile.lt\\\/wp-content\\\/uploads\\\/2025\\\/10\\\/SM-79.jpg\",\"datePublished\":\"2024-08-08T01:04:34+00:00\",\"dateModified\":\"2026-04-08T13:34:54+00:00\",\"breadcrumb\":{\"@id\":\"https:\\\/\\\/slaptameile.lt\\\/preke\\\/stalo-padekliukai-barboros-ir-augusto-istorijos-zemelapis-balti-6-vnt\\\/#breadcrumb\"},\"inLanguage\":\"en-US\",\"potentialAction\":[{\"@type\":\"ReadAction\",\"target\":[\"https:\\\/\\\/slaptameile.lt\\\/preke\\\/stalo-padekliukai-barboros-ir-augusto-istorijos-zemelapis-balti-6-vnt\\\/\"]}]},{\"@type\":\"ImageObject\",\"inLanguage\":\"en-US\",\"@id\":\"https:\\\/\\\/slaptameile.lt\\\/preke\\\/stalo-padekliukai-barboros-ir-augusto-istorijos-zemelapis-balti-6-vnt\\\/#primaryimage\",\"url\":\"https:\\\/\\\/slaptameile.lt\\\/wp-content\\\/uploads\\\/2025\\\/10\\\/SM-79.jpg\",\"contentUrl\":\"https:\\\/\\\/slaptameile.lt\\\/wp-content\\\/uploads\\\/2025\\\/10\\\/SM-79.jpg\",\"width\":1638,\"height\":2048},{\"@type\":\"BreadcrumbList\",\"@id\":\"https:\\\/\\\/slaptameile.lt\\\/preke\\\/stalo-padekliukai-barboros-ir-augusto-istorijos-zemelapis-balti-6-vnt\\\/#breadcrumb\",\"itemListElement\":[{\"@type\":\"ListItem\",\"position\":1,\"name\":\"Home\",\"item\":\"https:\\\/\\\/slaptameile.lt\\\/\"},{\"@type\":\"ListItem\",\"position\":2,\"name\":\"Parduotuv\u0117\",\"item\":\"https:\\\/\\\/slaptameile.lt\\\/parduotuve\\\/\"},{\"@type\":\"ListItem\",\"position\":3,\"name\":\"Stalo pad\u0117kliukai \u201eBarboros ir Augusto istorijos \u017eem\u0117lapis\u201c | Balti | 6 vnt.\"}]},{\"@type\":\"WebSite\",\"@id\":\"https:\\\/\\\/slaptameile.lt\\\/#website\",\"url\":\"https:\\\/\\\/slaptameile.lt\\\/\",\"name\":\"Slapta Meil\u0117\",\"description\":\"\",\"publisher\":{\"@id\":\"https:\\\/\\\/slaptameile.lt\\\/#organization\"},\"potentialAction\":[{\"@type\":\"SearchAction\",\"target\":{\"@type\":\"EntryPoint\",\"urlTemplate\":\"https:\\\/\\\/slaptameile.lt\\\/?s={search_term_string}\"},\"query-input\":{\"@type\":\"PropertyValueSpecification\",\"valueRequired\":true,\"valueName\":\"search_term_string\"}}],\"inLanguage\":\"en-US\"},{\"@type\":\"Organization\",\"@id\":\"https:\\\/\\\/slaptameile.lt\\\/#organization\",\"name\":\"Slapta Meil\u0117\",\"url\":\"https:\\\/\\\/slaptameile.lt\\\/\",\"logo\":{\"@type\":\"ImageObject\",\"inLanguage\":\"en-US\",\"@id\":\"https:\\\/\\\/slaptameile.lt\\\/#\\\/schema\\\/logo\\\/image\\\/\",\"url\":\"https:\\\/\\\/slaptameile.lt\\\/wp-content\\\/uploads\\\/2026\\\/04\\\/sm-logo.jpg\",\"contentUrl\":\"https:\\\/\\\/slaptameile.lt\\\/wp-content\\\/uploads\\\/2026\\\/04\\\/sm-logo.jpg\",\"width\":810,\"height\":380,\"caption\":\"Slapta Meil\u0117\"},\"image\":{\"@id\":\"https:\\\/\\\/slaptameile.lt\\\/#\\\/schema\\\/logo\\\/image\\\/\"},\"sameAs\":[\"https:\\\/\\\/www.facebook.com\\\/SlaptaMeileBarbora\",\"https:\\\/\\\/www.instagram.com\\\/slaptameile\",\"https:\\\/\\\/www.tiktok.com\\\/@slaptameile1\"]}]}<\/script>\n<!-- \/ Yoast SEO plugin. -->","yoast_head_json":{"title":"Stalo pad\u0117kliukai \u201eBarboros ir Augusto istorijos \u017eem\u0117lapis\u201c | Balti | 6 vnt. - Slapta Meil\u0117","robots":{"index":"index","follow":"follow","max-snippet":"max-snippet:-1","max-image-preview":"max-image-preview:large","max-video-preview":"max-video-preview:-1"},"canonical":"https:\/\/slaptameile.lt\/en\/preke\/stalo-padekliukai-barboros-ir-augusto-istorijos-zemelapis-balti-6-vnt\/","og_locale":"en_US","og_type":"article","og_title":"Stalo pad\u0117kliukai \u201eBarboros ir Augusto istorijos \u017eem\u0117lapis\u201c | Balti | 6 vnt. - Slapta Meil\u0117","og_description":"Kai Vilnius persikelia ant tavo stalo  Balti stalo pad\u0117kliukai su Vilniaus senamies\u010dio pie\u0161iniu \u2013 tikras meil\u0117s lai\u0161kas miestui ir jo legendoms. Juos puo\u0161ia dizainer\u0117s Julijos Janus kurtas \u201eVilniaus meil\u0117s \u017eem\u0117lapis\u201c, kuriame atpa\u017einsi Valdov\u0173 r\u016bmus, Vilniaus katedr\u0105, Au\u0161ros vartus, \u0160v. Onos ba\u017eny\u010di\u0105 ir kitus istorinius simbolius. Ypatinga detal\u0117 \u2013 optin\u0117 iliuzija, kur J\u0117zuit\u0173 ba\u017eny\u010dios bok\u0161tai tampa Barboros Radvilait\u0117s kar\u016bna.  \u0160ie pad\u0117kliukai \u2013 ne tik funkcional\u016bs, bet ir vizualiai i\u0161rai\u0161kingi. Jie taps i\u0161skirtine stalo dekoracija, dvelkian\u010dia istorija, meile ir \u0161iuolaikiniu lietuvi\u0161ku dizainu. Puiki dovana vilnie\u010diui, miesto romantikui ar visiems, kurie \u017eino, kas tarp Pilies ir Dominikon\u0173 slepiasi daugiau nei tik grindinys.  Dydis: 20 x 20 cm Spalva: balta Med\u017eiaga: 100 % poliesteris Kiekis: 6 vnt. (2 skirtingi vaizdai po 3)  Sukurta ir pagaminta Lietuvoje","og_url":"https:\/\/slaptameile.lt\/en\/preke\/stalo-padekliukai-barboros-ir-augusto-istorijos-zemelapis-balti-6-vnt\/","og_site_name":"Slapta Meil\u0117","article_publisher":"https:\/\/www.facebook.com\/SlaptaMeileBarbora","article_modified_time":"2026-04-08T13:34:54+00:00","og_image":[{"width":1638,"height":2048,"url":"https:\/\/slaptameile.lt\/wp-content\/uploads\/2025\/10\/SM-79.jpg","type":"image\/jpeg"}],"twitter_card":"summary_large_image","twitter_misc":{"Est. reading time":"1 minute"},"schema":{"@context":"https:\/\/schema.org","@graph":[{"@type":"WebPage","@id":"https:\/\/slaptameile.lt\/preke\/stalo-padekliukai-barboros-ir-augusto-istorijos-zemelapis-balti-6-vnt\/","url":"https:\/\/slaptameile.lt\/preke\/stalo-padekliukai-barboros-ir-augusto-istorijos-zemelapis-balti-6-vnt\/","name":"Stalo pad\u0117kliukai \u201eBarboros ir Augusto istorijos \u017eem\u0117lapis\u201c | Balti | 6 vnt. - Slapta Meil\u0117","isPartOf":{"@id":"https:\/\/slaptameile.lt\/#website"},"primaryImageOfPage":{"@id":"https:\/\/slaptameile.lt\/preke\/stalo-padekliukai-barboros-ir-augusto-istorijos-zemelapis-balti-6-vnt\/#primaryimage"},"image":{"@id":"https:\/\/slaptameile.lt\/preke\/stalo-padekliukai-barboros-ir-augusto-istorijos-zemelapis-balti-6-vnt\/#primaryimage"},"thumbnailUrl":"https:\/\/slaptameile.lt\/wp-content\/uploads\/2025\/10\/SM-79.jpg","datePublished":"2024-08-08T01:04:34+00:00","dateModified":"2026-04-08T13:34:54+00:00","breadcrumb":{"@id":"https:\/\/slaptameile.lt\/preke\/stalo-padekliukai-barboros-ir-augusto-istorijos-zemelapis-balti-6-vnt\/#breadcrumb"},"inLanguage":"en-US","potentialAction":[{"@type":"ReadAction","target":["https:\/\/slaptameile.lt\/preke\/stalo-padekliukai-barboros-ir-augusto-istorijos-zemelapis-balti-6-vnt\/"]}]},{"@type":"ImageObject","inLanguage":"en-US","@id":"https:\/\/slaptameile.lt\/preke\/stalo-padekliukai-barboros-ir-augusto-istorijos-zemelapis-balti-6-vnt\/#primaryimage","url":"https:\/\/slaptameile.lt\/wp-content\/uploads\/2025\/10\/SM-79.jpg","contentUrl":"https:\/\/slaptameile.lt\/wp-content\/uploads\/2025\/10\/SM-79.jpg","width":1638,"height":2048},{"@type":"BreadcrumbList","@id":"https:\/\/slaptameile.lt\/preke\/stalo-padekliukai-barboros-ir-augusto-istorijos-zemelapis-balti-6-vnt\/#breadcrumb","itemListElement":[{"@type":"ListItem","position":1,"name":"Home","item":"https:\/\/slaptameile.lt\/"},{"@type":"ListItem","position":2,"name":"Parduotuv\u0117","item":"https:\/\/slaptameile.lt\/parduotuve\/"},{"@type":"ListItem","position":3,"name":"Stalo pad\u0117kliukai \u201eBarboros ir Augusto istorijos \u017eem\u0117lapis\u201c | Balti | 6 vnt."}]},{"@type":"WebSite","@id":"https:\/\/slaptameile.lt\/#website","url":"https:\/\/slaptameile.lt\/","name":"Secret Love","description":"","publisher":{"@id":"https:\/\/slaptameile.lt\/#organization"},"potentialAction":[{"@type":"SearchAction","target":{"@type":"EntryPoint","urlTemplate":"https:\/\/slaptameile.lt\/?s={search_term_string}"},"query-input":{"@type":"PropertyValueSpecification","valueRequired":true,"valueName":"search_term_string"}}],"inLanguage":"en-US"},{"@type":"Organization","@id":"https:\/\/slaptameile.lt\/#organization","name":"Secret Love","url":"https:\/\/slaptameile.lt\/","logo":{"@type":"ImageObject","inLanguage":"en-US","@id":"https:\/\/slaptameile.lt\/#\/schema\/logo\/image\/","url":"https:\/\/slaptameile.lt\/wp-content\/uploads\/2026\/04\/sm-logo.jpg","contentUrl":"https:\/\/slaptameile.lt\/wp-content\/uploads\/2026\/04\/sm-logo.jpg","width":810,"height":380,"caption":"Slapta Meil\u0117"},"image":{"@id":"https:\/\/slaptameile.lt\/#\/schema\/logo\/image\/"},"sameAs":["https:\/\/www.facebook.com\/SlaptaMeileBarbora","https:\/\/www.instagram.com\/slaptameile","https:\/\/www.tiktok.com\/@slaptameile1"]}]}},"_links":{"self":[{"href":"https:\/\/slaptameile.lt\/en\/wp-json\/wp\/v2\/product\/1006","targetHints":{"allow":["GET"]}}],"collection":[{"href":"https:\/\/slaptameile.lt\/en\/wp-json\/wp\/v2\/product"}],"about":[{"href":"https:\/\/slaptameile.lt\/en\/wp-json\/wp\/v2\/types\/product"}],"replies":[{"embeddable":true,"href":"https:\/\/slaptameile.lt\/en\/wp-json\/wp\/v2\/comments?post=1006"}],"wp:featuredmedia":[{"embeddable":true,"href":"https:\/\/slaptameile.lt\/en\/wp-json\/wp\/v2\/media\/1007"}],"wp:attachment":[{"href":"https:\/\/slaptameile.lt\/en\/wp-json\/wp\/v2\/media?parent=1006"}],"wp:term":[{"taxonomy":"partner","embeddable":true,"href":"https:\/\/slaptameile.lt\/en\/wp-json\/wp\/v2\/partner?post=1006"},{"taxonomy":"product_brand","embeddable":true,"href":"https:\/\/slaptameile.lt\/en\/wp-json\/wp\/v2\/product_brand?post=1006"},{"taxonomy":"product_cat","embeddable":true,"href":"https:\/\/slaptameile.lt\/en\/wp-json\/wp\/v2\/product_cat?post=1006"},{"taxonomy":"product_tag","embeddable":true,"href":"https:\/\/slaptameile.lt\/en\/wp-json\/wp\/v2\/product_tag?post=1006"}],"curies":[{"name":"wp","href":"https:\/\/api.w.org\/{rel}","templated":true}]}}