{"id":3,"date":"2025-06-22T09:00:45","date_gmt":"2025-06-22T09:00:45","guid":{"rendered":"https:\/\/slaptameile.lt\/?page_id=3"},"modified":"2026-04-13T20:51:20","modified_gmt":"2026-04-13T17:51:20","slug":"privatumo-politika","status":"publish","type":"page","link":"https:\/\/slaptameile.lt\/en\/privatumo-politika\/","title":{"rendered":"Privacy Policy"},"content":{"rendered":"<h2 class=\"wp-block-heading\">1. General provisions<\/h2>\n\n\n\n<p>1.1. In this privacy policy (hereinafter referred to as the \u201cPrivacy Policy\u201c) of MB \u201eSLAPTA MEIL\u0116\u201c, institution code 306716155 (hereinafter referred to as \u201cSLAPTA MEIL\u0116\u201d, \u201cwe\u201d), we provide information about how we process your personal data when you use our services and visit our website.<\/p>\n\n\n\n<p>1.2 Visitors to the Website who are under the age of 18 are requested not to register on the Slapta meil\u0117 Website and not to provide any personal data.<\/p>\n\n\n\n<p>1.3 In this Privacy Policy we provide the following information:<\/p>\n\n\n\n<ol class=\"wp-block-list\">\n<li>Clarification of the terms of the Privacy Policy;<\/li>\n\n\n\n<li>For what purposes, what personal data we process, on what legal basis and for how long we keep it;<\/li>\n\n\n\n<li>Automated solutions and profiling;<\/li>\n\n\n\n<li>Transfer of personal data to third parties;<\/li>\n\n\n\n<li>Social media;<\/li>\n\n\n\n<li>Your rights;<\/li>\n\n\n\n<li>About cookies;<\/li>\n\n\n\n<li>Changes to the Privacy Policy.<\/li>\n<\/ol>\n\n\n\n<p>1.4 If you have any questions or wish to exercise any of your rights set out in this Privacy Policy, you may contact us by email:\u00a0<a href=\"mailto:hello@slaptameile.lt\">labas@slaptameile.lt<\/a>\u200b\u200b<\/p>\n\n\n\n<h2 class=\"wp-block-heading\">2. Definitions<\/h2>\n\n\n\n<p>2.1. The \u201eSlapta meil\u0117\u201c online store \u2013 the website located at www.slaptameile.lt.<\/p>\n\n\n\n<p>2.2. Data Controller \u2013 MB \u201cSLAPTA MEIL\u0116\u201c, organization code 306716155, email\u00a0<a href=\"mailto:labas@slaptameile.lt\">labas@slaptameile.lt<\/a>, tel. no. +37060955551.<\/p>\n\n\n\n<p>2.3. Customer \u2013 a person who makes a purchase in the \u201eSlapta meil\u0117\u201c online store without registering.<\/p>\n\n\n\n<p>2.4. Parties \u2013 Client and Data Controller.<\/p>\n\n\n\n<p>2.5. Personal data \u2013 any information related to a natural person \u2013 data subject, whose identity is known or can be directly or indirectly determined using such data as a personal identification code, one or more physical, physiological, psychological, economic, cultural or social characteristics specific to the individual.<\/p>\n\n\n\n<p>2.6. Data recipient \u2013 a legal entity or natural person to whom \u201eSlapta meil\u0117\u201c provides personal data and who independently determines the purposes and means of processing the personal data received.<\/p>\n\n\n\n<p>2.7. Data processor - a legal or natural person processing personal data on behalf of the data controller for the purposes and in the manner specified by the data controller.<\/p>\n\n\n\n<p>2.8. Data subject \u2013 a natural person whose personal data is controlled and\/or processed by \u201eSlapta meil\u0117\u201c.<\/p>\n\n\n\n<p>2.9. Provision of personal data \u2013 disclosure of personal data by transferring it or making it accessible by other means (except for the publication of such data in the media).<\/p>\n\n\n\n<p>2.10. Processing of personal data means any operation or set of operations performed on personal data (or sets of personal data) by automated or non-automated means, including collection, recording, sorting, systematization, storage, adaptation, modification, generation, retrieval, use, disclosure by transmission, distribution or other making accessible, as well as alignment or combination with other data, restriction, deletion or destruction.<\/p>\n\n\n\n<p>2.11. Direct marketing \u2013 activity aimed at offering goods or services to individuals by mail, telephone, or other direct means and\/or inquiring about their opinions on the offered goods or services.<\/p>\n\n\n\n<h2 class=\"wp-block-heading\">3. For what purposes, what personal data we process, on what legal basis and for how long we keep them<\/h2>\n\n\n\n<p>3.1. in the performance of contractual obligations for the purpose of ordering and providing services:<\/p>\n\n\n\n<ol class=\"wp-block-list\">\n<li>The data for ordering and providing services may include: name, surname, email address, telephone number, information about the services you have ordered, payment information and any information related to the provision of the services that you provide yourself.<\/li>\n\n\n\n<li>The legal basis for processing these data: the performance of a contract between you and us (or, at your request, taking steps to enter into such a contract).<\/li>\n\n\n\n<li>We will retain your data for this purpose for 10 years after the end of the service contract.<\/li>\n<\/ol>\n\n\n\n<p>3.2. for the purpose of general direct marketing offers, sending you newsletters (notifications) about the services we offer or asking for your opinion on the quality of our services:<\/p>\n\n\n\n<ol class=\"wp-block-list\">\n<li>We process the following data: email address and\/or phone number.<\/li>\n\n\n\n<li>The legal basis for processing this data is your consent; in addition, if we have already provided you with services and you have not consented to the processing of your personal data for direct marketing purposes, we will process your personal data on the basis of legitimate interest, namely to maintain and improve our relationship with our existing clients.<\/li>\n\n\n\n<li>If you have not objected to the processing of your data for the purpose of general direct marketing offers, we will process your data until the date of full provision of the services under the contract or the date of termination of the service contract, and if you are not our customer and have simply consented to receive general direct marketing offers, we will retain your data for 3 years from the date of consent or for a shorter period if you withdraw your consent. You have the right to withdraw your consent at any time by clicking on the relevant link in any general direct marketing communication you receive and you can also do so in your account, if you have one, or by contacting us at hello@slaptameile.lt.<\/li>\n<\/ol>\n\n\n\n<p>3.3 We may process your personal data referred to in this Privacy Policy where it is necessary to assert, exercise or defend legal claims. For this purpose, we process your personal data on the basis of legitimate interest, namely to protect and safeguard our rights, your rights and the rights of others.<\/p>\n\n\n\n<p>3.4 In addition to the specific purposes set out in this part of the Notice, we may also process your personal data where processing is necessary to comply with our legal obligations and to protect your vital interests or those of other natural persons.<\/p>\n\n\n\n<p>3.5 Your personal data shall be kept for no longer than is necessary to achieve the purposes of processing personal data set by Slapta meil\u0117. After the expiry of the retention period, we will securely and irretrievably destroy or alter your personal data in such a way that they can no longer be directly or indirectly identified.<\/p>\n\n\n\n<h2 class=\"wp-block-heading\">4. Transfer of personal data to third parties<\/h2>\n\n\n\n<p>4.1 Slapta meil\u0117 may transfer your personal data to the following categories of recipients:<\/p>\n\n\n\n<ol class=\"wp-block-list\">\n<li>personal data processors providing various services to Slapta meil\u0117: Slapta meil\u0117 website maintenance, hosting providers, email service providers, newsletter providers, survey providers, social media account administrators, customer service centres, data protection officer service providers, lawyers, consultants, auditors, bailiffs, other recipients with confidentiality obligations;<\/li>\n\n\n\n<li>as necessary to provide or pay for services (e.g. to make a payment for a service you have chosen), to the payment service providers you designate or who will be involved in making the payment;<\/li>\n\n\n\n<li>law enforcement authorities, the judiciary and other public authorities, but only to the extent and to the extent necessary for the proper enforcement of applicable law.<\/li>\n<\/ol>\n\n\n\n<p>4.2 We only use Data Processors that have appropriate technical and organisational measures in place to ensure the protection of personal data in accordance with the GDPR and to ensure the exercise of your rights as a Data Subject.<\/p>\n\n\n\n<p>4.3 We do not transfer your personal data outside the European Economic Area unless the country to which your personal data is transferred ensures an adequate level of protection or you consent to such transfer of your personal data.<\/p>\n\n\n\n<p>4.4 The Data Processors engaged by Slapta meil\u0117 will only process your personal data in accordance with the Company's instructions. The engaged Data Processor is only entitled to engage a sub-processor with the prior written consent of Slapta meil\u0117.<\/p>\n\n\n\n<h2 class=\"wp-block-heading\">5. Social media<\/h2>\n\n\n\n<p>5.1 We currently have the following social media accounts:<\/p>\n\n\n\n<ol class=\"wp-block-list\">\n<li>on Facebook - @slapta meile, whose privacy policy is available here;<\/li>\n\n\n\n<li>on Instagram - @slaptameile, whose privacy policy is available here.<\/li>\n<\/ol>\n\n\n\n<p>5.2 We recommend that you read the privacy notices of third parties and contact the service providers directly if you have any questions about how they use your personal data.<\/p>\n\n\n\n<h2 class=\"wp-block-heading\">6. Your rights<\/h2>\n\n\n\n<p>6.1 In this Privacy Policy, we provide an overview of your rights under data protection legislation. Some of the rights cover many aspects, so this Privacy Policy only sets out the main ones. We recommend that you consult the relevant legislation and supervisory authorities' guidelines so that you are fully aware of these rights.<\/p>\n\n\n\n<p>6.2 You have the following Data Subject Rights:<\/p>\n\n\n\n<ol class=\"wp-block-list\">\n<li>Know about the processing of your personal data. We also give you this right by providing information in this Privacy Policy. You have the right to obtain confirmation from us as to whether we are processing personal data relating to you and, in the case of processing, you have the right to have access to the personal data we are processing as well as to certain supplementary information. Unless it would infringe the rights and freedoms of others, we will provide you with a copy of your personal data on your request. We will provide the first copy free of charge, but we may charge a reasonable fee for additional copies to cover administrative costs.<\/li>\n\n\n\n<li>Request the rectification of inaccurate personal data or the completion of incomplete data.<\/li>\n\n\n\n<li>Request erasure of your personal data if:<br>- the personal data are no longer necessary for the purposes for which they were collected or otherwise processed;<br>- you withdraw your prior consent and there is no other lawful basis for processing your personal data;<br>- the data is processed for the purpose of direct marketing;<br>- personal data have been processed unlawfully;<br>- other cases set out in the GDPR.<br>However, please note that in some cases you may not be able to exercise this right due to exceptions. These exceptions include cases where the data are necessary for: exercising freedom of expression and information; bringing, exercising or defending legal claims.<\/li>\n\n\n\n<li>You can request restriction of the processing of your personal data when:<br>- you contest the accuracy of the data for a period of time during which we can verify the accuracy of the personal data;<br>- we no longer need the personal data, but need it to assert, exercise or defend legal claims;<br>- Your personal data is no longer required by Slapta meil\u0117, but is necessary for you to exercise your right to lodge a complaint or to defend your rights;<br>- You have objected to the processing on grounds of public interest or legitimate interest, pending an assessment of the validity of your objection.<br>In the event of restriction of the processing of your data, we will continue to retain your data but will not further process it, except: (i) with your consent; (ii) for the establishment, exercise or defence of legal claims; (iii) for the protection of the rights of others; (iv) for imperative reasons of public interest.<\/li>\n\n\n\n<li>Request the transfer of your personal data. Where the legal basis for the processing of personal data is your consent or the performance of a contract, or actions carried out at your request prior to the conclusion of a contract, you have the right to receive your personal data in a structured, commonly used and machine-readable format. You will not be able to exercise this right where it may adversely affect the rights and freedoms of others.<\/li>\n\n\n\n<li>To object to the processing of your personal data on the basis of your particular situation, where we process your personal data for public interest purposes or on the basis of our legitimate interest or the legitimate interest of third parties. If you object to such processing of your personal data, we will no longer process your relevant personal data unless we can demonstrate that such processing of your personal data is for compelling legitimate reasons which override your interests, rights and freedoms. We may also continue to process such data in order to assert, exercise or defend legal claims.<\/li>\n\n\n\n<li>The right to object to the processing of your personal data for direct marketing purposes (including profiling for direct marketing purposes). If you object to such processing of your personal data, we will no longer process your relevant personal data for this purpose.<\/li>\n\n\n\n<li>Where the legal basis for processing is your consent, you have the right to withdraw your consent at any time. Withdrawal of consent will not affect the lawfulness of the processing of your data prior to withdrawal.<\/li>\n\n\n\n<li>In case you believe that we are violating data protection legislation by processing your personal data, you have the right to file a complaint with the State Data Protection Inspectorate, ada.lt.<\/li>\n<\/ol>\n\n\n\n<p>6.3.You may exercise the Data Subject's rights set out in this Privacy Policy by submitting a request and specifying the specific right you wish to exercise. In order to exercise your rights, we will need to verify your identity. Therefore, when applying to exercise your rights (other than your right to know about the processing of your personal data, which is already implemented in this Privacy Policy), you may submit a request by:<\/p>\n\n\n\n<ol class=\"wp-block-list\">\n<li>Via email to labas@slaptameile.lt by submitting a request signed with a qualified electronic signature;<\/li>\n\n\n\n<li>Otherwise, if we can identify you.<\/li>\n<\/ol>\n\n\n\n<p>6.4 We will provide you with a response on the action taken to implement the request or the reasons for not implementing the request no later than 1 month after receiving the request. Depending on the complexity and number of requests, the time period for the exercise of rights may be extended by a further 2 months.<\/p>\n\n\n\n<p>6.5 If you submit your request by electronic means, the response will, where possible, be provided to you in the same way, unless you request otherwise.<\/p>\n\n\n\n<h2 class=\"wp-block-heading\">7. About cookies<\/h2>\n\n\n\n<p>7.1 The following cookies are used to make your browsing experience on the Slapta meil\u0117 website easier and more efficient, and to ensure that we deliver a high quality service that meets your needs.You will find them on the bottom left.<\/p>","protected":false},"excerpt":{"rendered":"<p>1. Bendrosios nuostatos 1.1. \u0160ioje MB \u201cSLAPTA MEIL\u0116\u201c \u012fstaigos kodas 306716155, (toliau \u2013 \u201eSlapta meil\u0117\u201c, mes) privatumo politikoje (toliau \u2013 Privatumo politika) mes pateikiame informacij\u0105 apie tai, kaip tvarkome J\u016bs\u0173 asmens duomenis, Jums naudojantis m\u016bs\u0173 paslaugomis bei lankantis m\u016bs\u0173 svetain\u0117je. 1.2. Svetain\u0117s lankytoj\u0173, kurie yra jaunesni nei 18 m., pra\u0161ome nesiregistruoti \u201eSlapta meil\u0117\u201c interneto svetain\u0117je [&hellip;]<\/p>\n","protected":false},"author":1,"featured_media":0,"parent":0,"menu_order":0,"comment_status":"closed","ping_status":"open","template":"page-simple.php","meta":{"_acf_changed":false,"footnotes":""},"class_list":["post-3","page","type-page","status-publish","hentry"],"acf":[],"yoast_head":"<!-- This site is optimized with the Yoast SEO plugin v27.5 - https:\/\/yoast.com\/product\/yoast-seo-wordpress\/ -->\n<title>Privatumo politika - Slapta Meil\u0117<\/title>\n<meta name=\"robots\" content=\"index, follow, max-snippet:-1, max-image-preview:large, max-video-preview:-1\" \/>\n<link rel=\"canonical\" href=\"https:\/\/slaptameile.lt\/en\/privatumo-politika\/\" \/>\n<meta property=\"og:locale\" content=\"en_US\" \/>\n<meta property=\"og:type\" content=\"article\" \/>\n<meta property=\"og:title\" content=\"Privatumo politika - Slapta Meil\u0117\" \/>\n<meta property=\"og:description\" content=\"1. Bendrosios nuostatos 1.1. \u0160ioje MB \u201cSLAPTA MEIL\u0116\u201c \u012fstaigos kodas 306716155, (toliau \u2013 \u201eSlapta meil\u0117\u201c, mes) privatumo politikoje (toliau \u2013 Privatumo politika) mes pateikiame informacij\u0105 apie tai, kaip tvarkome J\u016bs\u0173 asmens duomenis, Jums naudojantis m\u016bs\u0173 paslaugomis bei lankantis m\u016bs\u0173 svetain\u0117je. 1.2. Svetain\u0117s lankytoj\u0173, kurie yra jaunesni nei 18 m., pra\u0161ome nesiregistruoti \u201eSlapta meil\u0117\u201c interneto svetain\u0117je [&hellip;]\" \/>\n<meta property=\"og:url\" content=\"https:\/\/slaptameile.lt\/en\/privatumo-politika\/\" \/>\n<meta property=\"og:site_name\" content=\"Slapta Meil\u0117\" \/>\n<meta property=\"article:publisher\" content=\"https:\/\/www.facebook.com\/SlaptaMeileBarbora\" \/>\n<meta property=\"article:modified_time\" content=\"2026-04-13T17:51:20+00:00\" \/>\n<meta name=\"twitter:card\" content=\"summary_large_image\" \/>\n<meta name=\"twitter:label1\" content=\"Est. reading time\" \/>\n\t<meta name=\"twitter:data1\" content=\"10 minutes\" \/>\n<script type=\"application\/ld+json\" class=\"yoast-schema-graph\">{\"@context\":\"https:\\\/\\\/schema.org\",\"@graph\":[{\"@type\":\"WebPage\",\"@id\":\"https:\\\/\\\/slaptameile.lt\\\/privatumo-politika\\\/\",\"url\":\"https:\\\/\\\/slaptameile.lt\\\/privatumo-politika\\\/\",\"name\":\"Privatumo politika - Slapta Meil\u0117\",\"isPartOf\":{\"@id\":\"https:\\\/\\\/slaptameile.lt\\\/#website\"},\"datePublished\":\"2025-06-22T09:00:45+00:00\",\"dateModified\":\"2026-04-13T17:51:20+00:00\",\"breadcrumb\":{\"@id\":\"https:\\\/\\\/slaptameile.lt\\\/privatumo-politika\\\/#breadcrumb\"},\"inLanguage\":\"en-US\",\"potentialAction\":[{\"@type\":\"ReadAction\",\"target\":[\"https:\\\/\\\/slaptameile.lt\\\/privatumo-politika\\\/\"]}]},{\"@type\":\"BreadcrumbList\",\"@id\":\"https:\\\/\\\/slaptameile.lt\\\/privatumo-politika\\\/#breadcrumb\",\"itemListElement\":[{\"@type\":\"ListItem\",\"position\":1,\"name\":\"Home\",\"item\":\"https:\\\/\\\/slaptameile.lt\\\/\"},{\"@type\":\"ListItem\",\"position\":2,\"name\":\"Privatumo politika\"}]},{\"@type\":\"WebSite\",\"@id\":\"https:\\\/\\\/slaptameile.lt\\\/#website\",\"url\":\"https:\\\/\\\/slaptameile.lt\\\/\",\"name\":\"Slapta Meil\u0117\",\"description\":\"\",\"publisher\":{\"@id\":\"https:\\\/\\\/slaptameile.lt\\\/#organization\"},\"potentialAction\":[{\"@type\":\"SearchAction\",\"target\":{\"@type\":\"EntryPoint\",\"urlTemplate\":\"https:\\\/\\\/slaptameile.lt\\\/?s={search_term_string}\"},\"query-input\":{\"@type\":\"PropertyValueSpecification\",\"valueRequired\":true,\"valueName\":\"search_term_string\"}}],\"inLanguage\":\"en-US\"},{\"@type\":\"Organization\",\"@id\":\"https:\\\/\\\/slaptameile.lt\\\/#organization\",\"name\":\"Slapta Meil\u0117\",\"url\":\"https:\\\/\\\/slaptameile.lt\\\/\",\"logo\":{\"@type\":\"ImageObject\",\"inLanguage\":\"en-US\",\"@id\":\"https:\\\/\\\/slaptameile.lt\\\/#\\\/schema\\\/logo\\\/image\\\/\",\"url\":\"https:\\\/\\\/slaptameile.lt\\\/wp-content\\\/uploads\\\/2026\\\/04\\\/sm-logo.jpg\",\"contentUrl\":\"https:\\\/\\\/slaptameile.lt\\\/wp-content\\\/uploads\\\/2026\\\/04\\\/sm-logo.jpg\",\"width\":810,\"height\":380,\"caption\":\"Slapta Meil\u0117\"},\"image\":{\"@id\":\"https:\\\/\\\/slaptameile.lt\\\/#\\\/schema\\\/logo\\\/image\\\/\"},\"sameAs\":[\"https:\\\/\\\/www.facebook.com\\\/SlaptaMeileBarbora\",\"https:\\\/\\\/www.instagram.com\\\/slaptameile\",\"https:\\\/\\\/www.tiktok.com\\\/@slaptameile1\"]}]}<\/script>\n<!-- \/ Yoast SEO plugin. -->","yoast_head_json":{"title":"Privatumo politika - Slapta Meil\u0117","robots":{"index":"index","follow":"follow","max-snippet":"max-snippet:-1","max-image-preview":"max-image-preview:large","max-video-preview":"max-video-preview:-1"},"canonical":"https:\/\/slaptameile.lt\/en\/privatumo-politika\/","og_locale":"en_US","og_type":"article","og_title":"Privatumo politika - Slapta Meil\u0117","og_description":"1. Bendrosios nuostatos 1.1. \u0160ioje MB \u201cSLAPTA MEIL\u0116\u201c \u012fstaigos kodas 306716155, (toliau \u2013 \u201eSlapta meil\u0117\u201c, mes) privatumo politikoje (toliau \u2013 Privatumo politika) mes pateikiame informacij\u0105 apie tai, kaip tvarkome J\u016bs\u0173 asmens duomenis, Jums naudojantis m\u016bs\u0173 paslaugomis bei lankantis m\u016bs\u0173 svetain\u0117je. 1.2. Svetain\u0117s lankytoj\u0173, kurie yra jaunesni nei 18 m., pra\u0161ome nesiregistruoti \u201eSlapta meil\u0117\u201c interneto svetain\u0117je [&hellip;]","og_url":"https:\/\/slaptameile.lt\/en\/privatumo-politika\/","og_site_name":"Slapta Meil\u0117","article_publisher":"https:\/\/www.facebook.com\/SlaptaMeileBarbora","article_modified_time":"2026-04-13T17:51:20+00:00","twitter_card":"summary_large_image","twitter_misc":{"Est. reading time":"10 minutes"},"schema":{"@context":"https:\/\/schema.org","@graph":[{"@type":"WebPage","@id":"https:\/\/slaptameile.lt\/privatumo-politika\/","url":"https:\/\/slaptameile.lt\/privatumo-politika\/","name":"Privatumo politika - Slapta Meil\u0117","isPartOf":{"@id":"https:\/\/slaptameile.lt\/#website"},"datePublished":"2025-06-22T09:00:45+00:00","dateModified":"2026-04-13T17:51:20+00:00","breadcrumb":{"@id":"https:\/\/slaptameile.lt\/privatumo-politika\/#breadcrumb"},"inLanguage":"en-US","potentialAction":[{"@type":"ReadAction","target":["https:\/\/slaptameile.lt\/privatumo-politika\/"]}]},{"@type":"BreadcrumbList","@id":"https:\/\/slaptameile.lt\/privatumo-politika\/#breadcrumb","itemListElement":[{"@type":"ListItem","position":1,"name":"Home","item":"https:\/\/slaptameile.lt\/"},{"@type":"ListItem","position":2,"name":"Privatumo politika"}]},{"@type":"WebSite","@id":"https:\/\/slaptameile.lt\/#website","url":"https:\/\/slaptameile.lt\/","name":"Secret Love","description":"","publisher":{"@id":"https:\/\/slaptameile.lt\/#organization"},"potentialAction":[{"@type":"SearchAction","target":{"@type":"EntryPoint","urlTemplate":"https:\/\/slaptameile.lt\/?s={search_term_string}"},"query-input":{"@type":"PropertyValueSpecification","valueRequired":true,"valueName":"search_term_string"}}],"inLanguage":"en-US"},{"@type":"Organization","@id":"https:\/\/slaptameile.lt\/#organization","name":"Secret Love","url":"https:\/\/slaptameile.lt\/","logo":{"@type":"ImageObject","inLanguage":"en-US","@id":"https:\/\/slaptameile.lt\/#\/schema\/logo\/image\/","url":"https:\/\/slaptameile.lt\/wp-content\/uploads\/2026\/04\/sm-logo.jpg","contentUrl":"https:\/\/slaptameile.lt\/wp-content\/uploads\/2026\/04\/sm-logo.jpg","width":810,"height":380,"caption":"Slapta Meil\u0117"},"image":{"@id":"https:\/\/slaptameile.lt\/#\/schema\/logo\/image\/"},"sameAs":["https:\/\/www.facebook.com\/SlaptaMeileBarbora","https:\/\/www.instagram.com\/slaptameile","https:\/\/www.tiktok.com\/@slaptameile1"]}]}},"_links":{"self":[{"href":"https:\/\/slaptameile.lt\/en\/wp-json\/wp\/v2\/pages\/3","targetHints":{"allow":["GET"]}}],"collection":[{"href":"https:\/\/slaptameile.lt\/en\/wp-json\/wp\/v2\/pages"}],"about":[{"href":"https:\/\/slaptameile.lt\/en\/wp-json\/wp\/v2\/types\/page"}],"author":[{"embeddable":true,"href":"https:\/\/slaptameile.lt\/en\/wp-json\/wp\/v2\/users\/1"}],"replies":[{"embeddable":true,"href":"https:\/\/slaptameile.lt\/en\/wp-json\/wp\/v2\/comments?post=3"}],"version-history":[{"count":14,"href":"https:\/\/slaptameile.lt\/en\/wp-json\/wp\/v2\/pages\/3\/revisions"}],"predecessor-version":[{"id":2758,"href":"https:\/\/slaptameile.lt\/en\/wp-json\/wp\/v2\/pages\/3\/revisions\/2758"}],"wp:attachment":[{"href":"https:\/\/slaptameile.lt\/en\/wp-json\/wp\/v2\/media?parent=3"}],"curies":[{"name":"wp","href":"https:\/\/api.w.org\/{rel}","templated":true}]}}