{"id":1929,"date":"2026-01-16T00:31:41","date_gmt":"2026-01-15T21:31:41","guid":{"rendered":"https:\/\/slaptameile.lt\/?page_id=1929"},"modified":"2026-02-02T00:47:37","modified_gmt":"2026-02-01T21:47:37","slug":"legendos","status":"publish","type":"page","link":"https:\/\/slaptameile.lt\/en\/legendos\/","title":{"rendered":"\u017dymiausios Europos Meil\u0117s Legendos"},"content":{"rendered":"<p>Dalinam\u0117s legendomis i\u0161 viso pasaulio, kuri\u0173 istorijos apie aistringus jausmus ir likimo i\u0161bandymus da\u017enai primena Barboros Radvilait\u0117s ir \u017dygimanto Augusto meil\u0117s legend\u0105. Kiekvienas pasakojimas kvie\u010dia pa\u017einti \u017emones, vietas ir sprendimus, kurie formuoja kult\u016brin\u0119 atmint\u012f ir iki \u0161iol sujaudina \u0161irdis.<\/p>","protected":false},"excerpt":{"rendered":"<p>Dalinam\u0117s legendomis i\u0161 viso pasaulio, kuri\u0173 istorijos apie aistringus jausmus ir likimo i\u0161bandymus da\u017enai primena Barboros Radvilait\u0117s ir \u017dygimanto Augusto meil\u0117s legend\u0105. Kiekvienas pasakojimas kvie\u010dia pa\u017einti \u017emones, vietas ir sprendimus, kurie formuoja kult\u016brin\u0119 atmint\u012f ir iki \u0161iol sujaudina \u0161irdis.<\/p>","protected":false},"author":1,"featured_media":0,"parent":0,"menu_order":0,"comment_status":"closed","ping_status":"closed","template":"page-templates\/legends.php","meta":{"_acf_changed":false,"footnotes":""},"class_list":["post-1929","page","type-page","status-publish","hentry"],"acf":[],"yoast_head":"<!-- This site is optimized with the Yoast SEO plugin v27.5 - https:\/\/yoast.com\/product\/yoast-seo-wordpress\/ -->\n<title>\u017dymiausios Europos Meil\u0117s Legendos - Slapta Meil\u0117<\/title>\n<meta name=\"robots\" content=\"index, follow, max-snippet:-1, max-image-preview:large, max-video-preview:-1\" \/>\n<link rel=\"canonical\" href=\"https:\/\/slaptameile.lt\/en\/legendos\/\" \/>\n<meta property=\"og:locale\" content=\"en_US\" \/>\n<meta property=\"og:type\" content=\"article\" \/>\n<meta property=\"og:title\" content=\"\u017dymiausios Europos Meil\u0117s Legendos - Slapta Meil\u0117\" \/>\n<meta property=\"og:description\" content=\"Dalinam\u0117s legendomis i\u0161 viso pasaulio, kuri\u0173 istorijos apie aistringus jausmus ir likimo i\u0161bandymus da\u017enai primena Barboros Radvilait\u0117s ir \u017dygimanto Augusto meil\u0117s legend\u0105. Kiekvienas pasakojimas kvie\u010dia pa\u017einti \u017emones, vietas ir sprendimus, kurie formuoja kult\u016brin\u0119 atmint\u012f ir iki \u0161iol sujaudina \u0161irdis.\" \/>\n<meta property=\"og:url\" content=\"https:\/\/slaptameile.lt\/en\/legendos\/\" \/>\n<meta property=\"og:site_name\" content=\"Slapta Meil\u0117\" \/>\n<meta property=\"article:publisher\" content=\"https:\/\/www.facebook.com\/SlaptaMeileBarbora\" \/>\n<meta property=\"article:modified_time\" content=\"2026-02-01T21:47:37+00:00\" \/>\n<meta name=\"twitter:card\" content=\"summary_large_image\" \/>\n<script type=\"application\/ld+json\" class=\"yoast-schema-graph\">{\"@context\":\"https:\\\/\\\/schema.org\",\"@graph\":[{\"@type\":\"WebPage\",\"@id\":\"https:\\\/\\\/slaptameile.lt\\\/legendos\\\/\",\"url\":\"https:\\\/\\\/slaptameile.lt\\\/legendos\\\/\",\"name\":\"\u017dymiausios Europos Meil\u0117s Legendos - Slapta Meil\u0117\",\"isPartOf\":{\"@id\":\"https:\\\/\\\/slaptameile.lt\\\/#website\"},\"datePublished\":\"2026-01-15T21:31:41+00:00\",\"dateModified\":\"2026-02-01T21:47:37+00:00\",\"breadcrumb\":{\"@id\":\"https:\\\/\\\/slaptameile.lt\\\/legendos\\\/#breadcrumb\"},\"inLanguage\":\"en-US\",\"potentialAction\":[{\"@type\":\"ReadAction\",\"target\":[\"https:\\\/\\\/slaptameile.lt\\\/legendos\\\/\"]}]},{\"@type\":\"BreadcrumbList\",\"@id\":\"https:\\\/\\\/slaptameile.lt\\\/legendos\\\/#breadcrumb\",\"itemListElement\":[{\"@type\":\"ListItem\",\"position\":1,\"name\":\"Home\",\"item\":\"https:\\\/\\\/slaptameile.lt\\\/\"},{\"@type\":\"ListItem\",\"position\":2,\"name\":\"\u017dymiausios Europos Meil\u0117s Legendos\"}]},{\"@type\":\"WebSite\",\"@id\":\"https:\\\/\\\/slaptameile.lt\\\/#website\",\"url\":\"https:\\\/\\\/slaptameile.lt\\\/\",\"name\":\"Slapta Meil\u0117\",\"description\":\"\",\"publisher\":{\"@id\":\"https:\\\/\\\/slaptameile.lt\\\/#organization\"},\"potentialAction\":[{\"@type\":\"SearchAction\",\"target\":{\"@type\":\"EntryPoint\",\"urlTemplate\":\"https:\\\/\\\/slaptameile.lt\\\/?s={search_term_string}\"},\"query-input\":{\"@type\":\"PropertyValueSpecification\",\"valueRequired\":true,\"valueName\":\"search_term_string\"}}],\"inLanguage\":\"en-US\"},{\"@type\":\"Organization\",\"@id\":\"https:\\\/\\\/slaptameile.lt\\\/#organization\",\"name\":\"Slapta Meil\u0117\",\"url\":\"https:\\\/\\\/slaptameile.lt\\\/\",\"logo\":{\"@type\":\"ImageObject\",\"inLanguage\":\"en-US\",\"@id\":\"https:\\\/\\\/slaptameile.lt\\\/#\\\/schema\\\/logo\\\/image\\\/\",\"url\":\"https:\\\/\\\/slaptameile.lt\\\/wp-content\\\/uploads\\\/2026\\\/04\\\/sm-logo.jpg\",\"contentUrl\":\"https:\\\/\\\/slaptameile.lt\\\/wp-content\\\/uploads\\\/2026\\\/04\\\/sm-logo.jpg\",\"width\":810,\"height\":380,\"caption\":\"Slapta Meil\u0117\"},\"image\":{\"@id\":\"https:\\\/\\\/slaptameile.lt\\\/#\\\/schema\\\/logo\\\/image\\\/\"},\"sameAs\":[\"https:\\\/\\\/www.facebook.com\\\/SlaptaMeileBarbora\",\"https:\\\/\\\/www.instagram.com\\\/slaptameile\",\"https:\\\/\\\/www.tiktok.com\\\/@slaptameile1\"]}]}<\/script>\n<!-- \/ Yoast SEO plugin. -->","yoast_head_json":{"title":"\u017dymiausios Europos Meil\u0117s Legendos - Slapta Meil\u0117","robots":{"index":"index","follow":"follow","max-snippet":"max-snippet:-1","max-image-preview":"max-image-preview:large","max-video-preview":"max-video-preview:-1"},"canonical":"https:\/\/slaptameile.lt\/en\/legendos\/","og_locale":"en_US","og_type":"article","og_title":"\u017dymiausios Europos Meil\u0117s Legendos - Slapta Meil\u0117","og_description":"Dalinam\u0117s legendomis i\u0161 viso pasaulio, kuri\u0173 istorijos apie aistringus jausmus ir likimo i\u0161bandymus da\u017enai primena Barboros Radvilait\u0117s ir \u017dygimanto Augusto meil\u0117s legend\u0105. Kiekvienas pasakojimas kvie\u010dia pa\u017einti \u017emones, vietas ir sprendimus, kurie formuoja kult\u016brin\u0119 atmint\u012f ir iki \u0161iol sujaudina \u0161irdis.","og_url":"https:\/\/slaptameile.lt\/en\/legendos\/","og_site_name":"Slapta Meil\u0117","article_publisher":"https:\/\/www.facebook.com\/SlaptaMeileBarbora","article_modified_time":"2026-02-01T21:47:37+00:00","twitter_card":"summary_large_image","schema":{"@context":"https:\/\/schema.org","@graph":[{"@type":"WebPage","@id":"https:\/\/slaptameile.lt\/legendos\/","url":"https:\/\/slaptameile.lt\/legendos\/","name":"\u017dymiausios Europos Meil\u0117s Legendos - Slapta Meil\u0117","isPartOf":{"@id":"https:\/\/slaptameile.lt\/#website"},"datePublished":"2026-01-15T21:31:41+00:00","dateModified":"2026-02-01T21:47:37+00:00","breadcrumb":{"@id":"https:\/\/slaptameile.lt\/legendos\/#breadcrumb"},"inLanguage":"en-US","potentialAction":[{"@type":"ReadAction","target":["https:\/\/slaptameile.lt\/legendos\/"]}]},{"@type":"BreadcrumbList","@id":"https:\/\/slaptameile.lt\/legendos\/#breadcrumb","itemListElement":[{"@type":"ListItem","position":1,"name":"Home","item":"https:\/\/slaptameile.lt\/"},{"@type":"ListItem","position":2,"name":"\u017dymiausios Europos Meil\u0117s Legendos"}]},{"@type":"WebSite","@id":"https:\/\/slaptameile.lt\/#website","url":"https:\/\/slaptameile.lt\/","name":"Secret Love","description":"","publisher":{"@id":"https:\/\/slaptameile.lt\/#organization"},"potentialAction":[{"@type":"SearchAction","target":{"@type":"EntryPoint","urlTemplate":"https:\/\/slaptameile.lt\/?s={search_term_string}"},"query-input":{"@type":"PropertyValueSpecification","valueRequired":true,"valueName":"search_term_string"}}],"inLanguage":"en-US"},{"@type":"Organization","@id":"https:\/\/slaptameile.lt\/#organization","name":"Secret Love","url":"https:\/\/slaptameile.lt\/","logo":{"@type":"ImageObject","inLanguage":"en-US","@id":"https:\/\/slaptameile.lt\/#\/schema\/logo\/image\/","url":"https:\/\/slaptameile.lt\/wp-content\/uploads\/2026\/04\/sm-logo.jpg","contentUrl":"https:\/\/slaptameile.lt\/wp-content\/uploads\/2026\/04\/sm-logo.jpg","width":810,"height":380,"caption":"Slapta Meil\u0117"},"image":{"@id":"https:\/\/slaptameile.lt\/#\/schema\/logo\/image\/"},"sameAs":["https:\/\/www.facebook.com\/SlaptaMeileBarbora","https:\/\/www.instagram.com\/slaptameile","https:\/\/www.tiktok.com\/@slaptameile1"]}]}},"_links":{"self":[{"href":"https:\/\/slaptameile.lt\/en\/wp-json\/wp\/v2\/pages\/1929","targetHints":{"allow":["GET"]}}],"collection":[{"href":"https:\/\/slaptameile.lt\/en\/wp-json\/wp\/v2\/pages"}],"about":[{"href":"https:\/\/slaptameile.lt\/en\/wp-json\/wp\/v2\/types\/page"}],"author":[{"embeddable":true,"href":"https:\/\/slaptameile.lt\/en\/wp-json\/wp\/v2\/users\/1"}],"replies":[{"embeddable":true,"href":"https:\/\/slaptameile.lt\/en\/wp-json\/wp\/v2\/comments?post=1929"}],"version-history":[{"count":6,"href":"https:\/\/slaptameile.lt\/en\/wp-json\/wp\/v2\/pages\/1929\/revisions"}],"predecessor-version":[{"id":2436,"href":"https:\/\/slaptameile.lt\/en\/wp-json\/wp\/v2\/pages\/1929\/revisions\/2436"}],"wp:attachment":[{"href":"https:\/\/slaptameile.lt\/en\/wp-json\/wp\/v2\/media?parent=1929"}],"curies":[{"name":"wp","href":"https:\/\/api.w.org\/{rel}","templated":true}]}}